{"id":14033,"date":"2022-01-04T19:23:34","date_gmt":"2022-01-04T18:23:34","guid":{"rendered":"https:\/\/animalslove.pl\/lieferung\/"},"modified":"2023-09-08T12:19:22","modified_gmt":"2023-09-08T10:19:22","slug":"lieferung","status":"publish","type":"page","link":"https:\/\/animalslove.pl\/de\/lieferung\/","title":{"rendered":"Lieferung"},"content":{"rendered":"\n<h2 class=\"wp-block-heading\">Der Prozess der Warenbestellung<\/h2>\n\n<ul class=\"wp-block-list\">\n<li>Nachdem Sie den Artikel in Ihrem Warenkorb ausgew\u00e4hlt haben, k\u00f6nnen Sie mit dem Einkauf fortfahren oder zur Kasse gehen.<\/li>\n\n\n\n<li>Bitte geben Sie Ihre Lieferadresse und etwaige Anmerkungen zu Ihrer Bestellung an.<\/li>\n\n\n\n<li>W\u00e4hlen Sie eine Versandart und \u00fcberweisen Sie auf unser Bankkonto.<\/li>\n\n\n\n<li>Nach dem Kauf wird eine Bestellbest\u00e4tigung an Ihre E-Mail-Adresse gesendet.<\/li>\n\n\n\n<li>Der Verk\u00e4ufer verpflichtet sich, die Ware mangelfrei zu liefern.<\/li>\n\n\n\n<li>Die Bearbeitungszeit der Bestellung betr\u00e4gt 1-2 Werktage.<\/li>\n\n\n\n<li>Wenn der K\u00e4ufer die Zahlungsart \u201e\u00dcberweisung\u201c gew\u00e4hlt hat, wird der Verk\u00e4ufer die Bestellung bearbeiten, nachdem der Betrag auf das Konto \u00fcberwiesen wurde.<\/li>\n\n\n\n<li>Die Lieferung der Ware erfolgt innerhalb und au\u00dferhalb des Hoheitsgebiets der Republik Polen.<\/li>\n\n\n\n<li>Der Verk\u00e4ufer liefert die Ware an den Besteller auf die von ihm gew\u00e4hlte Weise:<br\/>a) \u00fcber ein Kurierunternehmen<br\/>b) pers\u00f6nliche Sammlung<\/li>\n<\/ul>\n\n<ul class=\"wp-block-list\">\n<li>Der Besteller kann die Ware w\u00e4hrend der Laden\u00f6ffnungszeiten pers\u00f6nlich abholen.<\/li>\n\n\n\n<li>Der Verk\u00e4ufer verpflichtet sich, die Ware innerhalb der vom Besteller in der Bestellung angegebenen Frist zu versenden.<\/li>\n<\/ul>\n\n<h2 class=\"wp-block-heading\">Lieferzeit<\/h2>\n\n<p>Wir bem\u00fchen uns, unseren Kunden den bestm\u00f6glichen Service zu bieten, sodass Ihr Paket innerhalb der n\u00e4chsten 2 Werktage bei Ihnen eintrifft.<\/p>\n\n<p>Die Lieferzeit wird bei Bestellungen vor 14:00 Uhr ab dem Tag der Bestellung gerechnet, bei Bestellungen nach 14:00 Uhr ab dem n\u00e4chsten Tag. Bei Zahlung per Bank\u00fcberweisung beginnt die Lieferzeit mit dem Datum des Zahlungseingangs.<\/p>\n\n<p>Die Lieferzeiten k\u00f6nnen je nach Wochentag, an dem die Bestellung aufgegeben wird, variieren. Die maximale Lieferzeit betr\u00e4gt 3 Werktage. F\u00e4llt der voraussichtliche Liefertermin auf einen Samstag, Sonntag oder Feiertag, erfolgt die Lieferung am n\u00e4chsten Werktag.<\/p>\n\n<h2 class=\"wp-block-heading\">Versandkosten<\/h2>\n\n<p>Wenn der Wert Ihrer Bestellung 199 PLN \u00fcbersteigt, erhalten Sie Ihr Paket ohne Versandkosten! In anderen F\u00e4llen betragen die Kurierkosten min. 15 PLN.<\/p>\n\n<p>Das maximale Gewicht jedes Pakets, das wir versenden k\u00f6nnen, betr\u00e4gt 31 kg. Bestellungen mit einem Gewicht \u00fcber 31 kg werden in 2 oder mehr Paketen (je nach Gewicht) versendet. F\u00fcr solche Bestellungen kann eine Bearbeitungsgeb\u00fchr erhoben werden, um die zus\u00e4tzlichen Kosten f\u00fcr das n\u00e4chste Paket abzudecken.<\/p>\n","protected":false},"excerpt":{"rendered":"<p>Der Prozess der Warenbestellung Lieferzeit Wir bem\u00fchen uns, unseren Kunden den bestm\u00f6glichen Service zu bieten, sodass Ihr Paket innerhalb der<\/p>\n","protected":false},"author":1,"featured_media":0,"parent":0,"menu_order":0,"comment_status":"closed","ping_status":"closed","template":"","meta":{"footnotes":""},"class_list":["post-14033","page","type-page","status-publish","hentry"],"yoast_head":"<!-- This site is optimized with the Yoast SEO plugin v27.4 - https:\/\/yoast.com\/product\/yoast-seo-wordpress\/ -->\n<title>Lieferung - AnimalsLove.pl - Shop - Zezowate Szcz\u0119\u015bcie - Franz\u00f6sische Bulldoggenzucht<\/title>\n<meta name=\"robots\" content=\"index, follow, max-snippet:-1, max-image-preview:large, max-video-preview:-1\" \/>\n<link rel=\"canonical\" href=\"https:\/\/animalslove.pl\/de\/lieferung\/\" \/>\n<meta property=\"og:locale\" content=\"de_DE\" \/>\n<meta property=\"og:type\" content=\"article\" \/>\n<meta property=\"og:title\" content=\"Lieferung - AnimalsLove.pl - Shop - Zezowate Szcz\u0119\u015bcie - Franz\u00f6sische Bulldoggenzucht\" \/>\n<meta property=\"og:description\" content=\"Der Prozess der Warenbestellung Lieferzeit Wir bem\u00fchen uns, unseren Kunden den bestm\u00f6glichen Service zu bieten, sodass Ihr Paket innerhalb der\" \/>\n<meta property=\"og:url\" content=\"https:\/\/animalslove.pl\/de\/lieferung\/\" \/>\n<meta property=\"og:site_name\" content=\"AnimalsLove.pl - Shop - Zezowate Szcz\u0119\u015bcie - Franz\u00f6sische Bulldoggenzucht\" \/>\n<meta property=\"article:modified_time\" content=\"2023-09-08T10:19:22+00:00\" \/>\n<meta name=\"twitter:card\" content=\"summary_large_image\" \/>\n<meta name=\"twitter:label1\" content=\"Gesch\u00e4tzte Lesezeit\" \/>\n\t<meta name=\"twitter:data1\" content=\"2\u00a0Minuten\" \/>\n<script type=\"application\/ld+json\" class=\"yoast-schema-graph\">{\"@context\":\"https:\\\/\\\/schema.org\",\"@graph\":[{\"@type\":\"WebPage\",\"@id\":\"https:\\\/\\\/animalslove.pl\\\/de\\\/lieferung\\\/\",\"url\":\"https:\\\/\\\/animalslove.pl\\\/de\\\/lieferung\\\/\",\"name\":\"Lieferung - AnimalsLove.pl - Shop - Zezowate Szcz\u0119\u015bcie - Franz\u00f6sische Bulldoggenzucht\",\"isPartOf\":{\"@id\":\"https:\\\/\\\/animalslove.pl\\\/de\\\/#website\"},\"datePublished\":\"2022-01-04T18:23:34+00:00\",\"dateModified\":\"2023-09-08T10:19:22+00:00\",\"breadcrumb\":{\"@id\":\"https:\\\/\\\/animalslove.pl\\\/de\\\/lieferung\\\/#breadcrumb\"},\"inLanguage\":\"de\",\"potentialAction\":[{\"@type\":\"ReadAction\",\"target\":[\"https:\\\/\\\/animalslove.pl\\\/de\\\/lieferung\\\/\"]}]},{\"@type\":\"BreadcrumbList\",\"@id\":\"https:\\\/\\\/animalslove.pl\\\/de\\\/lieferung\\\/#breadcrumb\",\"itemListElement\":[{\"@type\":\"ListItem\",\"position\":1,\"name\":\"Home\",\"item\":\"https:\\\/\\\/animalslove.pl\\\/de\\\/home-coffee\\\/\"},{\"@type\":\"ListItem\",\"position\":2,\"name\":\"Lieferung\"}]},{\"@type\":\"WebSite\",\"@id\":\"https:\\\/\\\/animalslove.pl\\\/de\\\/#website\",\"url\":\"https:\\\/\\\/animalslove.pl\\\/de\\\/\",\"name\":\"AnimalsLove.pl - Shop - Zezowate Szcz\u0119\u015bcie - Franz\u00f6sische Bulldoggenzucht\",\"description\":\"Franz\u00f6sische Bulldoggen. Shop mit Zubeh\u00f6r f\u00fcr Hunde und Katzen. Kosmetik f\u00fcr Tiere. Schielendes \\\"Zezowate Szcz\u0119\u015bcie\\\".\",\"potentialAction\":[{\"@type\":\"SearchAction\",\"target\":{\"@type\":\"EntryPoint\",\"urlTemplate\":\"https:\\\/\\\/animalslove.pl\\\/de\\\/?s={search_term_string}\"},\"query-input\":{\"@type\":\"PropertyValueSpecification\",\"valueRequired\":true,\"valueName\":\"search_term_string\"}}],\"inLanguage\":\"de\"}]}<\/script>\n<!-- \/ Yoast SEO plugin. -->","yoast_head_json":{"title":"Lieferung - AnimalsLove.pl - Shop - Zezowate Szcz\u0119\u015bcie - Franz\u00f6sische Bulldoggenzucht","robots":{"index":"index","follow":"follow","max-snippet":"max-snippet:-1","max-image-preview":"max-image-preview:large","max-video-preview":"max-video-preview:-1"},"canonical":"https:\/\/animalslove.pl\/de\/lieferung\/","og_locale":"de_DE","og_type":"article","og_title":"Lieferung - AnimalsLove.pl - Shop - Zezowate Szcz\u0119\u015bcie - Franz\u00f6sische Bulldoggenzucht","og_description":"Der Prozess der Warenbestellung Lieferzeit Wir bem\u00fchen uns, unseren Kunden den bestm\u00f6glichen Service zu bieten, sodass Ihr Paket innerhalb der","og_url":"https:\/\/animalslove.pl\/de\/lieferung\/","og_site_name":"AnimalsLove.pl - Shop - Zezowate Szcz\u0119\u015bcie - Franz\u00f6sische Bulldoggenzucht","article_modified_time":"2023-09-08T10:19:22+00:00","twitter_card":"summary_large_image","twitter_misc":{"Gesch\u00e4tzte Lesezeit":"2\u00a0Minuten"},"schema":{"@context":"https:\/\/schema.org","@graph":[{"@type":"WebPage","@id":"https:\/\/animalslove.pl\/de\/lieferung\/","url":"https:\/\/animalslove.pl\/de\/lieferung\/","name":"Lieferung - AnimalsLove.pl - Shop - Zezowate Szcz\u0119\u015bcie - Franz\u00f6sische Bulldoggenzucht","isPartOf":{"@id":"https:\/\/animalslove.pl\/de\/#website"},"datePublished":"2022-01-04T18:23:34+00:00","dateModified":"2023-09-08T10:19:22+00:00","breadcrumb":{"@id":"https:\/\/animalslove.pl\/de\/lieferung\/#breadcrumb"},"inLanguage":"de","potentialAction":[{"@type":"ReadAction","target":["https:\/\/animalslove.pl\/de\/lieferung\/"]}]},{"@type":"BreadcrumbList","@id":"https:\/\/animalslove.pl\/de\/lieferung\/#breadcrumb","itemListElement":[{"@type":"ListItem","position":1,"name":"Home","item":"https:\/\/animalslove.pl\/de\/home-coffee\/"},{"@type":"ListItem","position":2,"name":"Lieferung"}]},{"@type":"WebSite","@id":"https:\/\/animalslove.pl\/de\/#website","url":"https:\/\/animalslove.pl\/de\/","name":"AnimalsLove.pl - Shop - Zezowate Szcz\u0119\u015bcie - Franz\u00f6sische Bulldoggenzucht","description":"Franz\u00f6sische Bulldoggen. Shop mit Zubeh\u00f6r f\u00fcr Hunde und Katzen. Kosmetik f\u00fcr Tiere. Schielendes \"Zezowate Szcz\u0119\u015bcie\".","potentialAction":[{"@type":"SearchAction","target":{"@type":"EntryPoint","urlTemplate":"https:\/\/animalslove.pl\/de\/?s={search_term_string}"},"query-input":{"@type":"PropertyValueSpecification","valueRequired":true,"valueName":"search_term_string"}}],"inLanguage":"de"}]}},"_links":{"self":[{"href":"https:\/\/animalslove.pl\/de\/wp-json\/wp\/v2\/pages\/14033","targetHints":{"allow":["GET"]}}],"collection":[{"href":"https:\/\/animalslove.pl\/de\/wp-json\/wp\/v2\/pages"}],"about":[{"href":"https:\/\/animalslove.pl\/de\/wp-json\/wp\/v2\/types\/page"}],"author":[{"embeddable":true,"href":"https:\/\/animalslove.pl\/de\/wp-json\/wp\/v2\/users\/1"}],"replies":[{"embeddable":true,"href":"https:\/\/animalslove.pl\/de\/wp-json\/wp\/v2\/comments?post=14033"}],"version-history":[{"count":1,"href":"https:\/\/animalslove.pl\/de\/wp-json\/wp\/v2\/pages\/14033\/revisions"}],"predecessor-version":[{"id":14034,"href":"https:\/\/animalslove.pl\/de\/wp-json\/wp\/v2\/pages\/14033\/revisions\/14034"}],"wp:attachment":[{"href":"https:\/\/animalslove.pl\/de\/wp-json\/wp\/v2\/media?parent=14033"}],"curies":[{"name":"wp","href":"https:\/\/api.w.org\/{rel}","templated":true}]}}