{"id":14050,"date":"2022-01-04T19:24:05","date_gmt":"2022-01-04T18:24:05","guid":{"rendered":"https:\/\/animalslove.pl\/ruecktritt-vom-vertrag-rueckgabe-der-ware\/"},"modified":"2023-09-08T13:58:24","modified_gmt":"2023-09-08T11:58:24","slug":"ruecktritt-vom-vertrag-rueckgabe-der-ware","status":"publish","type":"page","link":"https:\/\/animalslove.pl\/de\/ruecktritt-vom-vertrag-rueckgabe-der-ware\/","title":{"rendered":"R\u00fccktritt vom Vertrag (R\u00fcckgabe der Ware)"},"content":{"rendered":"\n<p><strong>Informationen \u00fcber das Widerrufsrecht bei einem Fernabsatzvertrag<\/strong><\/p>\n\n<p>Als Verbraucher haben Sie das Recht, einen im Online-Shop geschlossenen Vertrag innerhalb von 14 Tagen ohne Angabe von Gr\u00fcnden zu widerrufen. Die Widerrufsfrist betr\u00e4gt 14 Tage ab dem Tag, an dem Sie die Waren in Besitz genommen haben oder an dem ein von Ihnen benannter Dritter, der nicht der Bef\u00f6rderer ist, die Waren in Besitz genommen hat. Um Ihr Widerrufsrecht auszu\u00fcben, m\u00fcssen Sie uns mittels einer eindeutigen Erkl\u00e4rung (z. B. ein mit der Post versandter Brief oder E-Mail) \u00fcber Ihren Entschluss, diesen Vertrag zu widerrufen, informieren. Sie k\u00f6nnen z. B. die Anweisung senden:<\/p>\n\n<ul class=\"wp-block-list\">\n<li>schriftlich an die folgende Adresse F.H.U.P Andrzej Mo\u0107ko, Zawoja Przys\u0142op, 34-222 Zawoja;<\/li>\n\n\n\n<li>elektronisch per E-Mail an: kontakt@animalslove.pl;<\/li>\n<\/ul>\n\n<p>Ein Muster-Widerrufsformular ist in Anhang 2 des Gesetzes \u00fcber die Rechte der Verbraucher enthalten und wird zus\u00e4tzlich den Regeln des Online-Shops beigef\u00fcgt. Sie k\u00f6nnen daf\u00fcr <a href=\"https:\/\/animalslove.pl\/wp-content\/uploads\/2022\/03\/Formularz-odstapienia-od-umowy.pdf\" target=\"_blank\" rel=\"noreferrer noopener\">das Muster-Widerrufsformular<\/a> verwenden, das jedoch nicht vorgeschrieben ist.<\/p>\n\n<p>Zur Wahrung der Widerrufsfrist reicht es aus, dass Sie Ihre Mitteilung \u00fcber die Aus\u00fcbung des Widerrufsrechts vor Ablauf der Widerrufsfrist absenden.<\/p>\n\n<p>Wenn Sie diesen Vertrag widerrufen, haben wir Ihnen alle Zahlungen, die wir von Ihnen erhalten haben, einschlie\u00dflich der Lieferkosten (mit Ausnahme der zus\u00e4tzlichen Kosten, die sich daraus ergeben, dass Sie eine andere Art der Lieferung als die von uns angebotene, g\u00fcnstigste Standardlieferung gew\u00e4hlt haben), unverz\u00fcglich und sp\u00e4testens binnen 14 Tagen ab dem Tag zur\u00fcckzuzahlen, an dem die Mitteilung \u00fcber Ihren Entschluss, diesen Vertrag zu widerrufen, bei uns eingegangen ist. F\u00fcr diese R\u00fcckzahlung verwenden wir dasselbe Zahlungsmittel, das Sie bei der urspr\u00fcnglichen Transaktion eingesetzt haben, es sei denn, mit Ihnen wurde ausdr\u00fccklich etwas anderes vereinbart; in keinem Fall werden Ihnen wegen dieser R\u00fcckzahlung Entgelte berechnet. Wir k\u00f6nnen die Erstattung zur\u00fcckhalten, bis Sie den Artikel erhalten haben oder bis Sie uns einen Nachweis \u00fcber die R\u00fccksendung vorlegen, je nachdem, welches Ereignis zuerst eintritt.<\/p>\n\n<p>Wenn Sie die gekaufte Sache erhalten haben, senden Sie sie bitte zur\u00fcck oder \u00fcbergeben Sie sie uns an die Adresse: Zawoja Przys\u0142op, 34-222 Zawoja, unverz\u00fcglich und in jedem Fall sp\u00e4testens binnen 14 Tagen ab dem Tag, an dem Sie uns \u00fcber den Widerruf dieses Vertrages unterrichten. Die Frist ist gewahrt, wenn Sie die Waren vor Ablauf der 14-Tage-Frist zur\u00fccksenden. Sie tragen die unmittelbaren Kosten der R\u00fccksendung der Waren. Sie haften nur f\u00fcr eine etwaige Wertminderung der Sache, die auf einen zur Pr\u00fcfung der Beschaffenheit, Eigenschaften und Funktionsweise der Sache nicht notwendigen Umgang mit ihr zur\u00fcckzuf\u00fchren ist.<\/p>\n\n<p>Die in dieser Mitteilung enthaltenen Verbraucherbestimmungen gelten ab dem 1. Januar 2021. und bei Vertr\u00e4gen, die ab diesem Zeitpunkt geschlossen werden, auch f\u00fcr einen K\u00e4ufer, der eine nat\u00fcrliche Person ist, die einen Vertrag abschlie\u00dft, der in unmittelbarem Zusammenhang mit ihrer Gesch\u00e4ftst\u00e4tigkeit steht, wenn sich aus dem Inhalt dieses Vertrags ergibt, dass er f\u00fcr diese Person nicht beruflicher Natur ist, insbesondere durch Bezugnahme auf den Gegenstand der von dieser Person ausge\u00fcbten Gesch\u00e4ftst\u00e4tigkeit, wie sie auf der Grundlage der Bestimmungen des Zentralregisters und der Informationen \u00fcber die Gesch\u00e4ftst\u00e4tigkeit zur Verf\u00fcgung gestellt wird.<\/p>\n","protected":false},"excerpt":{"rendered":"<p>Informationen \u00fcber das Widerrufsrecht bei einem Fernabsatzvertrag Als Verbraucher haben Sie das Recht, einen im Online-Shop geschlossenen Vertrag innerhalb von<\/p>\n","protected":false},"author":1,"featured_media":0,"parent":0,"menu_order":0,"comment_status":"closed","ping_status":"closed","template":"","meta":{"footnotes":""},"class_list":["post-14050","page","type-page","status-publish","hentry"],"yoast_head":"<!-- This site is optimized with the Yoast SEO plugin v27.4 - https:\/\/yoast.com\/product\/yoast-seo-wordpress\/ -->\n<title>R\u00fccktritt vom Vertrag (R\u00fcckgabe der Ware) - AnimalsLove.pl - Shop - Zezowate Szcz\u0119\u015bcie - Franz\u00f6sische Bulldoggenzucht<\/title>\n<meta name=\"robots\" content=\"index, follow, max-snippet:-1, max-image-preview:large, max-video-preview:-1\" \/>\n<link rel=\"canonical\" href=\"https:\/\/animalslove.pl\/de\/ruecktritt-vom-vertrag-rueckgabe-der-ware\/\" \/>\n<meta property=\"og:locale\" content=\"de_DE\" \/>\n<meta property=\"og:type\" content=\"article\" \/>\n<meta property=\"og:title\" content=\"R\u00fccktritt vom Vertrag (R\u00fcckgabe der Ware) - AnimalsLove.pl - Shop - Zezowate Szcz\u0119\u015bcie - Franz\u00f6sische Bulldoggenzucht\" \/>\n<meta property=\"og:description\" content=\"Informationen \u00fcber das Widerrufsrecht bei einem Fernabsatzvertrag Als Verbraucher haben Sie das Recht, einen im Online-Shop geschlossenen Vertrag innerhalb von\" \/>\n<meta property=\"og:url\" content=\"https:\/\/animalslove.pl\/de\/ruecktritt-vom-vertrag-rueckgabe-der-ware\/\" \/>\n<meta property=\"og:site_name\" content=\"AnimalsLove.pl - Shop - Zezowate Szcz\u0119\u015bcie - Franz\u00f6sische Bulldoggenzucht\" \/>\n<meta property=\"article:modified_time\" content=\"2023-09-08T11:58:24+00:00\" \/>\n<meta name=\"twitter:card\" content=\"summary_large_image\" \/>\n<meta name=\"twitter:label1\" content=\"Gesch\u00e4tzte Lesezeit\" \/>\n\t<meta name=\"twitter:data1\" content=\"3\u00a0Minuten\" \/>\n<script type=\"application\/ld+json\" class=\"yoast-schema-graph\">{\"@context\":\"https:\\\/\\\/schema.org\",\"@graph\":[{\"@type\":\"WebPage\",\"@id\":\"https:\\\/\\\/animalslove.pl\\\/de\\\/ruecktritt-vom-vertrag-rueckgabe-der-ware\\\/\",\"url\":\"https:\\\/\\\/animalslove.pl\\\/de\\\/ruecktritt-vom-vertrag-rueckgabe-der-ware\\\/\",\"name\":\"R\u00fccktritt vom Vertrag (R\u00fcckgabe der Ware) - AnimalsLove.pl - Shop - Zezowate Szcz\u0119\u015bcie - Franz\u00f6sische Bulldoggenzucht\",\"isPartOf\":{\"@id\":\"https:\\\/\\\/animalslove.pl\\\/de\\\/#website\"},\"datePublished\":\"2022-01-04T18:24:05+00:00\",\"dateModified\":\"2023-09-08T11:58:24+00:00\",\"breadcrumb\":{\"@id\":\"https:\\\/\\\/animalslove.pl\\\/de\\\/ruecktritt-vom-vertrag-rueckgabe-der-ware\\\/#breadcrumb\"},\"inLanguage\":\"de\",\"potentialAction\":[{\"@type\":\"ReadAction\",\"target\":[\"https:\\\/\\\/animalslove.pl\\\/de\\\/ruecktritt-vom-vertrag-rueckgabe-der-ware\\\/\"]}]},{\"@type\":\"BreadcrumbList\",\"@id\":\"https:\\\/\\\/animalslove.pl\\\/de\\\/ruecktritt-vom-vertrag-rueckgabe-der-ware\\\/#breadcrumb\",\"itemListElement\":[{\"@type\":\"ListItem\",\"position\":1,\"name\":\"Home\",\"item\":\"https:\\\/\\\/animalslove.pl\\\/de\\\/home-coffee\\\/\"},{\"@type\":\"ListItem\",\"position\":2,\"name\":\"R\u00fccktritt vom Vertrag (R\u00fcckgabe der Ware)\"}]},{\"@type\":\"WebSite\",\"@id\":\"https:\\\/\\\/animalslove.pl\\\/de\\\/#website\",\"url\":\"https:\\\/\\\/animalslove.pl\\\/de\\\/\",\"name\":\"AnimalsLove.pl - Shop - Zezowate Szcz\u0119\u015bcie - Franz\u00f6sische Bulldoggenzucht\",\"description\":\"Franz\u00f6sische Bulldoggen. Shop mit Zubeh\u00f6r f\u00fcr Hunde und Katzen. Kosmetik f\u00fcr Tiere. Schielendes \\\"Zezowate Szcz\u0119\u015bcie\\\".\",\"potentialAction\":[{\"@type\":\"SearchAction\",\"target\":{\"@type\":\"EntryPoint\",\"urlTemplate\":\"https:\\\/\\\/animalslove.pl\\\/de\\\/?s={search_term_string}\"},\"query-input\":{\"@type\":\"PropertyValueSpecification\",\"valueRequired\":true,\"valueName\":\"search_term_string\"}}],\"inLanguage\":\"de\"}]}<\/script>\n<!-- \/ Yoast SEO plugin. -->","yoast_head_json":{"title":"R\u00fccktritt vom Vertrag (R\u00fcckgabe der Ware) - AnimalsLove.pl - Shop - Zezowate Szcz\u0119\u015bcie - Franz\u00f6sische Bulldoggenzucht","robots":{"index":"index","follow":"follow","max-snippet":"max-snippet:-1","max-image-preview":"max-image-preview:large","max-video-preview":"max-video-preview:-1"},"canonical":"https:\/\/animalslove.pl\/de\/ruecktritt-vom-vertrag-rueckgabe-der-ware\/","og_locale":"de_DE","og_type":"article","og_title":"R\u00fccktritt vom Vertrag (R\u00fcckgabe der Ware) - AnimalsLove.pl - Shop - Zezowate Szcz\u0119\u015bcie - Franz\u00f6sische Bulldoggenzucht","og_description":"Informationen \u00fcber das Widerrufsrecht bei einem Fernabsatzvertrag Als Verbraucher haben Sie das Recht, einen im Online-Shop geschlossenen Vertrag innerhalb von","og_url":"https:\/\/animalslove.pl\/de\/ruecktritt-vom-vertrag-rueckgabe-der-ware\/","og_site_name":"AnimalsLove.pl - Shop - Zezowate Szcz\u0119\u015bcie - Franz\u00f6sische Bulldoggenzucht","article_modified_time":"2023-09-08T11:58:24+00:00","twitter_card":"summary_large_image","twitter_misc":{"Gesch\u00e4tzte Lesezeit":"3\u00a0Minuten"},"schema":{"@context":"https:\/\/schema.org","@graph":[{"@type":"WebPage","@id":"https:\/\/animalslove.pl\/de\/ruecktritt-vom-vertrag-rueckgabe-der-ware\/","url":"https:\/\/animalslove.pl\/de\/ruecktritt-vom-vertrag-rueckgabe-der-ware\/","name":"R\u00fccktritt vom Vertrag (R\u00fcckgabe der Ware) - AnimalsLove.pl - Shop - Zezowate Szcz\u0119\u015bcie - Franz\u00f6sische Bulldoggenzucht","isPartOf":{"@id":"https:\/\/animalslove.pl\/de\/#website"},"datePublished":"2022-01-04T18:24:05+00:00","dateModified":"2023-09-08T11:58:24+00:00","breadcrumb":{"@id":"https:\/\/animalslove.pl\/de\/ruecktritt-vom-vertrag-rueckgabe-der-ware\/#breadcrumb"},"inLanguage":"de","potentialAction":[{"@type":"ReadAction","target":["https:\/\/animalslove.pl\/de\/ruecktritt-vom-vertrag-rueckgabe-der-ware\/"]}]},{"@type":"BreadcrumbList","@id":"https:\/\/animalslove.pl\/de\/ruecktritt-vom-vertrag-rueckgabe-der-ware\/#breadcrumb","itemListElement":[{"@type":"ListItem","position":1,"name":"Home","item":"https:\/\/animalslove.pl\/de\/home-coffee\/"},{"@type":"ListItem","position":2,"name":"R\u00fccktritt vom Vertrag (R\u00fcckgabe der Ware)"}]},{"@type":"WebSite","@id":"https:\/\/animalslove.pl\/de\/#website","url":"https:\/\/animalslove.pl\/de\/","name":"AnimalsLove.pl - Shop - Zezowate Szcz\u0119\u015bcie - Franz\u00f6sische Bulldoggenzucht","description":"Franz\u00f6sische Bulldoggen. Shop mit Zubeh\u00f6r f\u00fcr Hunde und Katzen. Kosmetik f\u00fcr Tiere. Schielendes \"Zezowate Szcz\u0119\u015bcie\".","potentialAction":[{"@type":"SearchAction","target":{"@type":"EntryPoint","urlTemplate":"https:\/\/animalslove.pl\/de\/?s={search_term_string}"},"query-input":{"@type":"PropertyValueSpecification","valueRequired":true,"valueName":"search_term_string"}}],"inLanguage":"de"}]}},"_links":{"self":[{"href":"https:\/\/animalslove.pl\/de\/wp-json\/wp\/v2\/pages\/14050","targetHints":{"allow":["GET"]}}],"collection":[{"href":"https:\/\/animalslove.pl\/de\/wp-json\/wp\/v2\/pages"}],"about":[{"href":"https:\/\/animalslove.pl\/de\/wp-json\/wp\/v2\/types\/page"}],"author":[{"embeddable":true,"href":"https:\/\/animalslove.pl\/de\/wp-json\/wp\/v2\/users\/1"}],"replies":[{"embeddable":true,"href":"https:\/\/animalslove.pl\/de\/wp-json\/wp\/v2\/comments?post=14050"}],"version-history":[{"count":1,"href":"https:\/\/animalslove.pl\/de\/wp-json\/wp\/v2\/pages\/14050\/revisions"}],"predecessor-version":[{"id":14051,"href":"https:\/\/animalslove.pl\/de\/wp-json\/wp\/v2\/pages\/14050\/revisions\/14051"}],"wp:attachment":[{"href":"https:\/\/animalslove.pl\/de\/wp-json\/wp\/v2\/media?parent=14050"}],"curies":[{"name":"wp","href":"https:\/\/api.w.org\/{rel}","templated":true}]}}