{"id":9697,"date":"2021-11-08T16:46:49","date_gmt":"2021-11-08T15:46:49","guid":{"rendered":"https:\/\/animalslove.pl\/mein-account\/"},"modified":"2023-09-08T23:34:56","modified_gmt":"2023-09-08T21:34:56","slug":"mein-account","status":"publish","type":"page","link":"https:\/\/animalslove.pl\/de\/mein-account\/","title":{"rendered":"Mein Account"},"content":{"rendered":"<div class=\"woocommerce\"><\/div>\n","protected":false},"excerpt":{"rendered":"","protected":false},"author":1,"featured_media":0,"parent":0,"menu_order":0,"comment_status":"closed","ping_status":"closed","template":"","meta":{"footnotes":""},"class_list":["post-9697","page","type-page","status-publish","hentry"],"yoast_head":"<!-- This site is optimized with the Yoast SEO plugin v27.4 - https:\/\/yoast.com\/product\/yoast-seo-wordpress\/ -->\n<title>Mein Account - AnimalsLove.pl - Shop - Zezowate Szcz\u0119\u015bcie - Franz\u00f6sische Bulldoggenzucht<\/title>\n<meta name=\"robots\" content=\"index, follow, max-snippet:-1, max-image-preview:large, max-video-preview:-1\" \/>\n<link rel=\"canonical\" href=\"https:\/\/animalslove.pl\/de\/mein-account\/\" \/>\n<meta property=\"og:locale\" content=\"de_DE\" \/>\n<meta property=\"og:type\" content=\"article\" \/>\n<meta property=\"og:title\" content=\"Mein Account - AnimalsLove.pl - Shop - Zezowate Szcz\u0119\u015bcie - Franz\u00f6sische Bulldoggenzucht\" \/>\n<meta property=\"og:url\" content=\"https:\/\/animalslove.pl\/de\/mein-account\/\" \/>\n<meta property=\"og:site_name\" content=\"AnimalsLove.pl - Shop - Zezowate Szcz\u0119\u015bcie - Franz\u00f6sische Bulldoggenzucht\" \/>\n<meta property=\"article:modified_time\" content=\"2023-09-08T21:34:56+00:00\" \/>\n<meta name=\"twitter:card\" content=\"summary_large_image\" \/>\n<script type=\"application\/ld+json\" class=\"yoast-schema-graph\">{\"@context\":\"https:\\\/\\\/schema.org\",\"@graph\":[{\"@type\":\"WebPage\",\"@id\":\"https:\\\/\\\/animalslove.pl\\\/de\\\/mein-account\\\/\",\"url\":\"https:\\\/\\\/animalslove.pl\\\/de\\\/mein-account\\\/\",\"name\":\"Mein Account - AnimalsLove.pl - Shop - Zezowate Szcz\u0119\u015bcie - Franz\u00f6sische Bulldoggenzucht\",\"isPartOf\":{\"@id\":\"https:\\\/\\\/animalslove.pl\\\/de\\\/#website\"},\"datePublished\":\"2021-11-08T15:46:49+00:00\",\"dateModified\":\"2023-09-08T21:34:56+00:00\",\"breadcrumb\":{\"@id\":\"https:\\\/\\\/animalslove.pl\\\/de\\\/mein-account\\\/#breadcrumb\"},\"inLanguage\":\"de\",\"potentialAction\":[{\"@type\":\"ReadAction\",\"target\":[\"https:\\\/\\\/animalslove.pl\\\/de\\\/mein-account\\\/\"]}]},{\"@type\":\"BreadcrumbList\",\"@id\":\"https:\\\/\\\/animalslove.pl\\\/de\\\/mein-account\\\/#breadcrumb\",\"itemListElement\":[{\"@type\":\"ListItem\",\"position\":1,\"name\":\"Home\",\"item\":\"https:\\\/\\\/animalslove.pl\\\/de\\\/home-coffee\\\/\"},{\"@type\":\"ListItem\",\"position\":2,\"name\":\"Mein Account\"}]},{\"@type\":\"WebSite\",\"@id\":\"https:\\\/\\\/animalslove.pl\\\/de\\\/#website\",\"url\":\"https:\\\/\\\/animalslove.pl\\\/de\\\/\",\"name\":\"AnimalsLove.pl - Shop - Zezowate Szcz\u0119\u015bcie - Franz\u00f6sische Bulldoggenzucht\",\"description\":\"Franz\u00f6sische Bulldoggen. Shop mit Zubeh\u00f6r f\u00fcr Hunde und Katzen. Kosmetik f\u00fcr Tiere. Schielendes \\\"Zezowate Szcz\u0119\u015bcie\\\".\",\"potentialAction\":[{\"@type\":\"SearchAction\",\"target\":{\"@type\":\"EntryPoint\",\"urlTemplate\":\"https:\\\/\\\/animalslove.pl\\\/de\\\/?s={search_term_string}\"},\"query-input\":{\"@type\":\"PropertyValueSpecification\",\"valueRequired\":true,\"valueName\":\"search_term_string\"}}],\"inLanguage\":\"de\"}]}<\/script>\n<!-- \/ Yoast SEO plugin. -->","yoast_head_json":{"title":"Mein Account - AnimalsLove.pl - Shop - Zezowate Szcz\u0119\u015bcie - Franz\u00f6sische Bulldoggenzucht","robots":{"index":"index","follow":"follow","max-snippet":"max-snippet:-1","max-image-preview":"max-image-preview:large","max-video-preview":"max-video-preview:-1"},"canonical":"https:\/\/animalslove.pl\/de\/mein-account\/","og_locale":"de_DE","og_type":"article","og_title":"Mein Account - AnimalsLove.pl - Shop - Zezowate Szcz\u0119\u015bcie - Franz\u00f6sische Bulldoggenzucht","og_url":"https:\/\/animalslove.pl\/de\/mein-account\/","og_site_name":"AnimalsLove.pl - Shop - Zezowate Szcz\u0119\u015bcie - Franz\u00f6sische Bulldoggenzucht","article_modified_time":"2023-09-08T21:34:56+00:00","twitter_card":"summary_large_image","schema":{"@context":"https:\/\/schema.org","@graph":[{"@type":"WebPage","@id":"https:\/\/animalslove.pl\/de\/mein-account\/","url":"https:\/\/animalslove.pl\/de\/mein-account\/","name":"Mein Account - AnimalsLove.pl - Shop - Zezowate Szcz\u0119\u015bcie - Franz\u00f6sische Bulldoggenzucht","isPartOf":{"@id":"https:\/\/animalslove.pl\/de\/#website"},"datePublished":"2021-11-08T15:46:49+00:00","dateModified":"2023-09-08T21:34:56+00:00","breadcrumb":{"@id":"https:\/\/animalslove.pl\/de\/mein-account\/#breadcrumb"},"inLanguage":"de","potentialAction":[{"@type":"ReadAction","target":["https:\/\/animalslove.pl\/de\/mein-account\/"]}]},{"@type":"BreadcrumbList","@id":"https:\/\/animalslove.pl\/de\/mein-account\/#breadcrumb","itemListElement":[{"@type":"ListItem","position":1,"name":"Home","item":"https:\/\/animalslove.pl\/de\/home-coffee\/"},{"@type":"ListItem","position":2,"name":"Mein Account"}]},{"@type":"WebSite","@id":"https:\/\/animalslove.pl\/de\/#website","url":"https:\/\/animalslove.pl\/de\/","name":"AnimalsLove.pl - Shop - Zezowate Szcz\u0119\u015bcie - Franz\u00f6sische Bulldoggenzucht","description":"Franz\u00f6sische Bulldoggen. Shop mit Zubeh\u00f6r f\u00fcr Hunde und Katzen. Kosmetik f\u00fcr Tiere. Schielendes \"Zezowate Szcz\u0119\u015bcie\".","potentialAction":[{"@type":"SearchAction","target":{"@type":"EntryPoint","urlTemplate":"https:\/\/animalslove.pl\/de\/?s={search_term_string}"},"query-input":{"@type":"PropertyValueSpecification","valueRequired":true,"valueName":"search_term_string"}}],"inLanguage":"de"}]}},"_links":{"self":[{"href":"https:\/\/animalslove.pl\/de\/wp-json\/wp\/v2\/pages\/9697","targetHints":{"allow":["GET"]}}],"collection":[{"href":"https:\/\/animalslove.pl\/de\/wp-json\/wp\/v2\/pages"}],"about":[{"href":"https:\/\/animalslove.pl\/de\/wp-json\/wp\/v2\/types\/page"}],"author":[{"embeddable":true,"href":"https:\/\/animalslove.pl\/de\/wp-json\/wp\/v2\/users\/1"}],"replies":[{"embeddable":true,"href":"https:\/\/animalslove.pl\/de\/wp-json\/wp\/v2\/comments?post=9697"}],"version-history":[{"count":1,"href":"https:\/\/animalslove.pl\/de\/wp-json\/wp\/v2\/pages\/9697\/revisions"}],"predecessor-version":[{"id":14081,"href":"https:\/\/animalslove.pl\/de\/wp-json\/wp\/v2\/pages\/9697\/revisions\/14081"}],"wp:attachment":[{"href":"https:\/\/animalslove.pl\/de\/wp-json\/wp\/v2\/media?parent=9697"}],"curies":[{"name":"wp","href":"https:\/\/api.w.org\/{rel}","templated":true}]}}