{"id":13868,"date":"2022-01-24T21:15:34","date_gmt":"2022-01-24T20:15:34","guid":{"rendered":"https:\/\/animalslove.pl\/produkt\/zwei-phasen-tonikum\/"},"modified":"2023-09-06T19:55:47","modified_gmt":"2023-09-06T17:55:47","slug":"tonika-zwei-phasen","status":"publish","type":"product","link":"https:\/\/animalslove.pl\/de\/produkt\/tonika-zwei-phasen\/","title":{"rendered":"Zwei-Phasen-Tonikum"},"content":{"rendered":"<p>Ein wirksames Zwei-Phasen-Reinigungsmittel zur Entfernung von Falten und Rissen bei Hunden und Katzen. Dank seiner speziellen Formel und dem einzigartigen Pro-Comb Complex-Wirkstoffkomplex hilft es effektiv bei entz\u00fcndeten, ger\u00f6teten und gereizten Hautfalten, reinigt und pflegt die Augenpartie und mildert Reizungen der Hautoberfl\u00e4che um Nase und Augen. Das Produkt kann auch f\u00fcr die hygienische Reinigung von gesunden Tieren verwendet werden.<\/p>\n","protected":false},"excerpt":{"rendered":"<p>Ein wirksames Zwei-Phasen-Reinigungsmittel zur Entfernung von Falten und Rissen bei Hunden und Katzen. Dank seiner speziellen Formel und dem einzigartigen Pro-Comb Complex-Wirkstoffkomplex hilft es effektiv bei entz\u00fcndeten, ger\u00f6teten und gereizten Hautfalten, reinigt und pflegt die Augenpartie und mildert Reizungen der Hautoberfl\u00e4che um Nase und Augen. Das Produkt kann auch f\u00fcr die hygienische Reinigung von gesunden Tieren verwendet werden.<\/p>\n","protected":false},"featured_media":11887,"template":"","meta":[],"product_brand":[],"product_cat":[142],"product_tag":[],"class_list":{"0":"post-13868","1":"product","2":"type-product","3":"status-publish","4":"has-post-thumbnail","6":"product_cat-whizzopet-de","8":"first","9":"instock","10":"taxable","11":"shipping-taxable","12":"purchasable","13":"product-type-simple"},"yoast_head":"<!-- This site is optimized with the Yoast SEO plugin v27.4 - https:\/\/yoast.com\/product\/yoast-seo-wordpress\/ -->\n<title>Zwei-Phasen-Tonikum - AnimalsLove.pl - Shop - Zezowate Szcz\u0119\u015bcie - Franz\u00f6sische Bulldoggenzucht<\/title>\n<meta name=\"robots\" content=\"index, follow, max-snippet:-1, max-image-preview:large, max-video-preview:-1\" \/>\n<link rel=\"canonical\" href=\"https:\/\/animalslove.pl\/de\/produkt\/tonika-zwei-phasen\/\" \/>\n<meta property=\"og:locale\" content=\"de_DE\" \/>\n<meta property=\"og:type\" content=\"article\" \/>\n<meta property=\"og:title\" content=\"Zwei-Phasen-Tonikum - AnimalsLove.pl - Shop - Zezowate Szcz\u0119\u015bcie - Franz\u00f6sische Bulldoggenzucht\" \/>\n<meta property=\"og:description\" content=\"Ein wirksames Zwei-Phasen-Reinigungsmittel zur Entfernung von Falten und Rissen bei Hunden und Katzen. Dank seiner speziellen Formel und dem einzigartigen Pro-Comb Complex-Wirkstoffkomplex hilft es effektiv bei entz\u00fcndeten, ger\u00f6teten und gereizten Hautfalten, reinigt und pflegt die Augenpartie und mildert Reizungen der Hautoberfl\u00e4che um Nase und Augen. Das Produkt kann auch f\u00fcr die hygienische Reinigung von gesunden Tieren verwendet werden.\" \/>\n<meta property=\"og:url\" content=\"https:\/\/animalslove.pl\/de\/produkt\/tonika-zwei-phasen\/\" \/>\n<meta property=\"og:site_name\" content=\"AnimalsLove.pl - Shop - Zezowate Szcz\u0119\u015bcie - Franz\u00f6sische Bulldoggenzucht\" \/>\n<meta property=\"article:modified_time\" content=\"2023-09-06T17:55:47+00:00\" \/>\n<meta property=\"og:image\" content=\"https:\/\/animalslove.pl\/wp-content\/uploads\/2022\/01\/received_3054493484821613.jpeg\" \/>\n\t<meta property=\"og:image:width\" content=\"2048\" \/>\n\t<meta property=\"og:image:height\" content=\"2048\" \/>\n\t<meta property=\"og:image:type\" content=\"image\/jpeg\" \/>\n<meta name=\"twitter:card\" content=\"summary_large_image\" \/>\n<script type=\"application\/ld+json\" class=\"yoast-schema-graph\">{\"@context\":\"https:\\\/\\\/schema.org\",\"@graph\":[{\"@type\":\"WebPage\",\"@id\":\"https:\\\/\\\/animalslove.pl\\\/de\\\/produkt\\\/tonika-zwei-phasen\\\/\",\"url\":\"https:\\\/\\\/animalslove.pl\\\/de\\\/produkt\\\/tonika-zwei-phasen\\\/\",\"name\":\"Zwei-Phasen-Tonikum - AnimalsLove.pl - Shop - Zezowate Szcz\u0119\u015bcie - Franz\u00f6sische Bulldoggenzucht\",\"isPartOf\":{\"@id\":\"https:\\\/\\\/animalslove.pl\\\/de\\\/#website\"},\"primaryImageOfPage\":{\"@id\":\"https:\\\/\\\/animalslove.pl\\\/de\\\/produkt\\\/tonika-zwei-phasen\\\/#primaryimage\"},\"image\":{\"@id\":\"https:\\\/\\\/animalslove.pl\\\/de\\\/produkt\\\/tonika-zwei-phasen\\\/#primaryimage\"},\"thumbnailUrl\":\"https:\\\/\\\/animalslove.pl\\\/wp-content\\\/uploads\\\/2022\\\/01\\\/received_3054493484821613.jpeg\",\"datePublished\":\"2022-01-24T20:15:34+00:00\",\"dateModified\":\"2023-09-06T17:55:47+00:00\",\"breadcrumb\":{\"@id\":\"https:\\\/\\\/animalslove.pl\\\/de\\\/produkt\\\/tonika-zwei-phasen\\\/#breadcrumb\"},\"inLanguage\":\"de\",\"potentialAction\":[{\"@type\":\"ReadAction\",\"target\":[\"https:\\\/\\\/animalslove.pl\\\/de\\\/produkt\\\/tonika-zwei-phasen\\\/\"]}]},{\"@type\":\"ImageObject\",\"inLanguage\":\"de\",\"@id\":\"https:\\\/\\\/animalslove.pl\\\/de\\\/produkt\\\/tonika-zwei-phasen\\\/#primaryimage\",\"url\":\"https:\\\/\\\/animalslove.pl\\\/wp-content\\\/uploads\\\/2022\\\/01\\\/received_3054493484821613.jpeg\",\"contentUrl\":\"https:\\\/\\\/animalslove.pl\\\/wp-content\\\/uploads\\\/2022\\\/01\\\/received_3054493484821613.jpeg\",\"width\":2048,\"height\":2048},{\"@type\":\"BreadcrumbList\",\"@id\":\"https:\\\/\\\/animalslove.pl\\\/de\\\/produkt\\\/tonika-zwei-phasen\\\/#breadcrumb\",\"itemListElement\":[{\"@type\":\"ListItem\",\"position\":1,\"name\":\"Home\",\"item\":\"https:\\\/\\\/animalslove.pl\\\/de\\\/home-coffee\\\/\"},{\"@type\":\"ListItem\",\"position\":2,\"name\":\"Gesch\u00e4ft\",\"item\":\"https:\\\/\\\/animalslove.pl\\\/de\\\/geschaeft\\\/\"},{\"@type\":\"ListItem\",\"position\":3,\"name\":\"Zwei-Phasen-Tonikum\"}]},{\"@type\":\"WebSite\",\"@id\":\"https:\\\/\\\/animalslove.pl\\\/de\\\/#website\",\"url\":\"https:\\\/\\\/animalslove.pl\\\/de\\\/\",\"name\":\"AnimalsLove.pl - Shop - Zezowate Szcz\u0119\u015bcie - Franz\u00f6sische Bulldoggenzucht\",\"description\":\"Franz\u00f6sische Bulldoggen. Shop mit Zubeh\u00f6r f\u00fcr Hunde und Katzen. Kosmetik f\u00fcr Tiere. Schielendes \\\"Zezowate Szcz\u0119\u015bcie\\\".\",\"potentialAction\":[{\"@type\":\"SearchAction\",\"target\":{\"@type\":\"EntryPoint\",\"urlTemplate\":\"https:\\\/\\\/animalslove.pl\\\/de\\\/?s={search_term_string}\"},\"query-input\":{\"@type\":\"PropertyValueSpecification\",\"valueRequired\":true,\"valueName\":\"search_term_string\"}}],\"inLanguage\":\"de\"}]}<\/script>\n<!-- \/ Yoast SEO plugin. -->","yoast_head_json":{"title":"Zwei-Phasen-Tonikum - AnimalsLove.pl - Shop - Zezowate Szcz\u0119\u015bcie - Franz\u00f6sische Bulldoggenzucht","robots":{"index":"index","follow":"follow","max-snippet":"max-snippet:-1","max-image-preview":"max-image-preview:large","max-video-preview":"max-video-preview:-1"},"canonical":"https:\/\/animalslove.pl\/de\/produkt\/tonika-zwei-phasen\/","og_locale":"de_DE","og_type":"article","og_title":"Zwei-Phasen-Tonikum - AnimalsLove.pl - Shop - Zezowate Szcz\u0119\u015bcie - Franz\u00f6sische Bulldoggenzucht","og_description":"Ein wirksames Zwei-Phasen-Reinigungsmittel zur Entfernung von Falten und Rissen bei Hunden und Katzen. Dank seiner speziellen Formel und dem einzigartigen Pro-Comb Complex-Wirkstoffkomplex hilft es effektiv bei entz\u00fcndeten, ger\u00f6teten und gereizten Hautfalten, reinigt und pflegt die Augenpartie und mildert Reizungen der Hautoberfl\u00e4che um Nase und Augen. Das Produkt kann auch f\u00fcr die hygienische Reinigung von gesunden Tieren verwendet werden.","og_url":"https:\/\/animalslove.pl\/de\/produkt\/tonika-zwei-phasen\/","og_site_name":"AnimalsLove.pl - Shop - Zezowate Szcz\u0119\u015bcie - Franz\u00f6sische Bulldoggenzucht","article_modified_time":"2023-09-06T17:55:47+00:00","og_image":[{"width":2048,"height":2048,"url":"https:\/\/animalslove.pl\/wp-content\/uploads\/2022\/01\/received_3054493484821613.jpeg","type":"image\/jpeg"}],"twitter_card":"summary_large_image","schema":{"@context":"https:\/\/schema.org","@graph":[{"@type":"WebPage","@id":"https:\/\/animalslove.pl\/de\/produkt\/tonika-zwei-phasen\/","url":"https:\/\/animalslove.pl\/de\/produkt\/tonika-zwei-phasen\/","name":"Zwei-Phasen-Tonikum - AnimalsLove.pl - Shop - Zezowate Szcz\u0119\u015bcie - Franz\u00f6sische Bulldoggenzucht","isPartOf":{"@id":"https:\/\/animalslove.pl\/de\/#website"},"primaryImageOfPage":{"@id":"https:\/\/animalslove.pl\/de\/produkt\/tonika-zwei-phasen\/#primaryimage"},"image":{"@id":"https:\/\/animalslove.pl\/de\/produkt\/tonika-zwei-phasen\/#primaryimage"},"thumbnailUrl":"https:\/\/animalslove.pl\/wp-content\/uploads\/2022\/01\/received_3054493484821613.jpeg","datePublished":"2022-01-24T20:15:34+00:00","dateModified":"2023-09-06T17:55:47+00:00","breadcrumb":{"@id":"https:\/\/animalslove.pl\/de\/produkt\/tonika-zwei-phasen\/#breadcrumb"},"inLanguage":"de","potentialAction":[{"@type":"ReadAction","target":["https:\/\/animalslove.pl\/de\/produkt\/tonika-zwei-phasen\/"]}]},{"@type":"ImageObject","inLanguage":"de","@id":"https:\/\/animalslove.pl\/de\/produkt\/tonika-zwei-phasen\/#primaryimage","url":"https:\/\/animalslove.pl\/wp-content\/uploads\/2022\/01\/received_3054493484821613.jpeg","contentUrl":"https:\/\/animalslove.pl\/wp-content\/uploads\/2022\/01\/received_3054493484821613.jpeg","width":2048,"height":2048},{"@type":"BreadcrumbList","@id":"https:\/\/animalslove.pl\/de\/produkt\/tonika-zwei-phasen\/#breadcrumb","itemListElement":[{"@type":"ListItem","position":1,"name":"Home","item":"https:\/\/animalslove.pl\/de\/home-coffee\/"},{"@type":"ListItem","position":2,"name":"Gesch\u00e4ft","item":"https:\/\/animalslove.pl\/de\/geschaeft\/"},{"@type":"ListItem","position":3,"name":"Zwei-Phasen-Tonikum"}]},{"@type":"WebSite","@id":"https:\/\/animalslove.pl\/de\/#website","url":"https:\/\/animalslove.pl\/de\/","name":"AnimalsLove.pl - Shop - Zezowate Szcz\u0119\u015bcie - Franz\u00f6sische Bulldoggenzucht","description":"Franz\u00f6sische Bulldoggen. Shop mit Zubeh\u00f6r f\u00fcr Hunde und Katzen. Kosmetik f\u00fcr Tiere. Schielendes \"Zezowate Szcz\u0119\u015bcie\".","potentialAction":[{"@type":"SearchAction","target":{"@type":"EntryPoint","urlTemplate":"https:\/\/animalslove.pl\/de\/?s={search_term_string}"},"query-input":{"@type":"PropertyValueSpecification","valueRequired":true,"valueName":"search_term_string"}}],"inLanguage":"de"}]}},"_links":{"self":[{"href":"https:\/\/animalslove.pl\/de\/wp-json\/wp\/v2\/product\/13868","targetHints":{"allow":["GET"]}}],"collection":[{"href":"https:\/\/animalslove.pl\/de\/wp-json\/wp\/v2\/product"}],"about":[{"href":"https:\/\/animalslove.pl\/de\/wp-json\/wp\/v2\/types\/product"}],"wp:featuredmedia":[{"embeddable":true,"href":"https:\/\/animalslove.pl\/de\/wp-json\/wp\/v2\/media\/11887"}],"wp:attachment":[{"href":"https:\/\/animalslove.pl\/de\/wp-json\/wp\/v2\/media?parent=13868"}],"wp:term":[{"taxonomy":"product_brand","embeddable":true,"href":"https:\/\/animalslove.pl\/de\/wp-json\/wp\/v2\/product_brand?post=13868"},{"taxonomy":"product_cat","embeddable":true,"href":"https:\/\/animalslove.pl\/de\/wp-json\/wp\/v2\/product_cat?post=13868"},{"taxonomy":"product_tag","embeddable":true,"href":"https:\/\/animalslove.pl\/de\/wp-json\/wp\/v2\/product_tag?post=13868"}],"curies":[{"name":"wp","href":"https:\/\/api.w.org\/{rel}","templated":true}]}}