{"id":13870,"date":"2023-09-06T11:38:35","date_gmt":"2023-09-06T09:38:35","guid":{"rendered":"https:\/\/animalslove.pl\/produkt\/pfotenpflege-pfauen-kur-balsam\/"},"modified":"2023-11-02T13:02:15","modified_gmt":"2023-11-02T12:02:15","slug":"pflege-lap-pfoten-kur-balsam","status":"publish","type":"product","link":"https:\/\/animalslove.pl\/de\/produkt\/pflege-lap-pfoten-kur-balsam\/","title":{"rendered":"PFOTENPFLEGE &#8211; PFAUEN-KUR-BALSAM"},"content":{"rendered":"<div class=\"product-images_align\">\n<section class=\"elementor-section elementor-top-section elementor-element elementor-element-9fbf763 elementor-section-boxed elementor-section-height-default elementor-section-height-default\" data-id=\"9fbf763\" data-element_type=\"section\">\n<div class=\"elementor-container elementor-column-gap-default\">\n<div class=\"elementor-row\">\n<div class=\"elementor-column elementor-col-100 elementor-top-column elementor-element elementor-element-fea4670\" data-id=\"fea4670\" data-element_type=\"column\">\n<div class=\"elementor-column-wrap elementor-element-populated\">\n<div class=\"elementor-widget-wrap\">\n<div class=\"elementor-element elementor-element-ac303b7 elementor-widget elementor-widget-text-editor\" data-id=\"ac303b7\" data-element_type=\"widget\" data-widget_type=\"text-editor.default\">\n<div class=\"elementor-widget-container\">\n<div class=\"elementor-text-editor elementor-clearfix\">\n<p>&nbsp;<\/p>\n<p class=\"u-text u-text-default u-text-2\">Stellen Sie sich vor, Sie m\u00fcssten ohne Schuhe auf einem von der Sommersonne erw\u00e4rmten Asphalt oder auf einem frostigen, vereisten B\u00fcrgersteig laufen. Was ist, wenn das Leder der Sohle rissig, ausgetrocknet oder besch\u00e4digt ist?<\/p>\n<p class=\"u-text u-text-default u-text-2\">  Du kannst die Pfote deines Sch\u00fclers selbst &#8222;reparieren&#8220;. Paw Cure wirkt, sobald es von der Haut aufgenommen wird. Besch\u00e4ftigen Sie Ihren Hund also mit etwas, damit er die Creme nicht ableckt.<\/p>\n<p>&nbsp;<\/p>\n<\/div>\n<\/div>\n<\/div>\n<div class=\"elementor-element elementor-element-0d65ec9 elementor-widget elementor-widget-text-editor\" data-id=\"0d65ec9\" data-element_type=\"widget\" data-widget_type=\"text-editor.default\">\n<div class=\"elementor-widget-container\">\n<div class=\"elementor-text-editor elementor-clearfix\">\n<h3><\/h3>\n<\/div>\n<\/div>\n<\/div>\n<\/div>\n<\/div>\n<\/div>\n<\/div>\n<\/div>\n<\/section>\n<section class=\"elementor-section elementor-top-section elementor-element elementor-element-e948e4b elementor-section-boxed elementor-section-height-default elementor-section-height-default\" data-id=\"e948e4b\" data-element_type=\"section\">\n<div class=\"elementor-container elementor-column-gap-default\">\n<div class=\"elementor-row\">\n<div class=\"elementor-column elementor-col-100 elementor-top-column elementor-element elementor-element-e50dd14\" data-id=\"e50dd14\" data-element_type=\"column\">\n<div class=\"elementor-column-wrap elementor-element-populated\">\n<div class=\"elementor-widget-wrap\">\n<div class=\"elementor-element elementor-element-1dcb943 elementor-widget elementor-widget-text-editor\" data-id=\"1dcb943\" data-element_type=\"widget\" data-widget_type=\"text-editor.default\">\n<div class=\"elementor-widget-container\">\n<div class=\"elementor-text-editor elementor-clearfix\">\n<p><img loading=\"lazy\" decoding=\"async\" class=\"wp-image-390 aligncenter\" src=\"https:\/\/whizzopet.hu\/wp-content\/uploads\/2020\/05\/mancs2-1024x882.jpg\" sizes=\"auto, (max-width: 500px) 100vw, 500px\" srcset=\"https:\/\/whizzopet.hu\/wp-content\/uploads\/2020\/05\/mancs2-1024x882.jpg 1024w, https:\/\/whizzopet.hu\/wp-content\/uploads\/2020\/05\/mancs2-700x603.jpg 700w, https:\/\/whizzopet.hu\/wp-content\/uploads\/2020\/05\/mancs2-300x258.jpg 300w, https:\/\/whizzopet.hu\/wp-content\/uploads\/2020\/05\/mancs2-768x661.jpg 768w, https:\/\/whizzopet.hu\/wp-content\/uploads\/2020\/05\/mancs2-1536x1322.jpg 1536w, https:\/\/whizzopet.hu\/wp-content\/uploads\/2020\/05\/mancs2.jpg 2048w\" alt=\"\" width=\"379\" height=\"327\"><\/p>\n<h3 class=\"u-text u-text-default u-text-3\" style=\"text-align: center;\"><strong>Warum wird Ihr Welpe Paw Cure Pfotenpflege lieben?<\/strong><\/h3>\n<p>Die von uns hinzugef\u00fcgten Zutaten haben eine bemerkenswerte Wirkung f\u00fcr sich. Sie machen das t\u00e4gliche Leben Ihres Hundes sicherlich leichter.<\/p>\n<p><u style=\"font-weight: bold;\">BIO-\u00d6l <\/u><b><br \/>\n  <u>Mandel\u00f6l<\/u><br \/>\n<\/b> &#8211; hat eine weichmachende, feuchtigkeitsspendende, n\u00e4hrende, regenerierende und leicht entz\u00fcndungshemmende Wirkung. Hilft, die Schutzschicht der Haut zu erhalten. Es spendet der Haut Feuchtigkeit und hat eine beruhigende Wirkung, die u. a. den Juckreiz lindert.<\/p>\n<p><b><br \/>\n  <u>BIO Neem\u00f6l<\/u><br \/>\n<\/b> &#8211; Seine pilzt\u00f6tende, bakterient\u00f6tende und parasitent\u00f6tende Wirkung ist allgemein bekannt. Dar\u00fcber hinaus regeneriert es die Haut und wirkt stark entz\u00fcndungshemmend, lindert die Folgen von Hautkrankheiten, hilft bei der Wundheilung und behandelt trockene, rissige Haut.<\/p>\n<p><strong><b><u>BIO-Bienenwachs<\/u><\/b> &#8211;<\/strong> sorgt f\u00fcr eine hautfreundliche Textur, bildet eine &#8222;unsichtbare&#8220; antiallergene Schutzschicht auf der Hundepfote und sch\u00fctzt sie so vor weiteren Sch\u00e4den und Verschmutzungen. Es hat eine erweichende und beruhigende Wirkung und besitzt starke entz\u00fcndungshemmende und antibakterielle Eigenschaften.<\/p>\n<p><b><br \/>\n  <u>BIO-Oliven\u00f6l<\/u><br \/>\n<\/b> &#8211; wirkt nicht nur antioxidativ, sondern macht die Epidermis geschmeidig, hemmt den Alterungsprozess, spendet Feuchtigkeit und wirkt leicht entz\u00fcndungshemmend<\/p>\n<\/div>\n<\/div>\n<\/div>\n<\/div>\n<\/div>\n<\/div>\n<\/div>\n<\/div>\n<\/section>\n<section class=\"elementor-section elementor-top-section elementor-element elementor-element-669956e elementor-section-boxed elementor-section-height-default elementor-section-height-default\" data-id=\"669956e\" data-element_type=\"section\">\n<div class=\"elementor-container elementor-column-gap-default\">\n<div class=\"elementor-row\">\n<div class=\"elementor-column elementor-col-100 elementor-top-column elementor-element elementor-element-51b9fe5\" data-id=\"51b9fe5\" data-element_type=\"column\">\n<div class=\"elementor-column-wrap elementor-element-populated\">\n<div class=\"elementor-widget-wrap\">\n<div class=\"elementor-element elementor-element-1406a24 elementor-widget elementor-widget-text-editor\" data-id=\"1406a24\" data-element_type=\"widget\" data-widget_type=\"text-editor.default\">\n<div class=\"elementor-widget-container\">\n<div class=\"elementor-text-editor elementor-clearfix\"><b><br \/>\n  <u>BIO Sesam\u00f6l<\/u><br \/>\n<\/b> &#8211; Antioxidans, Anti-Ageing, sch\u00fctzt die Integrit\u00e4t des Hautgewebes, n\u00e4hrt und verbessert die Textur, hilft, die Hautfeuchtigkeit zu erhalten.<\/div>\n<div><\/div>\n<div class=\"elementor-text-editor elementor-clearfix\"><b><br \/>\n  <u>BIO-Kokosnuss\u00f6l<\/u><br \/>\n<\/b> &#8211; lindert R\u00f6tungen und Hautreizungen und ist \u00e4u\u00dferst wirksam bei der Pflege von rissiger Haut.<\/div>\n<div><\/div>\n<div class=\"elementor-text-editor elementor-clearfix\"><b><br \/>\n  <u>BIO SHEA-Butter<\/u><br \/>\n<\/b> &#8211; wird aufgrund ihrer n\u00e4hrenden, sch\u00fctzenden, feuchtigkeitsspendenden und heilenden Eigenschaften seit Generationen verwendet, um die Haut zu erhalten, zu verbessern und vor den sch\u00e4dlichen Auswirkungen von Sonne, Wind und anderen \u00e4u\u00dferen Faktoren zu sch\u00fctzen.<\/div>\n<div><\/div>\n<div class=\"elementor-text-editor elementor-clearfix\"><b><br \/>\n  <u>Mango-Butter<\/u><br \/>\n<\/b> &#8211; verleiht der Haut eine weiche Textur und wichtige Inhaltsstoffe, die sie straffen und geschmeidig machen.<\/div>\n<div><\/div>\n<div class=\"elementor-text-editor elementor-clearfix\"><b><br \/>\n  <u>BIO Kakaobutter<\/u><br \/>\n<\/b> &#8211; pflegt die Pfoten, hat eine ausgezeichnete n\u00e4hrende und weichmachende Wirkung und hilft der gesch\u00e4digten Haut, sich schneller zu regenerieren und zu reparieren.<\/div>\n<div><\/div>\n<div class=\"elementor-text-editor elementor-clearfix\"><b><br \/>\n  <u>Vitamin E<\/u><br \/>\n<\/b> &#8211; hat eine starke antioxidative, alterungshemmende und elastizit\u00e4tsf\u00f6rdernde Wirkung. Es tr\u00e4gt zur Aufrechterhaltung des Hautschutzmantels bei und hat eine regenerierende und entz\u00fcndungshemmende Wirkung.<\/div>\n<\/div>\n<\/div>\n<div class=\"elementor-element elementor-element-c57e51a elementor-align-left elementor-widget__width-auto elementor-icon-list--layout-traditional elementor-list-item-link-full_width elementor-widget elementor-widget-icon-list\" data-id=\"c57e51a\" data-element_type=\"widget\" data-widget_type=\"icon-list.default\">\n<div class=\"elementor-widget-container\">\n<p>&nbsp;<\/p>\n<\/div>\n<\/div>\n<\/div>\n<\/div>\n<\/div>\n<\/div>\n<\/div>\n<\/section>\n<section class=\"elementor-section elementor-top-section elementor-element elementor-element-8d116e3 elementor-section-boxed elementor-section-height-default elementor-section-height-default\" data-id=\"8d116e3\" data-element_type=\"section\">\n<div class=\"elementor-container elementor-column-gap-default\">\n<div class=\"elementor-row\">\n<div class=\"elementor-column elementor-col-100 elementor-top-column elementor-element elementor-element-786369c\" data-id=\"786369c\" data-element_type=\"column\">\n<div class=\"elementor-column-wrap elementor-element-populated\">\n<div class=\"elementor-widget-wrap\">\n<div class=\"elementor-element elementor-element-200b99e elementor-widget elementor-widget-text-editor\" data-id=\"200b99e\" data-element_type=\"widget\" data-widget_type=\"text-editor.default\">\n<div class=\"elementor-widget-container\">\n<div class=\"elementor-text-editor elementor-clearfix\">\n<h3><\/h3>\n<h3 class=\"u-text u-text-default u-text-6\" style=\"text-align: center;\"><strong>K\u00f6nnen Sie schon die Gro\u00dfartigkeit von Paw Cure Pfotenpflege erkennen?<\/strong><\/h3>\n<\/div>\n<\/div>\n<\/div>\n<section class=\"elementor-section elementor-inner-section elementor-element elementor-element-fde1321 elementor-section-boxed elementor-section-height-default elementor-section-height-default\" data-id=\"fde1321\" data-element_type=\"section\">\n<div class=\"elementor-container elementor-column-gap-default\">\n<div class=\"elementor-row\">\n<div class=\"elementor-column elementor-col-50 elementor-inner-column elementor-element elementor-element-a3999a4\" data-id=\"a3999a4\" data-element_type=\"column\">\n<div class=\"elementor-column-wrap elementor-element-populated\">\n<div class=\"elementor-widget-wrap\">\n<div class=\"elementor-element elementor-element-119de40 elementor-align-left elementor-widget__width-auto elementor-icon-list--layout-traditional elementor-list-item-link-full_width elementor-widget elementor-widget-icon-list\" data-id=\"119de40\" data-element_type=\"widget\" data-widget_type=\"icon-list.default\">\n<div class=\"elementor-widget-container\">\n<p><i class=\"fas fa-paw\" aria-hidden=\"true\"><\/i><span class=\"elementor-icon-list-text\">DANK SEINER STARK FEUCHTIGKEITSSPENDENDEN INHALTSSTOFFE HILFT ES, DIE PFOTEN WEICH UND GESCHMEIDIG ZU HALTEN UND DIE HAUT IN IHREN NAT\u00dcRLICHEN ZUSTAND ZUR\u00dcCKZUVERSETZEN.<\/span><\/p>\n<p><i class=\"fas fa-paw\" aria-hidden=\"true\"><\/i><span class=\"elementor-icon-list-text\">BILDET EINEN D\u00dcNNEN, WASSERABWEISENDEN FILM AUF DER HAUT, DER SIE VOR \u00c4USSEREN UMWELTEINFL\u00dcSSEN SCH\u00dcTZT.<\/span><\/p>\n<p><i class=\"fas fa-paw\" aria-hidden=\"true\"><\/i><span class=\"elementor-icon-list-text\">IST NACHWEISLICH EIN HYPOALLERGENES PRODUKT, SO DASS SIE SICHER SEIN K\u00d6NNEN, DASS ES DIE HAUT IHRES HAUSTIERES NICHT REIZEN WIRD.<\/span><\/p>\n<p><i class=\"fas fa-paw\" aria-hidden=\"true\"><\/i><span class=\"elementor-icon-list-text\">ENTH\u00c4LT SORGF\u00c4LTIG AUSGEW\u00c4HLTE NAT\u00dcRLICHE INHALTSSTOFFE, DIE SICH GEGENSEITIG UNTERST\u00dcTZEN, UM DIE RICHTIGE WIRKUNG ZU ERZIELEN.<\/span><\/p>\n<\/div>\n<\/div>\n<\/div>\n<\/div>\n<\/div>\n<\/div>\n<\/div>\n<\/section>\n<\/div>\n<\/div>\n<\/div>\n<\/div>\n<\/div>\n<\/section>\n<section class=\"elementor-section elementor-top-section elementor-element elementor-element-2564b3c elementor-section-boxed elementor-section-height-default elementor-section-height-default\" data-id=\"2564b3c\" data-element_type=\"section\">\n<div class=\"elementor-container elementor-column-gap-default\">\n<div class=\"elementor-row\">\n<div class=\"elementor-column elementor-col-100 elementor-top-column elementor-element elementor-element-da218be\" data-id=\"da218be\" data-element_type=\"column\">\n<div class=\"elementor-column-wrap elementor-element-populated\">\n<div class=\"elementor-widget-wrap\">\n<div class=\"elementor-element elementor-element-89d966e elementor-align-center elementor-widget elementor-widget-button\" data-id=\"89d966e\" data-element_type=\"widget\" data-widget_type=\"button.default\">\n<div class=\"elementor-widget-container\">\n<div>\n<p style=\"text-align: center;\">\n<\/div>\n<\/div>\n<\/div>\n<\/div>\n<\/div>\n<\/div>\n<\/div>\n<\/div>\n<\/section>\n<\/div>\n","protected":false},"excerpt":{"rendered":"<p>Pfauenbalsam-PAW CURE<\/p>\n<p>Es hilft, den nat\u00fcrlichen Zustand der Haut wiederherzustellen und tr\u00e4gt dank der stark feuchtigkeitsspendenden Inhaltsstoffe dazu bei, die Pfoten weich und geschmeidig zu halten, indem es eine d\u00fcnne, wasserdichte Schicht auf der Haut bildet, die sie vor der \u00e4u\u00dferen Umgebung sch\u00fctzt.<\/p>\n","protected":false},"featured_media":11405,"template":"","meta":[],"product_brand":[],"product_cat":[142],"product_tag":[],"class_list":{"0":"post-13870","1":"product","2":"type-product","3":"status-publish","4":"has-post-thumbnail","6":"product_cat-whizzopet-de","7":"product_shipping_class-paczkomat-de","9":"first","10":"instock","11":"taxable","12":"shipping-taxable","13":"purchasable","14":"product-type-variable"},"yoast_head":"<!-- This site is optimized with the Yoast SEO plugin v27.4 - https:\/\/yoast.com\/product\/yoast-seo-wordpress\/ -->\n<title>PFOTENPFLEGE - PFAUEN-KUR-BALSAM - AnimalsLove.pl - Shop - Zezowate Szcz\u0119\u015bcie - Franz\u00f6sische Bulldoggenzucht<\/title>\n<meta name=\"robots\" content=\"index, follow, max-snippet:-1, max-image-preview:large, max-video-preview:-1\" \/>\n<link rel=\"canonical\" href=\"https:\/\/animalslove.pl\/de\/produkt\/pflege-lap-pfoten-kur-balsam\/\" \/>\n<meta property=\"og:locale\" content=\"de_DE\" \/>\n<meta property=\"og:type\" content=\"article\" \/>\n<meta property=\"og:title\" content=\"PFOTENPFLEGE - PFAUEN-KUR-BALSAM - AnimalsLove.pl - Shop - Zezowate Szcz\u0119\u015bcie - Franz\u00f6sische Bulldoggenzucht\" \/>\n<meta property=\"og:description\" content=\"Pfauenbalsam-PAW CURE Es hilft, den nat\u00fcrlichen Zustand der Haut wiederherzustellen und tr\u00e4gt dank der stark feuchtigkeitsspendenden Inhaltsstoffe dazu bei, die Pfoten weich und geschmeidig zu halten, indem es eine d\u00fcnne, wasserdichte Schicht auf der Haut bildet, die sie vor der \u00e4u\u00dferen Umgebung sch\u00fctzt.\" \/>\n<meta property=\"og:url\" content=\"https:\/\/animalslove.pl\/de\/produkt\/pflege-lap-pfoten-kur-balsam\/\" \/>\n<meta property=\"og:site_name\" content=\"AnimalsLove.pl - Shop - Zezowate Szcz\u0119\u015bcie - Franz\u00f6sische Bulldoggenzucht\" \/>\n<meta property=\"article:modified_time\" content=\"2023-11-02T12:02:15+00:00\" \/>\n<meta property=\"og:image\" content=\"https:\/\/animalslove.pl\/wp-content\/uploads\/2021\/11\/IMG_0141.jpg\" \/>\n\t<meta property=\"og:image:width\" content=\"995\" \/>\n\t<meta property=\"og:image:height\" content=\"1024\" \/>\n\t<meta property=\"og:image:type\" content=\"image\/jpeg\" \/>\n<meta name=\"twitter:card\" content=\"summary_large_image\" \/>\n<meta name=\"twitter:label1\" content=\"Gesch\u00e4tzte Lesezeit\" \/>\n\t<meta name=\"twitter:data1\" content=\"3\u00a0Minuten\" \/>\n<script type=\"application\/ld+json\" class=\"yoast-schema-graph\">{\"@context\":\"https:\\\/\\\/schema.org\",\"@graph\":[{\"@type\":\"WebPage\",\"@id\":\"https:\\\/\\\/animalslove.pl\\\/de\\\/produkt\\\/pflege-lap-pfoten-kur-balsam\\\/\",\"url\":\"https:\\\/\\\/animalslove.pl\\\/de\\\/produkt\\\/pflege-lap-pfoten-kur-balsam\\\/\",\"name\":\"PFOTENPFLEGE - PFAUEN-KUR-BALSAM - AnimalsLove.pl - Shop - Zezowate Szcz\u0119\u015bcie - Franz\u00f6sische Bulldoggenzucht\",\"isPartOf\":{\"@id\":\"https:\\\/\\\/animalslove.pl\\\/de\\\/#website\"},\"primaryImageOfPage\":{\"@id\":\"https:\\\/\\\/animalslove.pl\\\/de\\\/produkt\\\/pflege-lap-pfoten-kur-balsam\\\/#primaryimage\"},\"image\":{\"@id\":\"https:\\\/\\\/animalslove.pl\\\/de\\\/produkt\\\/pflege-lap-pfoten-kur-balsam\\\/#primaryimage\"},\"thumbnailUrl\":\"https:\\\/\\\/animalslove.pl\\\/wp-content\\\/uploads\\\/2021\\\/11\\\/IMG_0141.jpg\",\"datePublished\":\"2023-09-06T09:38:35+00:00\",\"dateModified\":\"2023-11-02T12:02:15+00:00\",\"breadcrumb\":{\"@id\":\"https:\\\/\\\/animalslove.pl\\\/de\\\/produkt\\\/pflege-lap-pfoten-kur-balsam\\\/#breadcrumb\"},\"inLanguage\":\"de\",\"potentialAction\":[{\"@type\":\"ReadAction\",\"target\":[\"https:\\\/\\\/animalslove.pl\\\/de\\\/produkt\\\/pflege-lap-pfoten-kur-balsam\\\/\"]}]},{\"@type\":\"ImageObject\",\"inLanguage\":\"de\",\"@id\":\"https:\\\/\\\/animalslove.pl\\\/de\\\/produkt\\\/pflege-lap-pfoten-kur-balsam\\\/#primaryimage\",\"url\":\"https:\\\/\\\/animalslove.pl\\\/wp-content\\\/uploads\\\/2021\\\/11\\\/IMG_0141.jpg\",\"contentUrl\":\"https:\\\/\\\/animalslove.pl\\\/wp-content\\\/uploads\\\/2021\\\/11\\\/IMG_0141.jpg\",\"width\":995,\"height\":1024},{\"@type\":\"BreadcrumbList\",\"@id\":\"https:\\\/\\\/animalslove.pl\\\/de\\\/produkt\\\/pflege-lap-pfoten-kur-balsam\\\/#breadcrumb\",\"itemListElement\":[{\"@type\":\"ListItem\",\"position\":1,\"name\":\"Home\",\"item\":\"https:\\\/\\\/animalslove.pl\\\/de\\\/home-coffee\\\/\"},{\"@type\":\"ListItem\",\"position\":2,\"name\":\"Gesch\u00e4ft\",\"item\":\"https:\\\/\\\/animalslove.pl\\\/de\\\/geschaeft\\\/\"},{\"@type\":\"ListItem\",\"position\":3,\"name\":\"PFOTENPFLEGE &#8211; PFAUEN-KUR-BALSAM\"}]},{\"@type\":\"WebSite\",\"@id\":\"https:\\\/\\\/animalslove.pl\\\/de\\\/#website\",\"url\":\"https:\\\/\\\/animalslove.pl\\\/de\\\/\",\"name\":\"AnimalsLove.pl - Shop - Zezowate Szcz\u0119\u015bcie - Franz\u00f6sische Bulldoggenzucht\",\"description\":\"Franz\u00f6sische Bulldoggen. Shop mit Zubeh\u00f6r f\u00fcr Hunde und Katzen. Kosmetik f\u00fcr Tiere. Schielendes \\\"Zezowate Szcz\u0119\u015bcie\\\".\",\"potentialAction\":[{\"@type\":\"SearchAction\",\"target\":{\"@type\":\"EntryPoint\",\"urlTemplate\":\"https:\\\/\\\/animalslove.pl\\\/de\\\/?s={search_term_string}\"},\"query-input\":{\"@type\":\"PropertyValueSpecification\",\"valueRequired\":true,\"valueName\":\"search_term_string\"}}],\"inLanguage\":\"de\"}]}<\/script>\n<!-- \/ Yoast SEO plugin. -->","yoast_head_json":{"title":"PFOTENPFLEGE - PFAUEN-KUR-BALSAM - AnimalsLove.pl - Shop - Zezowate Szcz\u0119\u015bcie - Franz\u00f6sische Bulldoggenzucht","robots":{"index":"index","follow":"follow","max-snippet":"max-snippet:-1","max-image-preview":"max-image-preview:large","max-video-preview":"max-video-preview:-1"},"canonical":"https:\/\/animalslove.pl\/de\/produkt\/pflege-lap-pfoten-kur-balsam\/","og_locale":"de_DE","og_type":"article","og_title":"PFOTENPFLEGE - PFAUEN-KUR-BALSAM - AnimalsLove.pl - Shop - Zezowate Szcz\u0119\u015bcie - Franz\u00f6sische Bulldoggenzucht","og_description":"Pfauenbalsam-PAW CURE Es hilft, den nat\u00fcrlichen Zustand der Haut wiederherzustellen und tr\u00e4gt dank der stark feuchtigkeitsspendenden Inhaltsstoffe dazu bei, die Pfoten weich und geschmeidig zu halten, indem es eine d\u00fcnne, wasserdichte Schicht auf der Haut bildet, die sie vor der \u00e4u\u00dferen Umgebung sch\u00fctzt.","og_url":"https:\/\/animalslove.pl\/de\/produkt\/pflege-lap-pfoten-kur-balsam\/","og_site_name":"AnimalsLove.pl - Shop - Zezowate Szcz\u0119\u015bcie - Franz\u00f6sische Bulldoggenzucht","article_modified_time":"2023-11-02T12:02:15+00:00","og_image":[{"width":995,"height":1024,"url":"https:\/\/animalslove.pl\/wp-content\/uploads\/2021\/11\/IMG_0141.jpg","type":"image\/jpeg"}],"twitter_card":"summary_large_image","twitter_misc":{"Gesch\u00e4tzte Lesezeit":"3\u00a0Minuten"},"schema":{"@context":"https:\/\/schema.org","@graph":[{"@type":"WebPage","@id":"https:\/\/animalslove.pl\/de\/produkt\/pflege-lap-pfoten-kur-balsam\/","url":"https:\/\/animalslove.pl\/de\/produkt\/pflege-lap-pfoten-kur-balsam\/","name":"PFOTENPFLEGE - PFAUEN-KUR-BALSAM - AnimalsLove.pl - Shop - Zezowate Szcz\u0119\u015bcie - Franz\u00f6sische Bulldoggenzucht","isPartOf":{"@id":"https:\/\/animalslove.pl\/de\/#website"},"primaryImageOfPage":{"@id":"https:\/\/animalslove.pl\/de\/produkt\/pflege-lap-pfoten-kur-balsam\/#primaryimage"},"image":{"@id":"https:\/\/animalslove.pl\/de\/produkt\/pflege-lap-pfoten-kur-balsam\/#primaryimage"},"thumbnailUrl":"https:\/\/animalslove.pl\/wp-content\/uploads\/2021\/11\/IMG_0141.jpg","datePublished":"2023-09-06T09:38:35+00:00","dateModified":"2023-11-02T12:02:15+00:00","breadcrumb":{"@id":"https:\/\/animalslove.pl\/de\/produkt\/pflege-lap-pfoten-kur-balsam\/#breadcrumb"},"inLanguage":"de","potentialAction":[{"@type":"ReadAction","target":["https:\/\/animalslove.pl\/de\/produkt\/pflege-lap-pfoten-kur-balsam\/"]}]},{"@type":"ImageObject","inLanguage":"de","@id":"https:\/\/animalslove.pl\/de\/produkt\/pflege-lap-pfoten-kur-balsam\/#primaryimage","url":"https:\/\/animalslove.pl\/wp-content\/uploads\/2021\/11\/IMG_0141.jpg","contentUrl":"https:\/\/animalslove.pl\/wp-content\/uploads\/2021\/11\/IMG_0141.jpg","width":995,"height":1024},{"@type":"BreadcrumbList","@id":"https:\/\/animalslove.pl\/de\/produkt\/pflege-lap-pfoten-kur-balsam\/#breadcrumb","itemListElement":[{"@type":"ListItem","position":1,"name":"Home","item":"https:\/\/animalslove.pl\/de\/home-coffee\/"},{"@type":"ListItem","position":2,"name":"Gesch\u00e4ft","item":"https:\/\/animalslove.pl\/de\/geschaeft\/"},{"@type":"ListItem","position":3,"name":"PFOTENPFLEGE &#8211; PFAUEN-KUR-BALSAM"}]},{"@type":"WebSite","@id":"https:\/\/animalslove.pl\/de\/#website","url":"https:\/\/animalslove.pl\/de\/","name":"AnimalsLove.pl - Shop - Zezowate Szcz\u0119\u015bcie - Franz\u00f6sische Bulldoggenzucht","description":"Franz\u00f6sische Bulldoggen. Shop mit Zubeh\u00f6r f\u00fcr Hunde und Katzen. Kosmetik f\u00fcr Tiere. Schielendes \"Zezowate Szcz\u0119\u015bcie\".","potentialAction":[{"@type":"SearchAction","target":{"@type":"EntryPoint","urlTemplate":"https:\/\/animalslove.pl\/de\/?s={search_term_string}"},"query-input":{"@type":"PropertyValueSpecification","valueRequired":true,"valueName":"search_term_string"}}],"inLanguage":"de"}]}},"_links":{"self":[{"href":"https:\/\/animalslove.pl\/de\/wp-json\/wp\/v2\/product\/13870","targetHints":{"allow":["GET"]}}],"collection":[{"href":"https:\/\/animalslove.pl\/de\/wp-json\/wp\/v2\/product"}],"about":[{"href":"https:\/\/animalslove.pl\/de\/wp-json\/wp\/v2\/types\/product"}],"wp:featuredmedia":[{"embeddable":true,"href":"https:\/\/animalslove.pl\/de\/wp-json\/wp\/v2\/media\/11405"}],"wp:attachment":[{"href":"https:\/\/animalslove.pl\/de\/wp-json\/wp\/v2\/media?parent=13870"}],"wp:term":[{"taxonomy":"product_brand","embeddable":true,"href":"https:\/\/animalslove.pl\/de\/wp-json\/wp\/v2\/product_brand?post=13870"},{"taxonomy":"product_cat","embeddable":true,"href":"https:\/\/animalslove.pl\/de\/wp-json\/wp\/v2\/product_cat?post=13870"},{"taxonomy":"product_tag","embeddable":true,"href":"https:\/\/animalslove.pl\/de\/wp-json\/wp\/v2\/product_tag?post=13870"}],"curies":[{"name":"wp","href":"https:\/\/api.w.org\/{rel}","templated":true}]}}