{"id":13871,"date":"2023-09-06T11:38:35","date_gmt":"2023-09-06T09:38:35","guid":{"rendered":"https:\/\/animalslove.pl\/produkt\/ohrreinigungsgel\/"},"modified":"2023-11-02T13:05:40","modified_gmt":"2023-11-02T12:05:40","slug":"ohr-reinigungs-gel","status":"publish","type":"product","link":"https:\/\/animalslove.pl\/de\/produkt\/ohr-reinigungs-gel\/","title":{"rendered":"OHRREINIGUNGSGEL"},"content":{"rendered":"<section class=\"elementor-section elementor-top-section elementor-element elementor-element-f0c8295 elementor-section-boxed elementor-section-height-default elementor-section-height-default\" data-id=\"f0c8295\" data-element_type=\"section\">\n<div class=\"elementor-container elementor-column-gap-default\">\n<div class=\"elementor-row\">\n<div class=\"elementor-column elementor-col-100 elementor-top-column elementor-element elementor-element-d4fc434\" data-id=\"d4fc434\" data-element_type=\"column\">\n<div class=\"elementor-column-wrap elementor-element-populated\">\n<div class=\"elementor-widget-wrap\">\n<div class=\"elementor-element elementor-element-9f491f0 elementor-widget elementor-widget-text-editor\" data-id=\"9f491f0\" data-element_type=\"widget\" data-widget_type=\"text-editor.default\">\n<div class=\"elementor-widget-container\">\n<div class=\"elementor-text-editor elementor-clearfix\">\n<p>Wenn die Ohren des Welpen nur rot sind, ist dies das geringste Risiko. Schlimmer ist es, wenn ein penetranter Geruch aus den Ohren dringt und die Pupille ein Ungleichgewicht aufweist.<\/p>\n<p>H\u00f6chstwahrscheinlich handelt es sich dabei um Symptome einer Ohrenentz\u00fcndung, die durch Bakterien oder Pilze oder sogar durch Ohrenschmalz selbst verursacht werden kann.<\/p>\n<p>Wenn Sie bemerken, dass sich Ihr Haustier am Kopf festh\u00e4lt, ihn streichelt oder ein anderes seltsames Verhalten zeigt, das auf eine Ohrenentz\u00fcndung hindeutet, handeln Sie schnell und greifen Sie zu unserem Gel.<\/p>\n<p>&nbsp;<\/p>\n<\/div>\n<\/div>\n<\/div>\n<section class=\"elementor-section elementor-inner-section elementor-element elementor-element-a972b3a elementor-section-boxed elementor-section-height-default elementor-section-height-default\" data-id=\"a972b3a\" data-element_type=\"section\">\n<div class=\"elementor-container elementor-column-gap-default\">\n<div class=\"elementor-row\">\n<div class=\"elementor-spacer-inner\"><img loading=\"lazy\" decoding=\"async\" class=\"wp-image-1351 aligncenter\" src=\"https:\/\/whizzopet.hu\/wp-content\/uploads\/2020\/05\/veterinarian-examining-little-husky-puppy-3P8LV9J-3-300x200.jpg\" sizes=\"auto, (max-width: 450px) 100vw, 450px\" srcset=\"https:\/\/whizzopet.hu\/wp-content\/uploads\/2020\/05\/veterinarian-examining-little-husky-puppy-3P8LV9J-3-300x200.jpg 300w, https:\/\/whizzopet.hu\/wp-content\/uploads\/2020\/05\/veterinarian-examining-little-husky-puppy-3P8LV9J-3-1024x683.jpg 1024w, https:\/\/whizzopet.hu\/wp-content\/uploads\/2020\/05\/veterinarian-examining-little-husky-puppy-3P8LV9J-3-768x513.jpg 768w, https:\/\/whizzopet.hu\/wp-content\/uploads\/2020\/05\/veterinarian-examining-little-husky-puppy-3P8LV9J-3-1536x1025.jpg 1536w, https:\/\/whizzopet.hu\/wp-content\/uploads\/2020\/05\/veterinarian-examining-little-husky-puppy-3P8LV9J-3-2048x1367.jpg 2048w, https:\/\/whizzopet.hu\/wp-content\/uploads\/2020\/05\/veterinarian-examining-little-husky-puppy-3P8LV9J-3-450x300.jpg 450w, https:\/\/whizzopet.hu\/wp-content\/uploads\/2020\/05\/veterinarian-examining-little-husky-puppy-3P8LV9J-3-700x467.jpg 700w\" alt=\"\" width=\"450\" height=\"300\"><\/div>\n<div class=\"elementor-column elementor-col-50 elementor-inner-column elementor-element elementor-element-be1eaf4\" data-id=\"be1eaf4\" data-element_type=\"column\">\n<div class=\"elementor-column-wrap elementor-element-populated\">\n<div class=\"elementor-widget-wrap\">\n<div class=\"elementor-element elementor-element-81b7aee elementor-widget elementor-widget-text-editor\" data-id=\"81b7aee\" data-element_type=\"widget\" data-widget_type=\"text-editor.default\">\n<div class=\"elementor-widget-container\">\n<div class=\"elementor-text-editor elementor-clearfix\">\n<h3><\/h3>\n<h3 class=\"elementor-spacer-inner\" style=\"text-align: center;\"><strong>Warum wird Ihr Hund Ear Wash Gel lieben?<\/strong><\/h3>\n<\/div>\n<\/div>\n<\/div>\n<\/div>\n<\/div>\n<\/div>\n<\/div>\n<\/div>\n<\/section>\n<div class=\"elementor-element elementor-element-dd3c602 elementor-widget elementor-widget-text-editor\" data-id=\"dd3c602\" data-element_type=\"widget\" data-widget_type=\"text-editor.default\">\n<div class=\"elementor-widget-container\">\n<div class=\"elementor-text-editor elementor-clearfix\">\n<p>&nbsp;<\/p>\n<p><u><b>Pro-Vitamin B5 <\/b> (Panthenol)<\/u> &#8211; spielt eine wichtige Rolle bei der Funktion von Zellen und Geweben und kann die Wundheilung f\u00f6rdern, die Hautregeneration beschleunigen, die Hautfeuchtigkeit verbessern und Entz\u00fcndungen reduzieren.<\/p>\n<p><b><br \/>\n  <u>Allantoin<\/u><br \/>\n<\/b> &#8211; tr\u00e4gt zur Produktion von Kollagen bei, beschleunigt den Heilungsprozess und sch\u00fctzt die Haut vor Reizungen.<\/p>\n<p><b><br \/>\n  <u>BIO Propolis<\/u><br \/>\n<\/b> &#8211; hat eine antiseptische und antibakterielle Wirkung. Es ist ein hervorragendes Antioxidationsmittel, beruhigend und narbenbildend und hat au\u00dferdem pathogen- und pilzt\u00f6tende Wirkung.<\/p>\n<p><b><br \/>\n  <u>Cosgard<\/u><br \/>\n<\/b> &#8211; bietet ein breites Spektrum an Schutz gegen gramnegative und grampositive Bakterien, Pilze und Schimmelpilze.<\/p>\n<p><b><br \/>\n  <u>Plantapon SF<\/u><br \/>\n<\/b> &#8211; ein Bestandteil von sanften Reinigungsgelen, die bei jedem Hauttyp angewendet werden k\u00f6nnen, ist \u00e4u\u00dferst sanft, hypoallergen und sehr gut hautvertr\u00e4glich.<\/p>\n<\/div>\n<\/div>\n<\/div>\n<\/div>\n<\/div>\n<\/div>\n<\/div>\n<\/div>\n<\/section>\n<section class=\"elementor-section elementor-top-section elementor-element elementor-element-bb816bf elementor-section-boxed elementor-section-height-default elementor-section-height-default\" data-id=\"bb816bf\" data-element_type=\"section\">\n<div class=\"elementor-container elementor-column-gap-default\">\n<div class=\"elementor-row\">\n<div class=\"elementor-column elementor-col-100 elementor-top-column elementor-element elementor-element-5ce3fe7\" data-id=\"5ce3fe7\" data-element_type=\"column\">\n<div class=\"elementor-column-wrap elementor-element-populated\">\n<div class=\"elementor-widget-wrap\">\n<div class=\"elementor-element elementor-element-96dccef elementor-align-left elementor-widget__width-auto elementor-icon-list--layout-traditional elementor-list-item-link-full_width elementor-widget elementor-widget-icon-list\" data-id=\"96dccef\" data-element_type=\"widget\" data-widget_type=\"icon-list.default\">\n<div class=\"elementor-widget-container\">\n<p>&nbsp;<\/p>\n<\/div>\n<\/div>\n<div class=\"elementor-element elementor-element-4f83418 elementor-widget elementor-widget-text-editor\" data-id=\"4f83418\" data-element_type=\"widget\" data-widget_type=\"text-editor.default\">\n<div class=\"elementor-widget-container\">\n<div class=\"elementor-text-editor elementor-clearfix\">\n<h3 class=\"u-text u-text-default u-text-6\" style=\"text-align: center;\"><strong>Kennen Sie schon die wahre Kraft von Ohrreinigungsgel?<\/strong><\/h3>\n<\/div>\n<\/div>\n<\/div>\n<\/div>\n<\/div>\n<\/div>\n<\/div>\n<\/div>\n<\/section>\n<section class=\"elementor-section elementor-top-section elementor-element elementor-element-78b2367 elementor-section-boxed elementor-section-height-default elementor-section-height-default\" data-id=\"78b2367\" data-element_type=\"section\">\n<div class=\"elementor-container elementor-column-gap-default\">\n<div class=\"elementor-row\">\n<div class=\"elementor-column elementor-col-100 elementor-top-column elementor-element elementor-element-d08213c\" data-id=\"d08213c\" data-element_type=\"column\">\n<div class=\"elementor-column-wrap elementor-element-populated\">\n<div class=\"elementor-widget-wrap\">\n<div class=\"elementor-element elementor-element-98b13f5 elementor-align-left elementor-widget__width-auto elementor-icon-list--layout-traditional elementor-list-item-link-full_width elementor-widget elementor-widget-icon-list\" data-id=\"98b13f5\" data-element_type=\"widget\" data-widget_type=\"icon-list.default\">\n<div class=\"elementor-widget-container\">\n<p><i class=\"fas fa-paw\" aria-hidden=\"true\"><\/i><span class=\"elementor-icon-list-text\">REINIGT PERFEKT DANK EINER BESONDERS HAUTFREUNDLICHEN FORMEL.<\/span><\/p>\n<p><i class=\"fas fa-paw\" aria-hidden=\"true\"><\/i><span class=\"elementor-icon-list-text\">ENTH\u00c4LT NAT\u00dcRLICHE INHALTSSTOFFE MIT ANTIMIKROBIELLEN EIGENSCHAFTEN.<\/span><\/p>\n<p><i class=\"fas fa-paw\" aria-hidden=\"true\"><\/i><span class=\"elementor-icon-list-text\">DANK SEINER SPEZIELLEN GEL-KONSISTENZ ERM\u00d6GLICHT ES EINE EFFEKTIVERE REINIGUNG, DA ES DEN SCHMUTZ, DER SICH AUF DER INNENSEITE DES TROMMELFELLS GEBILDET HAT, FESTH\u00c4LT UND SO LEICHTER ZU ENTFERNEN IST.<\/span><\/p>\n<p><i class=\"fas fa-paw\" aria-hidden=\"true\"><\/i><span class=\"elementor-icon-list-text\">PFLEGT DEN \u00c4USSEREN GEH\u00d6RGANG IHRES TIERES DANK PROVITAMIN B5 UND ALLANTOIN.<\/span><\/p>\n<p><i class=\"fas fa-paw\" aria-hidden=\"true\"><\/i><span class=\"elementor-icon-list-text\">ES HANDELT SICH UM EIN NACHWEISLICH HYPOALLERGENES PRODUKT, DAS DIE HAUT IHRES HUNDES NICHT REIZT.<\/span><\/p>\n<\/div>\n<\/div>\n<\/div>\n<\/div>\n<\/div>\n<\/div>\n<\/div>\n<\/section>\n","protected":false},"excerpt":{"rendered":"<p>Ohr-Gel-EAR GEL<\/p>\n<p>Wussten Sie, dass Ohrenentz\u00fcndungen bei Ihrem Hund zu einer Reihe von ernsthaften Problemen f\u00fchren k\u00f6nnen? Dies ist der Fall, wenn ein Ungleichgewicht besteht. Reinigen Sie die Ohren mit dem Ohrengel und beugen Sie Entz\u00fcndungen vor, das dank seiner speziellen und wirksamen Reinigungsformel die empfindliche Ohrhaut sauber h\u00e4lt.<\/p>\n<p>&nbsp;<\/p>\n<p>Ear Gel h\u00e4lt die empfindliche Ohrhaut sauber und kann dank seiner speziellen und wirksamen Reinigungsformel dazu beitragen, schwerwiegendere Beschwerden zu verhindern.<\/p>\n","protected":false},"featured_media":11399,"template":"","meta":[],"product_brand":[],"product_cat":[142],"product_tag":[],"class_list":{"0":"post-13871","1":"product","2":"type-product","3":"status-publish","4":"has-post-thumbnail","6":"product_cat-whizzopet-de","7":"product_shipping_class-paczkomat-de","9":"first","10":"instock","11":"taxable","12":"shipping-taxable","13":"purchasable","14":"product-type-simple"},"yoast_head":"<!-- This site is optimized with the Yoast SEO plugin v27.4 - https:\/\/yoast.com\/product\/yoast-seo-wordpress\/ -->\n<title>OHRREINIGUNGSGEL - AnimalsLove.pl - Shop - Zezowate Szcz\u0119\u015bcie - Franz\u00f6sische Bulldoggenzucht<\/title>\n<meta name=\"robots\" content=\"index, follow, max-snippet:-1, max-image-preview:large, max-video-preview:-1\" \/>\n<link rel=\"canonical\" href=\"https:\/\/animalslove.pl\/de\/produkt\/ohr-reinigungs-gel\/\" \/>\n<meta property=\"og:locale\" content=\"de_DE\" \/>\n<meta property=\"og:type\" content=\"article\" \/>\n<meta property=\"og:title\" content=\"OHRREINIGUNGSGEL - AnimalsLove.pl - Shop - Zezowate Szcz\u0119\u015bcie - Franz\u00f6sische Bulldoggenzucht\" \/>\n<meta property=\"og:description\" content=\"Ohr-Gel-EAR GEL Wussten Sie, dass Ohrenentz\u00fcndungen bei Ihrem Hund zu einer Reihe von ernsthaften Problemen f\u00fchren k\u00f6nnen? Dies ist der Fall, wenn ein Ungleichgewicht besteht. Reinigen Sie die Ohren mit dem Ohrengel und beugen Sie Entz\u00fcndungen vor, das dank seiner speziellen und wirksamen Reinigungsformel die empfindliche Ohrhaut sauber h\u00e4lt. &nbsp; Ear Gel h\u00e4lt die empfindliche Ohrhaut sauber und kann dank seiner speziellen und wirksamen Reinigungsformel dazu beitragen, schwerwiegendere Beschwerden zu verhindern.\" \/>\n<meta property=\"og:url\" content=\"https:\/\/animalslove.pl\/de\/produkt\/ohr-reinigungs-gel\/\" \/>\n<meta property=\"og:site_name\" content=\"AnimalsLove.pl - Shop - Zezowate Szcz\u0119\u015bcie - Franz\u00f6sische Bulldoggenzucht\" \/>\n<meta property=\"article:modified_time\" content=\"2023-11-02T12:05:40+00:00\" \/>\n<meta property=\"og:image\" content=\"https:\/\/animalslove.pl\/wp-content\/uploads\/2021\/11\/IMG_0144-1.jpg\" \/>\n\t<meta property=\"og:image:width\" content=\"1006\" \/>\n\t<meta property=\"og:image:height\" content=\"1024\" \/>\n\t<meta property=\"og:image:type\" content=\"image\/jpeg\" \/>\n<meta name=\"twitter:card\" content=\"summary_large_image\" \/>\n<meta name=\"twitter:label1\" content=\"Gesch\u00e4tzte Lesezeit\" \/>\n\t<meta name=\"twitter:data1\" content=\"1\u00a0Minute\" \/>\n<script type=\"application\/ld+json\" class=\"yoast-schema-graph\">{\"@context\":\"https:\\\/\\\/schema.org\",\"@graph\":[{\"@type\":\"WebPage\",\"@id\":\"https:\\\/\\\/animalslove.pl\\\/de\\\/produkt\\\/ohr-reinigungs-gel\\\/\",\"url\":\"https:\\\/\\\/animalslove.pl\\\/de\\\/produkt\\\/ohr-reinigungs-gel\\\/\",\"name\":\"OHRREINIGUNGSGEL - AnimalsLove.pl - Shop - Zezowate Szcz\u0119\u015bcie - Franz\u00f6sische Bulldoggenzucht\",\"isPartOf\":{\"@id\":\"https:\\\/\\\/animalslove.pl\\\/de\\\/#website\"},\"primaryImageOfPage\":{\"@id\":\"https:\\\/\\\/animalslove.pl\\\/de\\\/produkt\\\/ohr-reinigungs-gel\\\/#primaryimage\"},\"image\":{\"@id\":\"https:\\\/\\\/animalslove.pl\\\/de\\\/produkt\\\/ohr-reinigungs-gel\\\/#primaryimage\"},\"thumbnailUrl\":\"https:\\\/\\\/animalslove.pl\\\/wp-content\\\/uploads\\\/2021\\\/11\\\/IMG_0144-1.jpg\",\"datePublished\":\"2023-09-06T09:38:35+00:00\",\"dateModified\":\"2023-11-02T12:05:40+00:00\",\"breadcrumb\":{\"@id\":\"https:\\\/\\\/animalslove.pl\\\/de\\\/produkt\\\/ohr-reinigungs-gel\\\/#breadcrumb\"},\"inLanguage\":\"de\",\"potentialAction\":[{\"@type\":\"ReadAction\",\"target\":[\"https:\\\/\\\/animalslove.pl\\\/de\\\/produkt\\\/ohr-reinigungs-gel\\\/\"]}]},{\"@type\":\"ImageObject\",\"inLanguage\":\"de\",\"@id\":\"https:\\\/\\\/animalslove.pl\\\/de\\\/produkt\\\/ohr-reinigungs-gel\\\/#primaryimage\",\"url\":\"https:\\\/\\\/animalslove.pl\\\/wp-content\\\/uploads\\\/2021\\\/11\\\/IMG_0144-1.jpg\",\"contentUrl\":\"https:\\\/\\\/animalslove.pl\\\/wp-content\\\/uploads\\\/2021\\\/11\\\/IMG_0144-1.jpg\",\"width\":1006,\"height\":1024},{\"@type\":\"BreadcrumbList\",\"@id\":\"https:\\\/\\\/animalslove.pl\\\/de\\\/produkt\\\/ohr-reinigungs-gel\\\/#breadcrumb\",\"itemListElement\":[{\"@type\":\"ListItem\",\"position\":1,\"name\":\"Home\",\"item\":\"https:\\\/\\\/animalslove.pl\\\/de\\\/home-coffee\\\/\"},{\"@type\":\"ListItem\",\"position\":2,\"name\":\"Gesch\u00e4ft\",\"item\":\"https:\\\/\\\/animalslove.pl\\\/de\\\/geschaeft\\\/\"},{\"@type\":\"ListItem\",\"position\":3,\"name\":\"OHRREINIGUNGSGEL\"}]},{\"@type\":\"WebSite\",\"@id\":\"https:\\\/\\\/animalslove.pl\\\/de\\\/#website\",\"url\":\"https:\\\/\\\/animalslove.pl\\\/de\\\/\",\"name\":\"AnimalsLove.pl - Shop - Zezowate Szcz\u0119\u015bcie - Franz\u00f6sische Bulldoggenzucht\",\"description\":\"Franz\u00f6sische Bulldoggen. Shop mit Zubeh\u00f6r f\u00fcr Hunde und Katzen. Kosmetik f\u00fcr Tiere. Schielendes \\\"Zezowate Szcz\u0119\u015bcie\\\".\",\"potentialAction\":[{\"@type\":\"SearchAction\",\"target\":{\"@type\":\"EntryPoint\",\"urlTemplate\":\"https:\\\/\\\/animalslove.pl\\\/de\\\/?s={search_term_string}\"},\"query-input\":{\"@type\":\"PropertyValueSpecification\",\"valueRequired\":true,\"valueName\":\"search_term_string\"}}],\"inLanguage\":\"de\"}]}<\/script>\n<!-- \/ Yoast SEO plugin. -->","yoast_head_json":{"title":"OHRREINIGUNGSGEL - AnimalsLove.pl - Shop - Zezowate Szcz\u0119\u015bcie - Franz\u00f6sische Bulldoggenzucht","robots":{"index":"index","follow":"follow","max-snippet":"max-snippet:-1","max-image-preview":"max-image-preview:large","max-video-preview":"max-video-preview:-1"},"canonical":"https:\/\/animalslove.pl\/de\/produkt\/ohr-reinigungs-gel\/","og_locale":"de_DE","og_type":"article","og_title":"OHRREINIGUNGSGEL - AnimalsLove.pl - Shop - Zezowate Szcz\u0119\u015bcie - Franz\u00f6sische Bulldoggenzucht","og_description":"Ohr-Gel-EAR GEL Wussten Sie, dass Ohrenentz\u00fcndungen bei Ihrem Hund zu einer Reihe von ernsthaften Problemen f\u00fchren k\u00f6nnen? Dies ist der Fall, wenn ein Ungleichgewicht besteht. Reinigen Sie die Ohren mit dem Ohrengel und beugen Sie Entz\u00fcndungen vor, das dank seiner speziellen und wirksamen Reinigungsformel die empfindliche Ohrhaut sauber h\u00e4lt. &nbsp; Ear Gel h\u00e4lt die empfindliche Ohrhaut sauber und kann dank seiner speziellen und wirksamen Reinigungsformel dazu beitragen, schwerwiegendere Beschwerden zu verhindern.","og_url":"https:\/\/animalslove.pl\/de\/produkt\/ohr-reinigungs-gel\/","og_site_name":"AnimalsLove.pl - Shop - Zezowate Szcz\u0119\u015bcie - Franz\u00f6sische Bulldoggenzucht","article_modified_time":"2023-11-02T12:05:40+00:00","og_image":[{"width":1006,"height":1024,"url":"https:\/\/animalslove.pl\/wp-content\/uploads\/2021\/11\/IMG_0144-1.jpg","type":"image\/jpeg"}],"twitter_card":"summary_large_image","twitter_misc":{"Gesch\u00e4tzte Lesezeit":"1\u00a0Minute"},"schema":{"@context":"https:\/\/schema.org","@graph":[{"@type":"WebPage","@id":"https:\/\/animalslove.pl\/de\/produkt\/ohr-reinigungs-gel\/","url":"https:\/\/animalslove.pl\/de\/produkt\/ohr-reinigungs-gel\/","name":"OHRREINIGUNGSGEL - AnimalsLove.pl - Shop - Zezowate Szcz\u0119\u015bcie - Franz\u00f6sische Bulldoggenzucht","isPartOf":{"@id":"https:\/\/animalslove.pl\/de\/#website"},"primaryImageOfPage":{"@id":"https:\/\/animalslove.pl\/de\/produkt\/ohr-reinigungs-gel\/#primaryimage"},"image":{"@id":"https:\/\/animalslove.pl\/de\/produkt\/ohr-reinigungs-gel\/#primaryimage"},"thumbnailUrl":"https:\/\/animalslove.pl\/wp-content\/uploads\/2021\/11\/IMG_0144-1.jpg","datePublished":"2023-09-06T09:38:35+00:00","dateModified":"2023-11-02T12:05:40+00:00","breadcrumb":{"@id":"https:\/\/animalslove.pl\/de\/produkt\/ohr-reinigungs-gel\/#breadcrumb"},"inLanguage":"de","potentialAction":[{"@type":"ReadAction","target":["https:\/\/animalslove.pl\/de\/produkt\/ohr-reinigungs-gel\/"]}]},{"@type":"ImageObject","inLanguage":"de","@id":"https:\/\/animalslove.pl\/de\/produkt\/ohr-reinigungs-gel\/#primaryimage","url":"https:\/\/animalslove.pl\/wp-content\/uploads\/2021\/11\/IMG_0144-1.jpg","contentUrl":"https:\/\/animalslove.pl\/wp-content\/uploads\/2021\/11\/IMG_0144-1.jpg","width":1006,"height":1024},{"@type":"BreadcrumbList","@id":"https:\/\/animalslove.pl\/de\/produkt\/ohr-reinigungs-gel\/#breadcrumb","itemListElement":[{"@type":"ListItem","position":1,"name":"Home","item":"https:\/\/animalslove.pl\/de\/home-coffee\/"},{"@type":"ListItem","position":2,"name":"Gesch\u00e4ft","item":"https:\/\/animalslove.pl\/de\/geschaeft\/"},{"@type":"ListItem","position":3,"name":"OHRREINIGUNGSGEL"}]},{"@type":"WebSite","@id":"https:\/\/animalslove.pl\/de\/#website","url":"https:\/\/animalslove.pl\/de\/","name":"AnimalsLove.pl - Shop - Zezowate Szcz\u0119\u015bcie - Franz\u00f6sische Bulldoggenzucht","description":"Franz\u00f6sische Bulldoggen. Shop mit Zubeh\u00f6r f\u00fcr Hunde und Katzen. Kosmetik f\u00fcr Tiere. Schielendes \"Zezowate Szcz\u0119\u015bcie\".","potentialAction":[{"@type":"SearchAction","target":{"@type":"EntryPoint","urlTemplate":"https:\/\/animalslove.pl\/de\/?s={search_term_string}"},"query-input":{"@type":"PropertyValueSpecification","valueRequired":true,"valueName":"search_term_string"}}],"inLanguage":"de"}]}},"_links":{"self":[{"href":"https:\/\/animalslove.pl\/de\/wp-json\/wp\/v2\/product\/13871","targetHints":{"allow":["GET"]}}],"collection":[{"href":"https:\/\/animalslove.pl\/de\/wp-json\/wp\/v2\/product"}],"about":[{"href":"https:\/\/animalslove.pl\/de\/wp-json\/wp\/v2\/types\/product"}],"wp:featuredmedia":[{"embeddable":true,"href":"https:\/\/animalslove.pl\/de\/wp-json\/wp\/v2\/media\/11399"}],"wp:attachment":[{"href":"https:\/\/animalslove.pl\/de\/wp-json\/wp\/v2\/media?parent=13871"}],"wp:term":[{"taxonomy":"product_brand","embeddable":true,"href":"https:\/\/animalslove.pl\/de\/wp-json\/wp\/v2\/product_brand?post=13871"},{"taxonomy":"product_cat","embeddable":true,"href":"https:\/\/animalslove.pl\/de\/wp-json\/wp\/v2\/product_cat?post=13871"},{"taxonomy":"product_tag","embeddable":true,"href":"https:\/\/animalslove.pl\/de\/wp-json\/wp\/v2\/product_tag?post=13871"}],"curies":[{"name":"wp","href":"https:\/\/api.w.org\/{rel}","templated":true}]}}