{"id":13890,"date":"2023-09-06T11:38:35","date_gmt":"2023-09-06T09:38:35","guid":{"rendered":"https:\/\/animalslove.pl\/produkt\/pro-skin-medizinische-salbe\/"},"modified":"2023-11-02T12:49:41","modified_gmt":"2023-11-02T11:49:41","slug":"maske-maske-pro-haut","status":"publish","type":"product","link":"https:\/\/animalslove.pl\/de\/produkt\/maske-maske-pro-haut\/","title":{"rendered":"PRO-SKIN MEDIZINISCHE SALBE"},"content":{"rendered":"<section class=\"elementor-section elementor-top-section elementor-element elementor-element-f5734c9 elementor-section-boxed elementor-section-height-default elementor-section-height-default\" data-id=\"f5734c9\" data-element_type=\"section\">\n<div class=\"elementor-container elementor-column-gap-default\">\n<div class=\"elementor-row\">\n<div class=\"elementor-column elementor-col-100 elementor-top-column elementor-element elementor-element-4e60d9b\" data-id=\"4e60d9b\" data-element_type=\"column\">\n<div class=\"elementor-column-wrap elementor-element-populated\">\n<div class=\"elementor-widget-wrap\">\n<div class=\"elementor-element elementor-element-5d09c7c elementor-widget elementor-widget-text-editor\" data-id=\"5d09c7c\" data-element_type=\"widget\" data-widget_type=\"text-editor.default\">\n<div class=\"elementor-widget-container\">\n<div class=\"elementor-text-editor elementor-clearfix\"><\/div>\n<\/div>\n<\/div>\n<\/div>\n<\/div>\n<\/div>\n<\/div>\n<\/div>\n<\/section>\n<section class=\"elementor-section elementor-top-section elementor-element elementor-element-ea88b31 elementor-section-boxed elementor-section-height-default elementor-section-height-default\" data-id=\"ea88b31\" data-element_type=\"section\">\n<div class=\"elementor-container elementor-column-gap-default\">\n<div class=\"elementor-row\">\n<div class=\"elementor-column elementor-col-100 elementor-top-column elementor-element elementor-element-6b29560\" data-id=\"6b29560\" data-element_type=\"column\">\n<div class=\"elementor-column-wrap elementor-element-populated\">\n<div class=\"elementor-widget-wrap\">\n<section class=\"elementor-section elementor-inner-section elementor-element elementor-element-1a74561 elementor-section-boxed elementor-section-height-default elementor-section-height-default\" data-id=\"1a74561\" data-element_type=\"section\">\n<div class=\"elementor-container elementor-column-gap-default\">\n<div class=\"elementor-row\">\n<div class=\"elementor-column elementor-col-50 elementor-inner-column elementor-element elementor-element-7e7a857\" data-id=\"7e7a857\" data-element_type=\"column\">\n<div class=\"elementor-column-wrap elementor-element-populated\">\n<div class=\"elementor-widget-wrap\">\n<div class=\"elementor-element elementor-element-de56f8b elementor-widget elementor-widget-text-editor\" data-id=\"de56f8b\" data-element_type=\"widget\" data-widget_type=\"text-editor.default\">\n<div class=\"elementor-widget-container\">\n<p>Der Juckreiz veranlasst das Tier, sich zu kratzen. Wenn Sie bemerken, dass mit Ihrem Freund etwas nicht stimmt: er zieht, leckt, er wurde operiert und die Wunde will nicht heilen, dann ist diese Salbe perfekt f\u00fcr ihn. Es reduziert den Drang zum Kratzen, beruhigt die Haut und beschleunigt den Heilungsprozess.<\/p>\n<p>Besch\u00e4ftigen Sie Ihr Haustier nach dem Einschmieren der Haut mit etwas, damit die Salbe Zeit hat, einzuziehen.<\/p>\n<\/div>\n<\/div>\n<\/div>\n<\/div>\n<\/div>\n<\/div>\n<\/div>\n<\/section>\n<\/div>\n<\/div>\n<\/div>\n<\/div>\n<\/div>\n<\/section>\n<section class=\"elementor-section elementor-top-section elementor-element elementor-element-884fdd7 elementor-section-boxed elementor-section-height-default elementor-section-height-default\" data-id=\"884fdd7\" data-element_type=\"section\">\n<div class=\"elementor-container elementor-column-gap-default\">\n<div class=\"elementor-row\">\n<div class=\"elementor-column elementor-col-100 elementor-top-column elementor-element elementor-element-c8e903b\" data-id=\"c8e903b\" data-element_type=\"column\">\n<div class=\"elementor-column-wrap elementor-element-populated\">\n<div class=\"elementor-widget-wrap\">\n<div class=\"elementor-element elementor-element-618996f elementor-widget elementor-widget-text-editor\" data-id=\"618996f\" data-element_type=\"widget\" data-widget_type=\"text-editor.default\">\n<div class=\"elementor-widget-container\">\n<div class=\"elementor-text-editor elementor-clearfix\">\n<p>&nbsp;<\/p>\n<p><img loading=\"lazy\" decoding=\"async\" class=\"attachment-large aligncenter\" src=\"https:\/\/whizzopet.hu\/wp-content\/uploads\/2020\/05\/pro--1024x1024.jpg\" sizes=\"auto, (max-width: 640px) 100vw, 640px\" srcset=\"https:\/\/whizzopet.hu\/wp-content\/uploads\/2020\/05\/pro--1024x1024.jpg 1024w, https:\/\/whizzopet.hu\/wp-content\/uploads\/2020\/05\/pro--300x300.jpg 300w, https:\/\/whizzopet.hu\/wp-content\/uploads\/2020\/05\/pro--150x150.jpg 150w, https:\/\/whizzopet.hu\/wp-content\/uploads\/2020\/05\/pro--768x768.jpg 768w, https:\/\/whizzopet.hu\/wp-content\/uploads\/2020\/05\/pro--1536x1536.jpg 1536w, https:\/\/whizzopet.hu\/wp-content\/uploads\/2020\/05\/pro--700x700.jpg 700w, https:\/\/whizzopet.hu\/wp-content\/uploads\/2020\/05\/pro--100x100.jpg 100w, https:\/\/whizzopet.hu\/wp-content\/uploads\/2020\/05\/pro-.jpg 2048w\" alt=\"\" width=\"441\" height=\"441\"><\/p>\n<h3><\/h3>\n<h3 class=\"u-text u-text-default u-text-3\" style=\"text-align: center;\"><strong>Warum wird Ihr Hund die Pro-Skin-Salbe, ein Heilmittel, lieben?<\/strong><\/h3>\n<\/div>\n<\/div>\n<\/div>\n<\/div>\n<\/div>\n<\/div>\n<\/div>\n<\/div>\n<\/section>\n<section class=\"elementor-section elementor-top-section elementor-element elementor-element-9c11d58 elementor-section-boxed elementor-section-height-default elementor-section-height-default\" data-id=\"9c11d58\" data-element_type=\"section\">\n<div class=\"elementor-container elementor-column-gap-default\">\n<div class=\"elementor-row\">\n<div class=\"elementor-column elementor-col-50 elementor-top-column elementor-element elementor-element-410cb61\" data-id=\"410cb61\" data-element_type=\"column\">\n<div class=\"elementor-column-wrap elementor-element-populated\">\n<div class=\"elementor-widget-wrap\">\n<div class=\"elementor-element elementor-element-177c9f1 elementor-widget elementor-widget-image\" data-id=\"177c9f1\" data-element_type=\"widget\" data-widget_type=\"image.default\">\n<div class=\"elementor-widget-container\">\n<div class=\"elementor-image\"><\/div>\n<\/div>\n<\/div>\n<\/div>\n<\/div>\n<\/div>\n<div class=\"elementor-column elementor-col-50 elementor-top-column elementor-element elementor-element-dca9dc0\" data-id=\"dca9dc0\" data-element_type=\"column\">\n<div class=\"elementor-column-wrap elementor-element-populated\">\n<div class=\"elementor-widget-wrap\">\n<div class=\"elementor-element elementor-element-cc38a5f elementor-widget elementor-widget-text-editor\" data-id=\"cc38a5f\" data-element_type=\"widget\" data-widget_type=\"text-editor.default\">\n<div class=\"elementor-widget-container\">\n<div class=\"elementor-text-editor elementor-clearfix\">\n<p><u><br \/>\n  <b>BIO-Hanfsamen\u00f6l<\/b><br \/>\n<\/u> &#8211; liefert wichtige Fetts\u00e4uren, die die Gesundheit und Widerstandsf\u00e4higkeit der Zellw\u00e4nde erhalten und zur wirksamen Behandlung von chronischen Allergien und Entz\u00fcndungen beitragen. Regt den Zellstoffwechsel an, strafft und macht die Haut elastischer. Es hat eine wohltuende Wirkung auf ger\u00f6tete, gereizte Haut und stimuliert die Regeneration der Hautzellen.<\/p>\n<p><b><br \/>\n  <u>BIO-Neem\u00f6l<\/u><br \/>\n<\/b> &#8211; wirkt fungizid, bakterizid und parasitenabt\u00f6tend. Au\u00dferdem regeneriert es die Haut und hat eine stark entz\u00fcndungshemmende Wirkung. Es lindert die Auswirkungen von Hautkrankheiten, hilft bei der Wundheilung und eignet sich hervorragend zur Behandlung trockener und rissiger Haut.<\/p>\n<p><b><br \/>\n  <u>BIO Propolis<\/u><br \/>\n<\/b> &#8211; hat eine antiseptische und antibakterielle Wirkung. Es ist ein ausgezeichnetes Antioxidans, beruhigend und narbenbildend. Es hat starke entz\u00fcndungshemmende, antibakterielle und antimykotische Eigenschaften.<\/p>\n<\/div>\n<\/div>\n<\/div>\n<\/div>\n<\/div>\n<\/div>\n<\/div>\n<\/div>\n<\/section>\n<section class=\"elementor-section elementor-top-section elementor-element elementor-element-94d6a04 elementor-section-boxed elementor-section-height-default elementor-section-height-default\" data-id=\"94d6a04\" data-element_type=\"section\">\n<div class=\"elementor-container elementor-column-gap-default\">\n<div class=\"elementor-row\">\n<div class=\"elementor-column elementor-col-100 elementor-top-column elementor-element elementor-element-3dd606e\" data-id=\"3dd606e\" data-element_type=\"column\">\n<div class=\"elementor-column-wrap elementor-element-populated\">\n<div class=\"elementor-widget-wrap\">\n<section class=\"elementor-section elementor-inner-section elementor-element elementor-element-cf8429a elementor-section-boxed elementor-section-height-default elementor-section-height-default\" data-id=\"cf8429a\" data-element_type=\"section\">\n<div class=\"elementor-container elementor-column-gap-default\">\n<div class=\"elementor-row\">\n<div class=\"elementor-column elementor-col-50 elementor-inner-column elementor-element elementor-element-ee79aca\" data-id=\"ee79aca\" data-element_type=\"column\">\n<div class=\"elementor-column-wrap elementor-element-populated\">\n<div class=\"elementor-widget-wrap\">\n<div class=\"elementor-element elementor-element-8e59ce8 elementor-widget elementor-widget-text-editor\" data-id=\"8e59ce8\" data-element_type=\"widget\" data-widget_type=\"text-editor.default\">\n<div class=\"elementor-widget-container\">\n<div class=\"elementor-text-editor elementor-clearfix\">\n<p><b><br \/>\n  <u>BIO-Bienenwachs<\/u><br \/>\n<\/b> &#8211; verleiht der Haut eine hautfreundliche Textur, bildet eine d\u00fcnne Schicht auf der Hautoberfl\u00e4che, spendet Feuchtigkeit, regeneriert die Haut und hilft ihr, nat\u00fcrlich zu atmen. Es hat eine ausgezeichnete weichmachende und beruhigende Wirkung, wirkt entz\u00fcndungshemmend und antibakteriell und regeneriert gesch\u00e4digte Hautzellen.<\/p>\n<p><b><br \/>\n  <u>BIO SHEA-Butter<\/u><br \/>\n<\/b> &#8211; wird seit Generationen wegen ihrer n\u00e4hrenden, sch\u00fctzenden, feuchtigkeitsspendenden und heilenden Eigenschaften verwendet, um die Haut zu erhalten, zu verbessern und vor den sch\u00e4dlichen Auswirkungen von Sonne, Wind und anderen \u00e4u\u00dferen Faktoren zu sch\u00fctzen.<\/p>\n<p><b><br \/>\n  <u>Guajakbaum\u00f6l<\/u><br \/>\n<\/b> &#8211; zur Behandlung verschiedener Beschwerden, zur Heilung der Haut und zur Anregung der Selbstheilungskr\u00e4fte.<\/p>\n<p><b><br \/>\n  <u>Zinkoxid<\/u><br \/>\n<\/b> &#8211; ist ein Desinfektions- und Reinigungsmittel sowie ein Hautheilmittel, das den Heilungsprozess anregt. Es ist f\u00fcr gereizte Haut geeignet und hat eine antibakterielle, pilzt\u00f6tende und antiseptische Wirkung.<\/p>\n<p><b><br \/>\n  <u>Vitamin E<\/u><br \/>\n<\/b> &#8211; hat eine starke antioxidative, alterungshemmende und elastizit\u00e4tsf\u00f6rdernde Wirkung. Es wirkt entz\u00fcndungshemmend, unterst\u00fctzt die Wiederherstellung des Hautschutzmantels und hat eine regenerierende Wirkung.<\/p>\n<\/div>\n<\/div>\n<\/div>\n<\/div>\n<\/div>\n<\/div>\n<\/div>\n<\/div>\n<\/section>\n<\/div>\n<\/div>\n<\/div>\n<\/div>\n<\/div>\n<\/section>\n<section class=\"elementor-section elementor-top-section elementor-element elementor-element-acc2a40 elementor-section-boxed elementor-section-height-default elementor-section-height-default\" data-id=\"acc2a40\" data-element_type=\"section\">\n<div class=\"elementor-container elementor-column-gap-default\">\n<div class=\"elementor-row\">\n<div class=\"elementor-column elementor-col-100 elementor-top-column elementor-element elementor-element-faa3f3b\" data-id=\"faa3f3b\" data-element_type=\"column\">\n<div class=\"elementor-column-wrap elementor-element-populated\">\n<div class=\"elementor-widget-wrap\">\n<div class=\"elementor-element elementor-element-89e0ad1 elementor-align-left elementor-widget__width-auto elementor-icon-list--layout-traditional elementor-list-item-link-full_width elementor-widget elementor-widget-icon-list\" data-id=\"89e0ad1\" data-element_type=\"widget\" data-widget_type=\"icon-list.default\">\n<div class=\"elementor-widget-container\">\n<p>&nbsp;<\/p>\n<\/div>\n<\/div>\n<\/div>\n<\/div>\n<\/div>\n<\/div>\n<\/div>\n<\/section>\n<section class=\"elementor-section elementor-top-section elementor-element elementor-element-2fbb65d elementor-section-boxed elementor-section-height-default elementor-section-height-default\" data-id=\"2fbb65d\" data-element_type=\"section\">\n<div class=\"elementor-container elementor-column-gap-default\">\n<div class=\"elementor-row\">\n<div class=\"elementor-column elementor-col-100 elementor-top-column elementor-element elementor-element-956fb10\" data-id=\"956fb10\" data-element_type=\"column\">\n<div class=\"elementor-column-wrap elementor-element-populated\">\n<div class=\"elementor-widget-wrap\">\n<div class=\"elementor-element elementor-element-4e2bcdb elementor-widget elementor-widget-text-editor\" data-id=\"4e2bcdb\" data-element_type=\"widget\" data-widget_type=\"text-editor.default\">\n<div class=\"elementor-widget-container\">\n<div class=\"elementor-text-editor elementor-clearfix\">\n<h3 class=\"u-text u-text-default u-text-6\" style=\"text-align: center;\"><strong>K\u00f6nnen Sie sehen, warum die Pro-Skin-Salbe so wirksam ist?<\/strong><\/h3>\n<\/div>\n<\/div>\n<\/div>\n<div class=\"elementor-element elementor-element-0b807b3 elementor-align-left elementor-widget__width-auto elementor-icon-list--layout-traditional elementor-list-item-link-full_width elementor-widget elementor-widget-icon-list\" data-id=\"0b807b3\" data-element_type=\"widget\" data-widget_type=\"icon-list.default\">\n<div class=\"elementor-widget-container\">\n<p><i class=\"fas fa-paw\" aria-hidden=\"true\"><\/i><span class=\"elementor-icon-list-text\">DER PROPOLISGEHALT TR\u00c4GT ZUR MIKROBIOLOGISCHEN UNTERST\u00dcTZUNG DER WUNDHEILUNGSPROZESSE BEI, F\u00d6RDERT DIE ZELLATMUNG UND DEN ZELLSTOFFWECHSEL UND BESCHLEUNIGT DADURCH DIE BILDUNG NEUER EPITHELFL\u00c4CHEN.<\/span><\/p>\n<p><i class=\"fas fa-paw\" aria-hidden=\"true\"><\/i><span class=\"elementor-icon-list-text\">DIE FEUCHTIGKEITSSPENDENDEN UND BERUHIGENDEN INHALTSSTOFFE LINDERN REIZUNGEN FAST SOFORT UND HELFEN, WUNDEN SCHNELL ZU HEILEN.<\/span><\/p>\n<p><i class=\"fas fa-paw\" aria-hidden=\"true\"><\/i><span class=\"elementor-icon-list-text\">DER GEHALT AN VITAMINEN UND SPURENELEMENTEN VERBESSERT WIRKSAM DAS WASSERBINDEVERM\u00d6GEN DER HAUT, SPENDET FEUCHTIGKEIT UND HILFT, DIE HAUTOBERFL\u00c4CHE AUFZUBAUEN.<\/span><\/p>\n<p><i class=\"fas fa-paw\" aria-hidden=\"true\"><\/i><span class=\"elementor-icon-list-text\">DER BIENENWACHSANTEIL BILDET EINEN LEICHTEN FILM AUF DER HAUT, DER DIE HAUT VOR DEM AUSTROCKNEN SCH\u00dcTZT, ABER DIE LUFT NICHT BLOCKIERT.<\/span><\/p>\n<p><i class=\"fas fa-paw\" aria-hidden=\"true\"><\/i><span class=\"elementor-icon-list-text\">IST EIN NACHWEISLICH HYPOALLERGENES PRODUKT, DAS DIE HAUT IHRES HAUSTIERES NICHT REIZT.<\/span><\/p>\n<p><i class=\"fas fa-paw\" aria-hidden=\"true\"><\/i><span class=\"elementor-icon-list-text\">IST AUCH IDEAL F\u00dcR DIE GEZIELTE VERSORGUNG VON BISSWUNDEN, KLEINEREN HAUTVERLETZUNGEN UND SCH\u00dcRFWUNDEN.<\/span><\/p>\n<p><i class=\"fas fa-paw\" aria-hidden=\"true\"><\/i><span class=\"elementor-icon-list-text\">IST DANK SEINER SPEZIFISCHEN NAT\u00dcRLICHEN INHALTSSTOFFE EIN WIRKSAMES HILFSMITTEL BEI DER BEHANDLUNG VON HAUTINFEKTIONEN, DIE DURCH HAUTVERLETZUNGEN VERURSACHT WERDEN.<\/span><\/p>\n<\/div>\n<\/div>\n<\/div>\n<\/div>\n<\/div>\n<\/div>\n<\/div>\n<\/section>\n","protected":false},"excerpt":{"rendered":"<p>Creme f\u00fcr gereizte Haut -PRO-SKIN<\/p>\n<p>Sofortige Linderung bei der Behandlung gesch\u00e4digter, gereizter Haut. Beschleunigt den Heilungsprozess, desinfiziert die Oberfl\u00e4che, reduziert die Reizung und hilft bei der Bildung von neuem Epithelgewebe.<\/p>\n<div>\n<div><\/div>\n<\/div>\n","protected":false},"featured_media":11401,"template":"","meta":[],"product_brand":[],"product_cat":[142],"product_tag":[],"class_list":{"0":"post-13890","1":"product","2":"type-product","3":"status-publish","4":"has-post-thumbnail","6":"product_cat-whizzopet-de","7":"product_shipping_class-paczkomat-de","9":"first","10":"instock","11":"taxable","12":"shipping-taxable","13":"purchasable","14":"product-type-variable"},"yoast_head":"<!-- This site is optimized with the Yoast SEO plugin v27.4 - https:\/\/yoast.com\/product\/yoast-seo-wordpress\/ -->\n<title>PRO-SKIN MEDIZINISCHE SALBE - AnimalsLove.pl - Shop - Zezowate Szcz\u0119\u015bcie - Franz\u00f6sische Bulldoggenzucht<\/title>\n<meta name=\"robots\" content=\"index, follow, max-snippet:-1, max-image-preview:large, max-video-preview:-1\" \/>\n<link rel=\"canonical\" href=\"https:\/\/animalslove.pl\/de\/produkt\/maske-maske-pro-haut\/\" \/>\n<meta property=\"og:locale\" content=\"de_DE\" \/>\n<meta property=\"og:type\" content=\"article\" \/>\n<meta property=\"og:title\" content=\"PRO-SKIN MEDIZINISCHE SALBE - AnimalsLove.pl - Shop - Zezowate Szcz\u0119\u015bcie - Franz\u00f6sische Bulldoggenzucht\" \/>\n<meta property=\"og:description\" content=\"Creme f\u00fcr gereizte Haut -PRO-SKIN Sofortige Linderung bei der Behandlung gesch\u00e4digter, gereizter Haut. Beschleunigt den Heilungsprozess, desinfiziert die Oberfl\u00e4che, reduziert die Reizung und hilft bei der Bildung von neuem Epithelgewebe.\" \/>\n<meta property=\"og:url\" content=\"https:\/\/animalslove.pl\/de\/produkt\/maske-maske-pro-haut\/\" \/>\n<meta property=\"og:site_name\" content=\"AnimalsLove.pl - Shop - Zezowate Szcz\u0119\u015bcie - Franz\u00f6sische Bulldoggenzucht\" \/>\n<meta property=\"article:modified_time\" content=\"2023-11-02T11:49:41+00:00\" \/>\n<meta property=\"og:image\" content=\"https:\/\/animalslove.pl\/wp-content\/uploads\/2021\/11\/IMG_0142.jpg\" \/>\n\t<meta property=\"og:image:width\" content=\"995\" \/>\n\t<meta property=\"og:image:height\" content=\"1024\" \/>\n\t<meta property=\"og:image:type\" content=\"image\/jpeg\" \/>\n<meta name=\"twitter:card\" content=\"summary_large_image\" \/>\n<meta name=\"twitter:label1\" content=\"Gesch\u00e4tzte Lesezeit\" \/>\n\t<meta name=\"twitter:data1\" content=\"3\u00a0Minuten\" \/>\n<script type=\"application\/ld+json\" class=\"yoast-schema-graph\">{\"@context\":\"https:\\\/\\\/schema.org\",\"@graph\":[{\"@type\":\"WebPage\",\"@id\":\"https:\\\/\\\/animalslove.pl\\\/de\\\/produkt\\\/maske-maske-pro-haut\\\/\",\"url\":\"https:\\\/\\\/animalslove.pl\\\/de\\\/produkt\\\/maske-maske-pro-haut\\\/\",\"name\":\"PRO-SKIN MEDIZINISCHE SALBE - AnimalsLove.pl - Shop - Zezowate Szcz\u0119\u015bcie - Franz\u00f6sische Bulldoggenzucht\",\"isPartOf\":{\"@id\":\"https:\\\/\\\/animalslove.pl\\\/de\\\/#website\"},\"primaryImageOfPage\":{\"@id\":\"https:\\\/\\\/animalslove.pl\\\/de\\\/produkt\\\/maske-maske-pro-haut\\\/#primaryimage\"},\"image\":{\"@id\":\"https:\\\/\\\/animalslove.pl\\\/de\\\/produkt\\\/maske-maske-pro-haut\\\/#primaryimage\"},\"thumbnailUrl\":\"https:\\\/\\\/animalslove.pl\\\/wp-content\\\/uploads\\\/2021\\\/11\\\/IMG_0142.jpg\",\"datePublished\":\"2023-09-06T09:38:35+00:00\",\"dateModified\":\"2023-11-02T11:49:41+00:00\",\"breadcrumb\":{\"@id\":\"https:\\\/\\\/animalslove.pl\\\/de\\\/produkt\\\/maske-maske-pro-haut\\\/#breadcrumb\"},\"inLanguage\":\"de\",\"potentialAction\":[{\"@type\":\"ReadAction\",\"target\":[\"https:\\\/\\\/animalslove.pl\\\/de\\\/produkt\\\/maske-maske-pro-haut\\\/\"]}]},{\"@type\":\"ImageObject\",\"inLanguage\":\"de\",\"@id\":\"https:\\\/\\\/animalslove.pl\\\/de\\\/produkt\\\/maske-maske-pro-haut\\\/#primaryimage\",\"url\":\"https:\\\/\\\/animalslove.pl\\\/wp-content\\\/uploads\\\/2021\\\/11\\\/IMG_0142.jpg\",\"contentUrl\":\"https:\\\/\\\/animalslove.pl\\\/wp-content\\\/uploads\\\/2021\\\/11\\\/IMG_0142.jpg\",\"width\":995,\"height\":1024},{\"@type\":\"BreadcrumbList\",\"@id\":\"https:\\\/\\\/animalslove.pl\\\/de\\\/produkt\\\/maske-maske-pro-haut\\\/#breadcrumb\",\"itemListElement\":[{\"@type\":\"ListItem\",\"position\":1,\"name\":\"Home\",\"item\":\"https:\\\/\\\/animalslove.pl\\\/de\\\/home-coffee\\\/\"},{\"@type\":\"ListItem\",\"position\":2,\"name\":\"Gesch\u00e4ft\",\"item\":\"https:\\\/\\\/animalslove.pl\\\/de\\\/geschaeft\\\/\"},{\"@type\":\"ListItem\",\"position\":3,\"name\":\"PRO-SKIN MEDIZINISCHE SALBE\"}]},{\"@type\":\"WebSite\",\"@id\":\"https:\\\/\\\/animalslove.pl\\\/de\\\/#website\",\"url\":\"https:\\\/\\\/animalslove.pl\\\/de\\\/\",\"name\":\"AnimalsLove.pl - Shop - Zezowate Szcz\u0119\u015bcie - Franz\u00f6sische Bulldoggenzucht\",\"description\":\"Franz\u00f6sische Bulldoggen. Shop mit Zubeh\u00f6r f\u00fcr Hunde und Katzen. Kosmetik f\u00fcr Tiere. Schielendes \\\"Zezowate Szcz\u0119\u015bcie\\\".\",\"potentialAction\":[{\"@type\":\"SearchAction\",\"target\":{\"@type\":\"EntryPoint\",\"urlTemplate\":\"https:\\\/\\\/animalslove.pl\\\/de\\\/?s={search_term_string}\"},\"query-input\":{\"@type\":\"PropertyValueSpecification\",\"valueRequired\":true,\"valueName\":\"search_term_string\"}}],\"inLanguage\":\"de\"}]}<\/script>\n<!-- \/ Yoast SEO plugin. -->","yoast_head_json":{"title":"PRO-SKIN MEDIZINISCHE SALBE - AnimalsLove.pl - Shop - Zezowate Szcz\u0119\u015bcie - Franz\u00f6sische Bulldoggenzucht","robots":{"index":"index","follow":"follow","max-snippet":"max-snippet:-1","max-image-preview":"max-image-preview:large","max-video-preview":"max-video-preview:-1"},"canonical":"https:\/\/animalslove.pl\/de\/produkt\/maske-maske-pro-haut\/","og_locale":"de_DE","og_type":"article","og_title":"PRO-SKIN MEDIZINISCHE SALBE - AnimalsLove.pl - Shop - Zezowate Szcz\u0119\u015bcie - Franz\u00f6sische Bulldoggenzucht","og_description":"Creme f\u00fcr gereizte Haut -PRO-SKIN Sofortige Linderung bei der Behandlung gesch\u00e4digter, gereizter Haut. Beschleunigt den Heilungsprozess, desinfiziert die Oberfl\u00e4che, reduziert die Reizung und hilft bei der Bildung von neuem Epithelgewebe.","og_url":"https:\/\/animalslove.pl\/de\/produkt\/maske-maske-pro-haut\/","og_site_name":"AnimalsLove.pl - Shop - Zezowate Szcz\u0119\u015bcie - Franz\u00f6sische Bulldoggenzucht","article_modified_time":"2023-11-02T11:49:41+00:00","og_image":[{"width":995,"height":1024,"url":"https:\/\/animalslove.pl\/wp-content\/uploads\/2021\/11\/IMG_0142.jpg","type":"image\/jpeg"}],"twitter_card":"summary_large_image","twitter_misc":{"Gesch\u00e4tzte Lesezeit":"3\u00a0Minuten"},"schema":{"@context":"https:\/\/schema.org","@graph":[{"@type":"WebPage","@id":"https:\/\/animalslove.pl\/de\/produkt\/maske-maske-pro-haut\/","url":"https:\/\/animalslove.pl\/de\/produkt\/maske-maske-pro-haut\/","name":"PRO-SKIN MEDIZINISCHE SALBE - AnimalsLove.pl - Shop - Zezowate Szcz\u0119\u015bcie - Franz\u00f6sische Bulldoggenzucht","isPartOf":{"@id":"https:\/\/animalslove.pl\/de\/#website"},"primaryImageOfPage":{"@id":"https:\/\/animalslove.pl\/de\/produkt\/maske-maske-pro-haut\/#primaryimage"},"image":{"@id":"https:\/\/animalslove.pl\/de\/produkt\/maske-maske-pro-haut\/#primaryimage"},"thumbnailUrl":"https:\/\/animalslove.pl\/wp-content\/uploads\/2021\/11\/IMG_0142.jpg","datePublished":"2023-09-06T09:38:35+00:00","dateModified":"2023-11-02T11:49:41+00:00","breadcrumb":{"@id":"https:\/\/animalslove.pl\/de\/produkt\/maske-maske-pro-haut\/#breadcrumb"},"inLanguage":"de","potentialAction":[{"@type":"ReadAction","target":["https:\/\/animalslove.pl\/de\/produkt\/maske-maske-pro-haut\/"]}]},{"@type":"ImageObject","inLanguage":"de","@id":"https:\/\/animalslove.pl\/de\/produkt\/maske-maske-pro-haut\/#primaryimage","url":"https:\/\/animalslove.pl\/wp-content\/uploads\/2021\/11\/IMG_0142.jpg","contentUrl":"https:\/\/animalslove.pl\/wp-content\/uploads\/2021\/11\/IMG_0142.jpg","width":995,"height":1024},{"@type":"BreadcrumbList","@id":"https:\/\/animalslove.pl\/de\/produkt\/maske-maske-pro-haut\/#breadcrumb","itemListElement":[{"@type":"ListItem","position":1,"name":"Home","item":"https:\/\/animalslove.pl\/de\/home-coffee\/"},{"@type":"ListItem","position":2,"name":"Gesch\u00e4ft","item":"https:\/\/animalslove.pl\/de\/geschaeft\/"},{"@type":"ListItem","position":3,"name":"PRO-SKIN MEDIZINISCHE SALBE"}]},{"@type":"WebSite","@id":"https:\/\/animalslove.pl\/de\/#website","url":"https:\/\/animalslove.pl\/de\/","name":"AnimalsLove.pl - Shop - Zezowate Szcz\u0119\u015bcie - Franz\u00f6sische Bulldoggenzucht","description":"Franz\u00f6sische Bulldoggen. Shop mit Zubeh\u00f6r f\u00fcr Hunde und Katzen. Kosmetik f\u00fcr Tiere. Schielendes \"Zezowate Szcz\u0119\u015bcie\".","potentialAction":[{"@type":"SearchAction","target":{"@type":"EntryPoint","urlTemplate":"https:\/\/animalslove.pl\/de\/?s={search_term_string}"},"query-input":{"@type":"PropertyValueSpecification","valueRequired":true,"valueName":"search_term_string"}}],"inLanguage":"de"}]}},"_links":{"self":[{"href":"https:\/\/animalslove.pl\/de\/wp-json\/wp\/v2\/product\/13890","targetHints":{"allow":["GET"]}}],"collection":[{"href":"https:\/\/animalslove.pl\/de\/wp-json\/wp\/v2\/product"}],"about":[{"href":"https:\/\/animalslove.pl\/de\/wp-json\/wp\/v2\/types\/product"}],"wp:featuredmedia":[{"embeddable":true,"href":"https:\/\/animalslove.pl\/de\/wp-json\/wp\/v2\/media\/11401"}],"wp:attachment":[{"href":"https:\/\/animalslove.pl\/de\/wp-json\/wp\/v2\/media?parent=13890"}],"wp:term":[{"taxonomy":"product_brand","embeddable":true,"href":"https:\/\/animalslove.pl\/de\/wp-json\/wp\/v2\/product_brand?post=13890"},{"taxonomy":"product_cat","embeddable":true,"href":"https:\/\/animalslove.pl\/de\/wp-json\/wp\/v2\/product_cat?post=13890"},{"taxonomy":"product_tag","embeddable":true,"href":"https:\/\/animalslove.pl\/de\/wp-json\/wp\/v2\/product_tag?post=13890"}],"curies":[{"name":"wp","href":"https:\/\/api.w.org\/{rel}","templated":true}]}}