{"id":13931,"date":"2021-11-10T21:31:11","date_gmt":"2021-11-10T20:31:11","guid":{"rendered":"https:\/\/animalslove.pl\/produkt\/schal-dinosaurier\/"},"modified":"2021-11-10T21:31:11","modified_gmt":"2021-11-10T20:31:11","slug":"schal-dinosaurier","status":"publish","type":"product","link":"https:\/\/animalslove.pl\/de\/produkt\/schal-dinosaurier\/","title":{"rendered":"SCHAL-DINOSAURIER"},"content":{"rendered":"<p><a href=\"https:\/\/www.e-animalslove.pl\/?attachment_id=931\" rel=\"attachment wp-att-931\"><img loading=\"lazy\" decoding=\"async\" class=\"alignnone size-medium wp-image-931\" src=\"http:\/\/www.e-animalslove.pl\/wp-content\/uploads\/2021\/05\/CHUSTKA-300x198.png\" alt=\"\" width=\"300\" height=\"198\"><\/a><\/p>\n<p>&nbsp;<\/p>\n<p>ABMESSUNGEN<\/p>\n<table width=\"280\">\n<tbody>\n<tr>\n<td><\/td>\n<td>Gr\u00f6\u00dfe S<\/td>\n<td>Gr\u00f6\u00dfe M<\/td>\n<td>Gr\u00f6\u00dfe L<\/td>\n<\/tr>\n<tr>\n<td>a<\/td>\n<td>55 cm<\/td>\n<td>70 cm<\/td>\n<td>85 cm<\/td>\n<\/tr>\n<tr>\n<td>b<\/td>\n<td>38 cm<\/td>\n<td>48 cm<\/td>\n<td>58 cm<\/td>\n<\/tr>\n<\/tbody>\n<\/table>\n","protected":false},"excerpt":{"rendered":"<p>Gestufte Schals f\u00fcr Hund und Katze aus Baumwolle h\u00f6chster Qualit\u00e4t, einzigartige und unnachahmliche Designs. Ein entz\u00fcckendes Halstuch mit Charakter, perfekt f\u00fcr Ihr Haustier.<\/p>\n<p>Das Tragetuch wurde in Polen aus den hochwertigsten polnischen Materialien hergestellt, was eine lange und bequeme Nutzung garantiert.<\/p>\n","protected":false},"featured_media":11633,"template":"","meta":[],"product_brand":[],"product_cat":[144,147],"product_tag":[],"class_list":{"0":"post-13931","1":"product","2":"type-product","3":"status-publish","4":"has-post-thumbnail","6":"product_cat-fur-hunde","7":"product_cat-schleier","8":"product_shipping_class-paczkomat-de","10":"first","11":"instock","12":"taxable","13":"shipping-taxable","14":"purchasable","15":"product-type-variable"},"yoast_head":"<!-- This site is optimized with the Yoast SEO plugin v27.1.1 - https:\/\/yoast.com\/product\/yoast-seo-wordpress\/ -->\n<title>SCHAL-DINOSAURIER - AnimalsLove.pl - Shop - Zezowate Szcz\u0119\u015bcie - Franz\u00f6sische Bulldoggenzucht<\/title>\n<meta name=\"robots\" content=\"index, follow, max-snippet:-1, max-image-preview:large, max-video-preview:-1\" \/>\n<link rel=\"canonical\" href=\"https:\/\/animalslove.pl\/de\/produkt\/schal-dinosaurier\/\" \/>\n<meta property=\"og:locale\" content=\"de_DE\" \/>\n<meta property=\"og:type\" content=\"article\" \/>\n<meta property=\"og:title\" content=\"SCHAL-DINOSAURIER - AnimalsLove.pl - Shop - Zezowate Szcz\u0119\u015bcie - Franz\u00f6sische Bulldoggenzucht\" \/>\n<meta property=\"og:description\" content=\"Gestufte Schals f\u00fcr Hund und Katze aus Baumwolle h\u00f6chster Qualit\u00e4t, einzigartige und unnachahmliche Designs. Ein entz\u00fcckendes Halstuch mit Charakter, perfekt f\u00fcr Ihr Haustier. Das Tragetuch wurde in Polen aus den hochwertigsten polnischen Materialien hergestellt, was eine lange und bequeme Nutzung garantiert.\" \/>\n<meta property=\"og:url\" content=\"https:\/\/animalslove.pl\/de\/produkt\/schal-dinosaurier\/\" \/>\n<meta property=\"og:site_name\" content=\"AnimalsLove.pl - Shop - Zezowate Szcz\u0119\u015bcie - Franz\u00f6sische Bulldoggenzucht\" \/>\n<meta property=\"og:image\" content=\"https:\/\/animalslove.pl\/wp-content\/uploads\/2021\/11\/CHUSTKA-4.png\" \/>\n\t<meta property=\"og:image:width\" content=\"1200\" \/>\n\t<meta property=\"og:image:height\" content=\"1200\" \/>\n\t<meta property=\"og:image:type\" content=\"image\/png\" \/>\n<meta name=\"twitter:card\" content=\"summary_large_image\" \/>\n<script type=\"application\/ld+json\" class=\"yoast-schema-graph\">{\"@context\":\"https:\/\/schema.org\",\"@graph\":[{\"@type\":\"WebPage\",\"@id\":\"https:\/\/animalslove.pl\/de\/produkt\/schal-dinosaurier\/\",\"url\":\"https:\/\/animalslove.pl\/de\/produkt\/schal-dinosaurier\/\",\"name\":\"SCHAL-DINOSAURIER - AnimalsLove.pl - Shop - Zezowate Szcz\u0119\u015bcie - Franz\u00f6sische Bulldoggenzucht\",\"isPartOf\":{\"@id\":\"https:\/\/animalslove.pl\/de\/#website\"},\"primaryImageOfPage\":{\"@id\":\"https:\/\/animalslove.pl\/de\/produkt\/schal-dinosaurier\/#primaryimage\"},\"image\":{\"@id\":\"https:\/\/animalslove.pl\/de\/produkt\/schal-dinosaurier\/#primaryimage\"},\"thumbnailUrl\":\"https:\/\/animalslove.pl\/wp-content\/uploads\/2021\/11\/CHUSTKA-4.png\",\"datePublished\":\"2021-11-10T20:31:11+00:00\",\"breadcrumb\":{\"@id\":\"https:\/\/animalslove.pl\/de\/produkt\/schal-dinosaurier\/#breadcrumb\"},\"inLanguage\":\"de\",\"potentialAction\":[{\"@type\":\"ReadAction\",\"target\":[\"https:\/\/animalslove.pl\/de\/produkt\/schal-dinosaurier\/\"]}]},{\"@type\":\"ImageObject\",\"inLanguage\":\"de\",\"@id\":\"https:\/\/animalslove.pl\/de\/produkt\/schal-dinosaurier\/#primaryimage\",\"url\":\"https:\/\/animalslove.pl\/wp-content\/uploads\/2021\/11\/CHUSTKA-4.png\",\"contentUrl\":\"https:\/\/animalslove.pl\/wp-content\/uploads\/2021\/11\/CHUSTKA-4.png\",\"width\":1200,\"height\":1200},{\"@type\":\"BreadcrumbList\",\"@id\":\"https:\/\/animalslove.pl\/de\/produkt\/schal-dinosaurier\/#breadcrumb\",\"itemListElement\":[{\"@type\":\"ListItem\",\"position\":1,\"name\":\"Home\",\"item\":\"https:\/\/animalslove.pl\/de\/home-coffee\/\"},{\"@type\":\"ListItem\",\"position\":2,\"name\":\"Gesch\u00e4ft\",\"item\":\"https:\/\/animalslove.pl\/de\/geschaeft\/\"},{\"@type\":\"ListItem\",\"position\":3,\"name\":\"SCHAL-DINOSAURIER\"}]},{\"@type\":\"WebSite\",\"@id\":\"https:\/\/animalslove.pl\/de\/#website\",\"url\":\"https:\/\/animalslove.pl\/de\/\",\"name\":\"AnimalsLove.pl - Shop - Zezowate Szcz\u0119\u015bcie - Franz\u00f6sische Bulldoggenzucht\",\"description\":\"Franz\u00f6sische Bulldoggen. Shop mit Zubeh\u00f6r f\u00fcr Hunde und Katzen. Kosmetik f\u00fcr Tiere. Schielendes \\\"Zezowate Szcz\u0119\u015bcie\\\".\",\"potentialAction\":[{\"@type\":\"SearchAction\",\"target\":{\"@type\":\"EntryPoint\",\"urlTemplate\":\"https:\/\/animalslove.pl\/de\/?s={search_term_string}\"},\"query-input\":{\"@type\":\"PropertyValueSpecification\",\"valueRequired\":true,\"valueName\":\"search_term_string\"}}],\"inLanguage\":\"de\"}]}<\/script>\n<!-- \/ Yoast SEO plugin. -->","yoast_head_json":{"title":"SCHAL-DINOSAURIER - AnimalsLove.pl - Shop - Zezowate Szcz\u0119\u015bcie - Franz\u00f6sische Bulldoggenzucht","robots":{"index":"index","follow":"follow","max-snippet":"max-snippet:-1","max-image-preview":"max-image-preview:large","max-video-preview":"max-video-preview:-1"},"canonical":"https:\/\/animalslove.pl\/de\/produkt\/schal-dinosaurier\/","og_locale":"de_DE","og_type":"article","og_title":"SCHAL-DINOSAURIER - AnimalsLove.pl - Shop - Zezowate Szcz\u0119\u015bcie - Franz\u00f6sische Bulldoggenzucht","og_description":"Gestufte Schals f\u00fcr Hund und Katze aus Baumwolle h\u00f6chster Qualit\u00e4t, einzigartige und unnachahmliche Designs. Ein entz\u00fcckendes Halstuch mit Charakter, perfekt f\u00fcr Ihr Haustier. Das Tragetuch wurde in Polen aus den hochwertigsten polnischen Materialien hergestellt, was eine lange und bequeme Nutzung garantiert.","og_url":"https:\/\/animalslove.pl\/de\/produkt\/schal-dinosaurier\/","og_site_name":"AnimalsLove.pl - Shop - Zezowate Szcz\u0119\u015bcie - Franz\u00f6sische Bulldoggenzucht","og_image":[{"width":1200,"height":1200,"url":"https:\/\/animalslove.pl\/wp-content\/uploads\/2021\/11\/CHUSTKA-4.png","type":"image\/png"}],"twitter_card":"summary_large_image","schema":{"@context":"https:\/\/schema.org","@graph":[{"@type":"WebPage","@id":"https:\/\/animalslove.pl\/de\/produkt\/schal-dinosaurier\/","url":"https:\/\/animalslove.pl\/de\/produkt\/schal-dinosaurier\/","name":"SCHAL-DINOSAURIER - AnimalsLove.pl - Shop - Zezowate Szcz\u0119\u015bcie - Franz\u00f6sische Bulldoggenzucht","isPartOf":{"@id":"https:\/\/animalslove.pl\/de\/#website"},"primaryImageOfPage":{"@id":"https:\/\/animalslove.pl\/de\/produkt\/schal-dinosaurier\/#primaryimage"},"image":{"@id":"https:\/\/animalslove.pl\/de\/produkt\/schal-dinosaurier\/#primaryimage"},"thumbnailUrl":"https:\/\/animalslove.pl\/wp-content\/uploads\/2021\/11\/CHUSTKA-4.png","datePublished":"2021-11-10T20:31:11+00:00","breadcrumb":{"@id":"https:\/\/animalslove.pl\/de\/produkt\/schal-dinosaurier\/#breadcrumb"},"inLanguage":"de","potentialAction":[{"@type":"ReadAction","target":["https:\/\/animalslove.pl\/de\/produkt\/schal-dinosaurier\/"]}]},{"@type":"ImageObject","inLanguage":"de","@id":"https:\/\/animalslove.pl\/de\/produkt\/schal-dinosaurier\/#primaryimage","url":"https:\/\/animalslove.pl\/wp-content\/uploads\/2021\/11\/CHUSTKA-4.png","contentUrl":"https:\/\/animalslove.pl\/wp-content\/uploads\/2021\/11\/CHUSTKA-4.png","width":1200,"height":1200},{"@type":"BreadcrumbList","@id":"https:\/\/animalslove.pl\/de\/produkt\/schal-dinosaurier\/#breadcrumb","itemListElement":[{"@type":"ListItem","position":1,"name":"Home","item":"https:\/\/animalslove.pl\/de\/home-coffee\/"},{"@type":"ListItem","position":2,"name":"Gesch\u00e4ft","item":"https:\/\/animalslove.pl\/de\/geschaeft\/"},{"@type":"ListItem","position":3,"name":"SCHAL-DINOSAURIER"}]},{"@type":"WebSite","@id":"https:\/\/animalslove.pl\/de\/#website","url":"https:\/\/animalslove.pl\/de\/","name":"AnimalsLove.pl - Shop - Zezowate Szcz\u0119\u015bcie - Franz\u00f6sische Bulldoggenzucht","description":"Franz\u00f6sische Bulldoggen. Shop mit Zubeh\u00f6r f\u00fcr Hunde und Katzen. Kosmetik f\u00fcr Tiere. Schielendes \"Zezowate Szcz\u0119\u015bcie\".","potentialAction":[{"@type":"SearchAction","target":{"@type":"EntryPoint","urlTemplate":"https:\/\/animalslove.pl\/de\/?s={search_term_string}"},"query-input":{"@type":"PropertyValueSpecification","valueRequired":true,"valueName":"search_term_string"}}],"inLanguage":"de"}]}},"_links":{"self":[{"href":"https:\/\/animalslove.pl\/de\/wp-json\/wp\/v2\/product\/13931","targetHints":{"allow":["GET"]}}],"collection":[{"href":"https:\/\/animalslove.pl\/de\/wp-json\/wp\/v2\/product"}],"about":[{"href":"https:\/\/animalslove.pl\/de\/wp-json\/wp\/v2\/types\/product"}],"wp:featuredmedia":[{"embeddable":true,"href":"https:\/\/animalslove.pl\/de\/wp-json\/wp\/v2\/media\/11633"}],"wp:attachment":[{"href":"https:\/\/animalslove.pl\/de\/wp-json\/wp\/v2\/media?parent=13931"}],"wp:term":[{"taxonomy":"product_brand","embeddable":true,"href":"https:\/\/animalslove.pl\/de\/wp-json\/wp\/v2\/product_brand?post=13931"},{"taxonomy":"product_cat","embeddable":true,"href":"https:\/\/animalslove.pl\/de\/wp-json\/wp\/v2\/product_cat?post=13931"},{"taxonomy":"product_tag","embeddable":true,"href":"https:\/\/animalslove.pl\/de\/wp-json\/wp\/v2\/product_tag?post=13931"}],"curies":[{"name":"wp","href":"https:\/\/api.w.org\/{rel}","templated":true}]}}