{"id":13944,"date":"2023-09-06T11:38:35","date_gmt":"2023-09-06T09:38:35","guid":{"rendered":"https:\/\/animalslove.pl\/produkt\/medizinische-creme-w-e-t-cream\/"},"modified":"2023-11-02T12:54:39","modified_gmt":"2023-11-02T11:54:39","slug":"medizinische-creme-in-e-creme","status":"publish","type":"product","link":"https:\/\/animalslove.pl\/de\/produkt\/medizinische-creme-in-e-creme\/","title":{"rendered":"MEDIZINISCHE CREME W.E.T.CREAM"},"content":{"rendered":"<section class=\"elementor-section elementor-top-section elementor-element elementor-element-dbbb43e elementor-section-boxed elementor-section-height-default elementor-section-height-default\" data-id=\"dbbb43e\" data-element_type=\"section\">\n<div class=\"elementor-container elementor-column-gap-default\">\n<div class=\"elementor-row\">\n<div class=\"elementor-column elementor-col-100 elementor-top-column elementor-element elementor-element-cb99514\" data-id=\"cb99514\" data-element_type=\"column\">\n<div class=\"elementor-column-wrap elementor-element-populated\">\n<div class=\"elementor-widget-wrap\">\n<section class=\"elementor-section elementor-inner-section elementor-element elementor-element-4800a6b elementor-section-boxed elementor-section-height-default elementor-section-height-default\" data-id=\"4800a6b\" data-element_type=\"section\">\n<div class=\"elementor-container elementor-column-gap-default\">\n<div class=\"elementor-row\">\n<div class=\"elementor-column elementor-col-50 elementor-inner-column elementor-element elementor-element-e3defcc\" data-id=\"e3defcc\" data-element_type=\"column\">\n<div class=\"elementor-column-wrap elementor-element-populated\">\n<div class=\"elementor-widget-wrap\">\n<div class=\"elementor-element elementor-element-c04f1c8 elementor-widget elementor-widget-text-editor\" data-id=\"c04f1c8\" data-element_type=\"widget\" data-widget_type=\"text-editor.default\">\n<div class=\"elementor-widget-container\">\n<div class=\"elementor-text-editor elementor-clearfix\">\n<p class=\"u-text u-text-default u-text-2\">Haben Sie bemerkt, dass sich Ihr Haustier h\u00e4ufig an den Pfoten kratzt oder leckt? Das liegt daran, dass die Oberfl\u00e4che der Pilzhaut zu jucken beginnt. Wenn das Fell Ihres Welpen ausf\u00e4llt und Sie unter den Haaren dunkle Haut sehen oder sich die Haare zwischen den Zehen rostrot verf\u00e4rben, k\u00f6nnte dies ebenfalls auf einen Pilz hinweisen.<\/p>\n<\/div>\n<p>Die WET-Cremesalbe, die als Arzneimittel zertifiziert ist, bietet eine L\u00f6sung f\u00fcr dieses Problem.<\/p>\n<\/div>\n<\/div>\n<\/div>\n<\/div>\n<\/div>\n<\/div>\n<\/div>\n<\/section>\n<\/div>\n<\/div>\n<\/div>\n<\/div>\n<\/div>\n<\/section>\n<section class=\"elementor-section elementor-top-section elementor-element elementor-element-567c379 elementor-section-boxed elementor-section-height-default elementor-section-height-default\" data-id=\"567c379\" data-element_type=\"section\">\n<div class=\"elementor-container elementor-column-gap-default\">\n<div class=\"elementor-row\">\n<div class=\"elementor-column elementor-col-100 elementor-top-column elementor-element elementor-element-d2895f0\" data-id=\"d2895f0\" data-element_type=\"column\">\n<div class=\"elementor-column-wrap elementor-element-populated\">\n<div class=\"elementor-widget-wrap\">\n<div class=\"elementor-element elementor-element-3778b68 elementor-widget elementor-widget-text-editor\" data-id=\"3778b68\" data-element_type=\"widget\" data-widget_type=\"text-editor.default\">\n<div class=\"elementor-widget-container\">\n<div class=\"elementor-text-editor elementor-clearfix\">\n<p><img loading=\"lazy\" decoding=\"async\" class=\"attachment-full aligncenter\" src=\"https:\/\/whizzopet.hu\/wp-content\/uploads\/2020\/05\/wet-1-1.jpg\" sizes=\"auto, (max-width: 2048px) 100vw, 2048px\" srcset=\"https:\/\/whizzopet.hu\/wp-content\/uploads\/2020\/05\/wet-1-1.jpg 2048w, https:\/\/whizzopet.hu\/wp-content\/uploads\/2020\/05\/wet-1-1-300x300.jpg 300w, https:\/\/whizzopet.hu\/wp-content\/uploads\/2020\/05\/wet-1-1-1024x1024.jpg 1024w, https:\/\/whizzopet.hu\/wp-content\/uploads\/2020\/05\/wet-1-1-150x150.jpg 150w, https:\/\/whizzopet.hu\/wp-content\/uploads\/2020\/05\/wet-1-1-768x768.jpg 768w, https:\/\/whizzopet.hu\/wp-content\/uploads\/2020\/05\/wet-1-1-1536x1536.jpg 1536w, https:\/\/whizzopet.hu\/wp-content\/uploads\/2020\/05\/wet-1-1-700x700.jpg 700w, https:\/\/whizzopet.hu\/wp-content\/uploads\/2020\/05\/wet-1-1-100x100.jpg 100w\" alt=\"\" width=\"495\" height=\"495\"><\/p>\n<p>&nbsp;<\/p>\n<h3 class=\"u-text u-text-default u-text-3\" style=\"text-align: center;\"><strong>Warum wird Ihr Welpe dankbar sein, wenn Sie sich f\u00fcr die WET Cream Salbe entscheiden?<\/strong><\/h3>\n<\/div>\n<\/div>\n<\/div>\n<\/div>\n<\/div>\n<\/div>\n<\/div>\n<\/div>\n<\/section>\n<section class=\"elementor-section elementor-top-section elementor-element elementor-element-d40f7e9 elementor-section-boxed elementor-section-height-default elementor-section-height-default\" data-id=\"d40f7e9\" data-element_type=\"section\">\n<div class=\"elementor-container elementor-column-gap-default\">\n<div class=\"elementor-row\">\n<div class=\"elementor-column elementor-col-100 elementor-top-column elementor-element elementor-element-63d54cb\" data-id=\"63d54cb\" data-element_type=\"column\">\n<div class=\"elementor-column-wrap elementor-element-populated\">\n<div class=\"elementor-widget-wrap\">\n<section class=\"elementor-section elementor-inner-section elementor-element elementor-element-e08f70a elementor-section-boxed elementor-section-height-default elementor-section-height-default\" data-id=\"e08f70a\" data-element_type=\"section\">\n<div class=\"elementor-container elementor-column-gap-default\">\n<div class=\"elementor-row\">\n<div class=\"elementor-column elementor-col-50 elementor-inner-column elementor-element elementor-element-e59284c\" data-id=\"e59284c\" data-element_type=\"column\">\n<div class=\"elementor-column-wrap elementor-element-populated\">\n<div class=\"elementor-widget-wrap\">\n<div class=\"elementor-element elementor-element-8046b53 elementor-widget elementor-widget-text-editor\" data-id=\"8046b53\" data-element_type=\"widget\" data-widget_type=\"text-editor.default\">\n<div class=\"elementor-widget-container\">\n<div class=\"elementor-text-editor elementor-clearfix\">\n<p><b><br \/>\n  <u>BIO-Neem\u00f6l<\/u><br \/>\n<\/b> &#8211; wirkt fungizid, bakterizid und parasitenabt\u00f6tend. Au\u00dferdem regeneriert es die Haut und wirkt stark entz\u00fcndungshemmend, lindert die Auswirkungen von Hautkrankheiten, hilft bei der Heilung verschiedener Wunden und eignet sich hervorragend zur Behandlung trockener und rissiger Haut.<\/p>\n<\/div>\n<\/div>\n<\/div>\n<\/div>\n<\/div>\n<\/div>\n<div class=\"elementor-column elementor-col-50 elementor-inner-column elementor-element elementor-element-aad5335\" data-id=\"aad5335\" data-element_type=\"column\">\n<div class=\"elementor-column-wrap elementor-element-populated\">\n<div class=\"elementor-widget-wrap\">\n<div class=\"elementor-element elementor-element-43f6572 elementor-widget elementor-widget-text-editor\" data-id=\"43f6572\" data-element_type=\"widget\" data-widget_type=\"text-editor.default\">\n<div class=\"elementor-widget-container\">\n<div class=\"elementor-text-editor elementor-clearfix\">\n<p><u><br \/>\n  <b>BIO-Hanfsamen\u00f6l<\/b><br \/>\n<\/u> &#8211; liefert wichtige Fetts\u00e4uren, die die Gesundheit und Widerstandsf\u00e4higkeit der Zellw\u00e4nde erhalten und zur wirksamen Behandlung von chronischen Allergien und Entz\u00fcndungen beitragen. Sie strafft und festigt die Haut, wirkt wohltuend bei ger\u00f6teter und gereizter Haut und stimuliert die Zellregeneration.<\/p>\n<p><b><br \/>\n  <u>BIO-Bienenwachs<\/u><br \/>\n<\/b> &#8211; verleiht eine hautfreundliche Textur und hat eine ausgezeichnete weichmachende und beruhigende Wirkung, sowie entz\u00fcndungshemmende und antibakterielle Eigenschaften. Sie regeneriert die Hautzellen, sch\u00fctzt vor Reizungen und spendet der Haut Feuchtigkeit.<\/p>\n<\/div>\n<\/div>\n<\/div>\n<\/div>\n<\/div>\n<\/div>\n<\/div>\n<\/div>\n<\/section>\n<\/div>\n<\/div>\n<\/div>\n<\/div>\n<\/div>\n<\/section>\n<section class=\"elementor-section elementor-top-section elementor-element elementor-element-01457e2 elementor-section-boxed elementor-section-height-default elementor-section-height-default\" data-id=\"01457e2\" data-element_type=\"section\">\n<div class=\"elementor-container elementor-column-gap-default\">\n<div class=\"elementor-row\">\n<div class=\"elementor-column elementor-col-100 elementor-top-column elementor-element elementor-element-078ea58\" data-id=\"078ea58\" data-element_type=\"column\">\n<div class=\"elementor-column-wrap elementor-element-populated\">\n<div class=\"elementor-widget-wrap\">\n<div class=\"elementor-element elementor-element-53736ca elementor-widget elementor-widget-text-editor\" data-id=\"53736ca\" data-element_type=\"widget\" data-widget_type=\"text-editor.default\">\n<div class=\"elementor-widget-container\">\n<div class=\"elementor-text-editor elementor-clearfix\">\n<p><b><br \/>\n  <u>BIO Propolis<\/u><br \/>\n<\/b> &#8211; ist ein exzellentes Antioxidans, eine beruhigende und vertrocknende Substanz und hat au\u00dferdem eine pathogene und fungizide Wirkung.<\/p>\n<p><b><br \/>\n  <u>BIO SHEA-Butter<\/u><br \/>\n<\/b> &#8211; wird wegen ihrer n\u00e4hrenden, sch\u00fctzenden und feuchtigkeitsspendenden Eigenschaften seit Generationen verwendet, um die Haut zu erhalten, zu verbessern und vor den sch\u00e4dlichen Auswirkungen von Sonne, Wind und anderen \u00e4u\u00dferen Faktoren zu sch\u00fctzen. Es hilft, Wunden zu heilen, stimuliert die Epidermisbildung, n\u00e4hrt das Hautgewebe und lindert Reizungen.<\/p>\n<p><b><br \/>\n  <u>BIO-Kokosnuss\u00f6l<\/u><br \/>\n<\/b> &#8211; lindert R\u00f6tungen und Hautreizungen und ist \u00e4u\u00dferst wirksam bei der Pflege von rissiger Haut.<\/p>\n<p><b><br \/>\n  <u>Guajakbaum\u00f6l<\/u><br \/>\n<\/b>&#8211; wird zur Behandlung verschiedener Beschwerden, zur Heilung der Haut und zur Anregung der Selbstheilung verwendet.<\/p>\n<p><b><br \/>\n  <u>Zinkoxid<\/u><br \/>\n<\/b> &#8211; Ausgezeichnetes Desinfektions-, Reinigungs- und Hautheilmittel, f\u00f6rdert die Wundheilung. Es hat eine antibakterielle, pilzt\u00f6tende und antiseptische Wirkung.<\/p>\n<p><b><br \/>\n  <u>Bisabolol<\/u><br \/>\n<\/b> &#8211; wird bei empfindlicher, spr\u00f6der, gereizter oder verletzter Haut verwendet. Es wirkt stark entz\u00fcndungshemmend, sch\u00fctzt vor Reizungen, lindert Juckreiz und verbessert die Hautstruktur und -elastizit\u00e4t.<\/p>\n<p><b><br \/>\n  <u>Vitamin E<\/u><br \/>\n<\/b> &#8211; wirkt hemmend und entz\u00fcndungshemmend, tr\u00e4gt zur Aufrechterhaltung des Hautschutzmantels bei, regeneriert die Haut<\/p>\n<\/div>\n<\/div>\n<\/div>\n<\/div>\n<\/div>\n<\/div>\n<\/div>\n<\/div>\n<\/section>\n<section class=\"elementor-section elementor-top-section elementor-element elementor-element-53664e0 elementor-section-boxed elementor-section-height-default elementor-section-height-default\" data-id=\"53664e0\" data-element_type=\"section\">\n<div class=\"elementor-container elementor-column-gap-default\">\n<div class=\"elementor-row\">\n<div class=\"elementor-column elementor-col-100 elementor-top-column elementor-element elementor-element-6f375cd\" data-id=\"6f375cd\" data-element_type=\"column\">\n<div class=\"elementor-column-wrap elementor-element-populated\">\n<div class=\"elementor-widget-wrap\">\n<div class=\"elementor-element elementor-element-c0a43df elementor-align-left elementor-widget__width-auto elementor-icon-list--layout-traditional elementor-list-item-link-full_width elementor-widget elementor-widget-icon-list\" data-id=\"c0a43df\" data-element_type=\"widget\" data-widget_type=\"icon-list.default\">\n<div class=\"elementor-widget-container\">\n<p>&nbsp;<\/p>\n<\/div>\n<\/div>\n<div class=\"elementor-element elementor-element-37382c2 elementor-widget elementor-widget-text-editor\" data-id=\"37382c2\" data-element_type=\"widget\" data-widget_type=\"text-editor.default\">\n<div class=\"elementor-widget-container\">\n<div class=\"elementor-text-editor elementor-clearfix\">\n<h3 class=\"u-text u-text-default u-text-6\" style=\"text-align: center;\"><strong>Erkennen Sie schon die wahre Kraft der WET-Creme-Salbe?<\/strong><\/h3>\n<\/div>\n<\/div>\n<\/div>\n<\/div>\n<\/div>\n<\/div>\n<\/div>\n<\/div>\n<\/section>\n<section class=\"elementor-section elementor-top-section elementor-element elementor-element-c7a0cb6 elementor-section-boxed elementor-section-height-default elementor-section-height-default\" data-id=\"c7a0cb6\" data-element_type=\"section\">\n<div class=\"elementor-container elementor-column-gap-default\">\n<div class=\"elementor-row\">\n<div class=\"elementor-column elementor-col-50 elementor-top-column elementor-element elementor-element-2c8ebf3\" data-id=\"2c8ebf3\" data-element_type=\"column\">\n<div class=\"elementor-column-wrap elementor-element-populated\">\n<div class=\"elementor-widget-wrap\">\n<div class=\"elementor-element elementor-element-4f6979d elementor-align-left elementor-widget__width-auto elementor-icon-list--layout-traditional elementor-list-item-link-full_width elementor-widget elementor-widget-icon-list\" data-id=\"4f6979d\" data-element_type=\"widget\" data-widget_type=\"icon-list.default\">\n<div class=\"elementor-widget-container\">\n<p><i class=\"fas fa-paw\" aria-hidden=\"true\"><\/i><span class=\"elementor-icon-list-text\">SEINE FEUCHTIGKEITSSPENDENDEN, BERUHIGENDEN UND PFLEGENDEN INHALTSSTOFFE K\u00d6NNEN REIZUNGEN FAST SOFORT LINDERN.<\/span><\/p>\n<p><i class=\"fas fa-paw\" aria-hidden=\"true\"><\/i><span class=\"elementor-icon-list-text\">DER HOHE VITAMINGEHALT VERBESSERT DAS WASSERBINDEVERM\u00d6GEN DER HAUT UND N\u00c4HRT DAS GEWEBE.<\/span><\/p>\n<p><i class=\"fas fa-paw\" aria-hidden=\"true\"><\/i><span class=\"elementor-icon-list-text\">SEINE SANFTE PEELINGWIRKUNG HILFT, EINE NEUE, GESUNDE HAUTOBERFL\u00c4CHE ZU SCHAFFEN.<\/span><\/p>\n<p><i class=\"fas fa-paw\" aria-hidden=\"true\"><\/i><span class=\"elementor-icon-list-text\">PROPOLIS ENTH\u00c4LT ANTIMIKROBIELLE WIRKSTOFFE.<\/span><\/p>\n<p><i class=\"fas fa-paw\" aria-hidden=\"true\"><\/i><span class=\"elementor-icon-list-text\">DER BIENENWACHSANTEIL BILDET EINEN LICHTFILTER AUF DER HAUT, DER DIE HAUT VOR DEM AUSTROCKNEN SCH\u00dcTZT, ABER DIE LUFT NICHT BLOCKIERT.<\/span><\/p>\n<p><i class=\"fas fa-paw\" aria-hidden=\"true\"><\/i><span class=\"elementor-icon-list-text\">DER BIENENWACHSANTEIL SPENDET DER HAUT DANK SEINES VITAMINGEHALTS WIRKSAM FEUCHTIGKEIT, TR\u00c4GT ZUR SCHNELLEN REGENERATION BEI, VERBESSERT DAS HAUTBILD UND LINDERT JUCKREIZ.<\/span><\/p>\n<\/div>\n<\/div>\n<\/div>\n<\/div>\n<\/div>\n<\/div>\n<\/div>\n<\/section>\n","protected":false},"excerpt":{"rendered":"<div class=\"elementor-element elementor-element-cust_99c6c3d elementor-align-left elementor-widget__width-auto elementor-icon-list--layout-traditional elementor-widget elementor-widget-icon-list\" data-id=\"99c6c3d\" data-element_type=\"widget\" data-widget_type=\"icon-list.default\">\n<div class=\"elementor-widget-container\"><\/div>\n<\/div>\n<p>Hypoallergene W.E.T. CREM-Creme<\/p>\n<p>Hypoallergene Creme mit Propolis, Bienenwachs, Kr\u00e4utern und Zinkoxid zur Unterst\u00fctzung der Behandlung verschiedener Pilzinfektionen und Heilungsprozesse der Haut.<\/p>\n","protected":false},"featured_media":11403,"template":"","meta":[],"product_brand":[],"product_cat":[142],"product_tag":[],"class_list":{"0":"post-13944","1":"product","2":"type-product","3":"status-publish","4":"has-post-thumbnail","6":"product_cat-whizzopet-de","7":"product_shipping_class-paczkomat-de","9":"first","10":"instock","11":"taxable","12":"shipping-taxable","13":"purchasable","14":"product-type-variable"},"yoast_head":"<!-- This site is optimized with the Yoast SEO plugin v27.4 - https:\/\/yoast.com\/product\/yoast-seo-wordpress\/ -->\n<title>MEDIZINISCHE CREME W.E.T.CREAM - AnimalsLove.pl - Shop - Zezowate Szcz\u0119\u015bcie - Franz\u00f6sische Bulldoggenzucht<\/title>\n<meta name=\"robots\" content=\"index, follow, max-snippet:-1, max-image-preview:large, max-video-preview:-1\" \/>\n<link rel=\"canonical\" href=\"https:\/\/animalslove.pl\/de\/produkt\/medizinische-creme-in-e-creme\/\" \/>\n<meta property=\"og:locale\" content=\"de_DE\" \/>\n<meta property=\"og:type\" content=\"article\" \/>\n<meta property=\"og:title\" content=\"MEDIZINISCHE CREME W.E.T.CREAM - AnimalsLove.pl - Shop - Zezowate Szcz\u0119\u015bcie - Franz\u00f6sische Bulldoggenzucht\" \/>\n<meta property=\"og:description\" content=\"Hypoallergene W.E.T. CREM-Creme Hypoallergene Creme mit Propolis, Bienenwachs, Kr\u00e4utern und Zinkoxid zur Unterst\u00fctzung der Behandlung verschiedener Pilzinfektionen und Heilungsprozesse der Haut.\" \/>\n<meta property=\"og:url\" content=\"https:\/\/animalslove.pl\/de\/produkt\/medizinische-creme-in-e-creme\/\" \/>\n<meta property=\"og:site_name\" content=\"AnimalsLove.pl - Shop - Zezowate Szcz\u0119\u015bcie - Franz\u00f6sische Bulldoggenzucht\" \/>\n<meta property=\"article:modified_time\" content=\"2023-11-02T11:54:39+00:00\" \/>\n<meta property=\"og:image\" content=\"https:\/\/animalslove.pl\/wp-content\/uploads\/2021\/11\/IMG_0143.jpg\" \/>\n\t<meta property=\"og:image:width\" content=\"995\" \/>\n\t<meta property=\"og:image:height\" content=\"1024\" \/>\n\t<meta property=\"og:image:type\" content=\"image\/jpeg\" \/>\n<meta name=\"twitter:card\" content=\"summary_large_image\" \/>\n<meta name=\"twitter:label1\" content=\"Gesch\u00e4tzte Lesezeit\" \/>\n\t<meta name=\"twitter:data1\" content=\"2\u00a0Minuten\" \/>\n<script type=\"application\/ld+json\" class=\"yoast-schema-graph\">{\"@context\":\"https:\\\/\\\/schema.org\",\"@graph\":[{\"@type\":\"WebPage\",\"@id\":\"https:\\\/\\\/animalslove.pl\\\/de\\\/produkt\\\/medizinische-creme-in-e-creme\\\/\",\"url\":\"https:\\\/\\\/animalslove.pl\\\/de\\\/produkt\\\/medizinische-creme-in-e-creme\\\/\",\"name\":\"MEDIZINISCHE CREME W.E.T.CREAM - AnimalsLove.pl - Shop - Zezowate Szcz\u0119\u015bcie - Franz\u00f6sische Bulldoggenzucht\",\"isPartOf\":{\"@id\":\"https:\\\/\\\/animalslove.pl\\\/de\\\/#website\"},\"primaryImageOfPage\":{\"@id\":\"https:\\\/\\\/animalslove.pl\\\/de\\\/produkt\\\/medizinische-creme-in-e-creme\\\/#primaryimage\"},\"image\":{\"@id\":\"https:\\\/\\\/animalslove.pl\\\/de\\\/produkt\\\/medizinische-creme-in-e-creme\\\/#primaryimage\"},\"thumbnailUrl\":\"https:\\\/\\\/animalslove.pl\\\/wp-content\\\/uploads\\\/2021\\\/11\\\/IMG_0143.jpg\",\"datePublished\":\"2023-09-06T09:38:35+00:00\",\"dateModified\":\"2023-11-02T11:54:39+00:00\",\"breadcrumb\":{\"@id\":\"https:\\\/\\\/animalslove.pl\\\/de\\\/produkt\\\/medizinische-creme-in-e-creme\\\/#breadcrumb\"},\"inLanguage\":\"de\",\"potentialAction\":[{\"@type\":\"ReadAction\",\"target\":[\"https:\\\/\\\/animalslove.pl\\\/de\\\/produkt\\\/medizinische-creme-in-e-creme\\\/\"]}]},{\"@type\":\"ImageObject\",\"inLanguage\":\"de\",\"@id\":\"https:\\\/\\\/animalslove.pl\\\/de\\\/produkt\\\/medizinische-creme-in-e-creme\\\/#primaryimage\",\"url\":\"https:\\\/\\\/animalslove.pl\\\/wp-content\\\/uploads\\\/2021\\\/11\\\/IMG_0143.jpg\",\"contentUrl\":\"https:\\\/\\\/animalslove.pl\\\/wp-content\\\/uploads\\\/2021\\\/11\\\/IMG_0143.jpg\",\"width\":995,\"height\":1024},{\"@type\":\"BreadcrumbList\",\"@id\":\"https:\\\/\\\/animalslove.pl\\\/de\\\/produkt\\\/medizinische-creme-in-e-creme\\\/#breadcrumb\",\"itemListElement\":[{\"@type\":\"ListItem\",\"position\":1,\"name\":\"Home\",\"item\":\"https:\\\/\\\/animalslove.pl\\\/de\\\/home-coffee\\\/\"},{\"@type\":\"ListItem\",\"position\":2,\"name\":\"Gesch\u00e4ft\",\"item\":\"https:\\\/\\\/animalslove.pl\\\/de\\\/geschaeft\\\/\"},{\"@type\":\"ListItem\",\"position\":3,\"name\":\"MEDIZINISCHE CREME W.E.T.CREAM\"}]},{\"@type\":\"WebSite\",\"@id\":\"https:\\\/\\\/animalslove.pl\\\/de\\\/#website\",\"url\":\"https:\\\/\\\/animalslove.pl\\\/de\\\/\",\"name\":\"AnimalsLove.pl - Shop - Zezowate Szcz\u0119\u015bcie - Franz\u00f6sische Bulldoggenzucht\",\"description\":\"Franz\u00f6sische Bulldoggen. Shop mit Zubeh\u00f6r f\u00fcr Hunde und Katzen. Kosmetik f\u00fcr Tiere. Schielendes \\\"Zezowate Szcz\u0119\u015bcie\\\".\",\"potentialAction\":[{\"@type\":\"SearchAction\",\"target\":{\"@type\":\"EntryPoint\",\"urlTemplate\":\"https:\\\/\\\/animalslove.pl\\\/de\\\/?s={search_term_string}\"},\"query-input\":{\"@type\":\"PropertyValueSpecification\",\"valueRequired\":true,\"valueName\":\"search_term_string\"}}],\"inLanguage\":\"de\"}]}<\/script>\n<!-- \/ Yoast SEO plugin. -->","yoast_head_json":{"title":"MEDIZINISCHE CREME W.E.T.CREAM - AnimalsLove.pl - Shop - Zezowate Szcz\u0119\u015bcie - Franz\u00f6sische Bulldoggenzucht","robots":{"index":"index","follow":"follow","max-snippet":"max-snippet:-1","max-image-preview":"max-image-preview:large","max-video-preview":"max-video-preview:-1"},"canonical":"https:\/\/animalslove.pl\/de\/produkt\/medizinische-creme-in-e-creme\/","og_locale":"de_DE","og_type":"article","og_title":"MEDIZINISCHE CREME W.E.T.CREAM - AnimalsLove.pl - Shop - Zezowate Szcz\u0119\u015bcie - Franz\u00f6sische Bulldoggenzucht","og_description":"Hypoallergene W.E.T. CREM-Creme Hypoallergene Creme mit Propolis, Bienenwachs, Kr\u00e4utern und Zinkoxid zur Unterst\u00fctzung der Behandlung verschiedener Pilzinfektionen und Heilungsprozesse der Haut.","og_url":"https:\/\/animalslove.pl\/de\/produkt\/medizinische-creme-in-e-creme\/","og_site_name":"AnimalsLove.pl - Shop - Zezowate Szcz\u0119\u015bcie - Franz\u00f6sische Bulldoggenzucht","article_modified_time":"2023-11-02T11:54:39+00:00","og_image":[{"width":995,"height":1024,"url":"https:\/\/animalslove.pl\/wp-content\/uploads\/2021\/11\/IMG_0143.jpg","type":"image\/jpeg"}],"twitter_card":"summary_large_image","twitter_misc":{"Gesch\u00e4tzte Lesezeit":"2\u00a0Minuten"},"schema":{"@context":"https:\/\/schema.org","@graph":[{"@type":"WebPage","@id":"https:\/\/animalslove.pl\/de\/produkt\/medizinische-creme-in-e-creme\/","url":"https:\/\/animalslove.pl\/de\/produkt\/medizinische-creme-in-e-creme\/","name":"MEDIZINISCHE CREME W.E.T.CREAM - AnimalsLove.pl - Shop - Zezowate Szcz\u0119\u015bcie - Franz\u00f6sische Bulldoggenzucht","isPartOf":{"@id":"https:\/\/animalslove.pl\/de\/#website"},"primaryImageOfPage":{"@id":"https:\/\/animalslove.pl\/de\/produkt\/medizinische-creme-in-e-creme\/#primaryimage"},"image":{"@id":"https:\/\/animalslove.pl\/de\/produkt\/medizinische-creme-in-e-creme\/#primaryimage"},"thumbnailUrl":"https:\/\/animalslove.pl\/wp-content\/uploads\/2021\/11\/IMG_0143.jpg","datePublished":"2023-09-06T09:38:35+00:00","dateModified":"2023-11-02T11:54:39+00:00","breadcrumb":{"@id":"https:\/\/animalslove.pl\/de\/produkt\/medizinische-creme-in-e-creme\/#breadcrumb"},"inLanguage":"de","potentialAction":[{"@type":"ReadAction","target":["https:\/\/animalslove.pl\/de\/produkt\/medizinische-creme-in-e-creme\/"]}]},{"@type":"ImageObject","inLanguage":"de","@id":"https:\/\/animalslove.pl\/de\/produkt\/medizinische-creme-in-e-creme\/#primaryimage","url":"https:\/\/animalslove.pl\/wp-content\/uploads\/2021\/11\/IMG_0143.jpg","contentUrl":"https:\/\/animalslove.pl\/wp-content\/uploads\/2021\/11\/IMG_0143.jpg","width":995,"height":1024},{"@type":"BreadcrumbList","@id":"https:\/\/animalslove.pl\/de\/produkt\/medizinische-creme-in-e-creme\/#breadcrumb","itemListElement":[{"@type":"ListItem","position":1,"name":"Home","item":"https:\/\/animalslove.pl\/de\/home-coffee\/"},{"@type":"ListItem","position":2,"name":"Gesch\u00e4ft","item":"https:\/\/animalslove.pl\/de\/geschaeft\/"},{"@type":"ListItem","position":3,"name":"MEDIZINISCHE CREME W.E.T.CREAM"}]},{"@type":"WebSite","@id":"https:\/\/animalslove.pl\/de\/#website","url":"https:\/\/animalslove.pl\/de\/","name":"AnimalsLove.pl - Shop - Zezowate Szcz\u0119\u015bcie - Franz\u00f6sische Bulldoggenzucht","description":"Franz\u00f6sische Bulldoggen. Shop mit Zubeh\u00f6r f\u00fcr Hunde und Katzen. Kosmetik f\u00fcr Tiere. Schielendes \"Zezowate Szcz\u0119\u015bcie\".","potentialAction":[{"@type":"SearchAction","target":{"@type":"EntryPoint","urlTemplate":"https:\/\/animalslove.pl\/de\/?s={search_term_string}"},"query-input":{"@type":"PropertyValueSpecification","valueRequired":true,"valueName":"search_term_string"}}],"inLanguage":"de"}]}},"_links":{"self":[{"href":"https:\/\/animalslove.pl\/de\/wp-json\/wp\/v2\/product\/13944","targetHints":{"allow":["GET"]}}],"collection":[{"href":"https:\/\/animalslove.pl\/de\/wp-json\/wp\/v2\/product"}],"about":[{"href":"https:\/\/animalslove.pl\/de\/wp-json\/wp\/v2\/types\/product"}],"wp:featuredmedia":[{"embeddable":true,"href":"https:\/\/animalslove.pl\/de\/wp-json\/wp\/v2\/media\/11403"}],"wp:attachment":[{"href":"https:\/\/animalslove.pl\/de\/wp-json\/wp\/v2\/media?parent=13944"}],"wp:term":[{"taxonomy":"product_brand","embeddable":true,"href":"https:\/\/animalslove.pl\/de\/wp-json\/wp\/v2\/product_brand?post=13944"},{"taxonomy":"product_cat","embeddable":true,"href":"https:\/\/animalslove.pl\/de\/wp-json\/wp\/v2\/product_cat?post=13944"},{"taxonomy":"product_tag","embeddable":true,"href":"https:\/\/animalslove.pl\/de\/wp-json\/wp\/v2\/product_tag?post=13944"}],"curies":[{"name":"wp","href":"https:\/\/api.w.org\/{rel}","templated":true}]}}