{"id":13993,"date":"2022-01-24T21:18:54","date_gmt":"2022-01-24T20:18:54","guid":{"rendered":"https:\/\/animalslove.pl\/produkt\/shampoo\/"},"modified":"2022-01-24T21:18:54","modified_gmt":"2022-01-24T20:18:54","slug":"shampoo","status":"publish","type":"product","link":"https:\/\/animalslove.pl\/de\/produkt\/shampoo\/","title":{"rendered":"Shampoo"},"content":{"rendered":"<p>Ein wirksam reinigendes, gut sch\u00e4umendes, aufbauendes Shampoo f\u00fcr Hunde. Dank seiner speziellen Formel und dem einzigartigen Pro-Comb Complex-Wirkstoffkomplex kann es gereizte, ger\u00f6tete, gereizte, juckende oder gesch\u00e4digte Haut wirksam reinigen und pflegen sowie Reizungen der Hautoberfl\u00e4che reduzieren. Es kann auch als unterst\u00fctzende Behandlung bei allergischen Symptomen eingesetzt werden. Mit seinen hautfreundlichen Wirkstoffen eignet es sich nicht nur f\u00fcr therapeutische B\u00e4der, sondern auch f\u00fcr allgemeine Hygieneb\u00e4der, da es Haut und Haare optimal reinigt und intensiv pflegt.<\/p>\n","protected":false},"excerpt":{"rendered":"<p>Ein wirksam reinigendes, gut sch\u00e4umendes, aufbauendes Shampoo f\u00fcr Hunde. Dank seiner speziellen Formel und dem einzigartigen Pro-Comb Complex-Wirkstoffkomplex kann es gereizte, ger\u00f6tete, gereizte, juckende oder gesch\u00e4digte Haut wirksam reinigen und pflegen sowie Reizungen der Hautoberfl\u00e4che reduzieren. Es kann auch als unterst\u00fctzende Behandlung bei allergischen Symptomen eingesetzt werden. Mit seinen hautfreundlichen Wirkstoffen eignet es sich nicht nur f\u00fcr therapeutische B\u00e4der, sondern auch f\u00fcr allgemeine Hygieneb\u00e4der, da es Haut und Haare optimal reinigt und intensiv pflegt.<\/p>\n","protected":false},"featured_media":11889,"template":"","meta":[],"product_brand":[],"product_cat":[142],"product_tag":[],"class_list":{"0":"post-13993","1":"product","2":"type-product","3":"status-publish","4":"has-post-thumbnail","6":"product_cat-whizzopet-de","8":"first","9":"instock","10":"taxable","11":"shipping-taxable","12":"purchasable","13":"product-type-variable"},"yoast_head":"<!-- This site is optimized with the Yoast SEO plugin v27.1.1 - https:\/\/yoast.com\/product\/yoast-seo-wordpress\/ -->\n<title>Shampoo - AnimalsLove.pl - Shop - Zezowate Szcz\u0119\u015bcie - Franz\u00f6sische Bulldoggenzucht<\/title>\n<meta name=\"robots\" content=\"index, follow, max-snippet:-1, max-image-preview:large, max-video-preview:-1\" \/>\n<link rel=\"canonical\" href=\"https:\/\/animalslove.pl\/de\/produkt\/shampoo\/\" \/>\n<meta property=\"og:locale\" content=\"de_DE\" \/>\n<meta property=\"og:type\" content=\"article\" \/>\n<meta property=\"og:title\" content=\"Shampoo - AnimalsLove.pl - Shop - Zezowate Szcz\u0119\u015bcie - Franz\u00f6sische Bulldoggenzucht\" \/>\n<meta property=\"og:description\" content=\"Ein wirksam reinigendes, gut sch\u00e4umendes, aufbauendes Shampoo f\u00fcr Hunde. Dank seiner speziellen Formel und dem einzigartigen Pro-Comb Complex-Wirkstoffkomplex kann es gereizte, ger\u00f6tete, gereizte, juckende oder gesch\u00e4digte Haut wirksam reinigen und pflegen sowie Reizungen der Hautoberfl\u00e4che reduzieren. Es kann auch als unterst\u00fctzende Behandlung bei allergischen Symptomen eingesetzt werden. Mit seinen hautfreundlichen Wirkstoffen eignet es sich nicht nur f\u00fcr therapeutische B\u00e4der, sondern auch f\u00fcr allgemeine Hygieneb\u00e4der, da es Haut und Haare optimal reinigt und intensiv pflegt.\" \/>\n<meta property=\"og:url\" content=\"https:\/\/animalslove.pl\/de\/produkt\/shampoo\/\" \/>\n<meta property=\"og:site_name\" content=\"AnimalsLove.pl - Shop - Zezowate Szcz\u0119\u015bcie - Franz\u00f6sische Bulldoggenzucht\" \/>\n<meta property=\"og:image\" content=\"https:\/\/animalslove.pl\/wp-content\/uploads\/2022\/01\/received_297679772188918.jpeg\" \/>\n\t<meta property=\"og:image:width\" content=\"2048\" \/>\n\t<meta property=\"og:image:height\" content=\"2048\" \/>\n\t<meta property=\"og:image:type\" content=\"image\/jpeg\" \/>\n<meta name=\"twitter:card\" content=\"summary_large_image\" \/>\n<script type=\"application\/ld+json\" class=\"yoast-schema-graph\">{\"@context\":\"https:\/\/schema.org\",\"@graph\":[{\"@type\":\"WebPage\",\"@id\":\"https:\/\/animalslove.pl\/de\/produkt\/shampoo\/\",\"url\":\"https:\/\/animalslove.pl\/de\/produkt\/shampoo\/\",\"name\":\"Shampoo - AnimalsLove.pl - Shop - Zezowate Szcz\u0119\u015bcie - Franz\u00f6sische Bulldoggenzucht\",\"isPartOf\":{\"@id\":\"https:\/\/animalslove.pl\/de\/#website\"},\"primaryImageOfPage\":{\"@id\":\"https:\/\/animalslove.pl\/de\/produkt\/shampoo\/#primaryimage\"},\"image\":{\"@id\":\"https:\/\/animalslove.pl\/de\/produkt\/shampoo\/#primaryimage\"},\"thumbnailUrl\":\"https:\/\/animalslove.pl\/wp-content\/uploads\/2022\/01\/received_297679772188918.jpeg\",\"datePublished\":\"2022-01-24T20:18:54+00:00\",\"breadcrumb\":{\"@id\":\"https:\/\/animalslove.pl\/de\/produkt\/shampoo\/#breadcrumb\"},\"inLanguage\":\"de\",\"potentialAction\":[{\"@type\":\"ReadAction\",\"target\":[\"https:\/\/animalslove.pl\/de\/produkt\/shampoo\/\"]}]},{\"@type\":\"ImageObject\",\"inLanguage\":\"de\",\"@id\":\"https:\/\/animalslove.pl\/de\/produkt\/shampoo\/#primaryimage\",\"url\":\"https:\/\/animalslove.pl\/wp-content\/uploads\/2022\/01\/received_297679772188918.jpeg\",\"contentUrl\":\"https:\/\/animalslove.pl\/wp-content\/uploads\/2022\/01\/received_297679772188918.jpeg\",\"width\":2048,\"height\":2048},{\"@type\":\"BreadcrumbList\",\"@id\":\"https:\/\/animalslove.pl\/de\/produkt\/shampoo\/#breadcrumb\",\"itemListElement\":[{\"@type\":\"ListItem\",\"position\":1,\"name\":\"Home\",\"item\":\"https:\/\/animalslove.pl\/de\/home-coffee\/\"},{\"@type\":\"ListItem\",\"position\":2,\"name\":\"Gesch\u00e4ft\",\"item\":\"https:\/\/animalslove.pl\/de\/geschaeft\/\"},{\"@type\":\"ListItem\",\"position\":3,\"name\":\"Shampoo\"}]},{\"@type\":\"WebSite\",\"@id\":\"https:\/\/animalslove.pl\/de\/#website\",\"url\":\"https:\/\/animalslove.pl\/de\/\",\"name\":\"AnimalsLove.pl - Shop - Zezowate Szcz\u0119\u015bcie - Franz\u00f6sische Bulldoggenzucht\",\"description\":\"Franz\u00f6sische Bulldoggen. Shop mit Zubeh\u00f6r f\u00fcr Hunde und Katzen. Kosmetik f\u00fcr Tiere. Schielendes \\\"Zezowate Szcz\u0119\u015bcie\\\".\",\"potentialAction\":[{\"@type\":\"SearchAction\",\"target\":{\"@type\":\"EntryPoint\",\"urlTemplate\":\"https:\/\/animalslove.pl\/de\/?s={search_term_string}\"},\"query-input\":{\"@type\":\"PropertyValueSpecification\",\"valueRequired\":true,\"valueName\":\"search_term_string\"}}],\"inLanguage\":\"de\"}]}<\/script>\n<!-- \/ Yoast SEO plugin. -->","yoast_head_json":{"title":"Shampoo - AnimalsLove.pl - Shop - Zezowate Szcz\u0119\u015bcie - Franz\u00f6sische Bulldoggenzucht","robots":{"index":"index","follow":"follow","max-snippet":"max-snippet:-1","max-image-preview":"max-image-preview:large","max-video-preview":"max-video-preview:-1"},"canonical":"https:\/\/animalslove.pl\/de\/produkt\/shampoo\/","og_locale":"de_DE","og_type":"article","og_title":"Shampoo - AnimalsLove.pl - Shop - Zezowate Szcz\u0119\u015bcie - Franz\u00f6sische Bulldoggenzucht","og_description":"Ein wirksam reinigendes, gut sch\u00e4umendes, aufbauendes Shampoo f\u00fcr Hunde. Dank seiner speziellen Formel und dem einzigartigen Pro-Comb Complex-Wirkstoffkomplex kann es gereizte, ger\u00f6tete, gereizte, juckende oder gesch\u00e4digte Haut wirksam reinigen und pflegen sowie Reizungen der Hautoberfl\u00e4che reduzieren. Es kann auch als unterst\u00fctzende Behandlung bei allergischen Symptomen eingesetzt werden. Mit seinen hautfreundlichen Wirkstoffen eignet es sich nicht nur f\u00fcr therapeutische B\u00e4der, sondern auch f\u00fcr allgemeine Hygieneb\u00e4der, da es Haut und Haare optimal reinigt und intensiv pflegt.","og_url":"https:\/\/animalslove.pl\/de\/produkt\/shampoo\/","og_site_name":"AnimalsLove.pl - Shop - Zezowate Szcz\u0119\u015bcie - Franz\u00f6sische Bulldoggenzucht","og_image":[{"width":2048,"height":2048,"url":"https:\/\/animalslove.pl\/wp-content\/uploads\/2022\/01\/received_297679772188918.jpeg","type":"image\/jpeg"}],"twitter_card":"summary_large_image","schema":{"@context":"https:\/\/schema.org","@graph":[{"@type":"WebPage","@id":"https:\/\/animalslove.pl\/de\/produkt\/shampoo\/","url":"https:\/\/animalslove.pl\/de\/produkt\/shampoo\/","name":"Shampoo - AnimalsLove.pl - Shop - Zezowate Szcz\u0119\u015bcie - Franz\u00f6sische Bulldoggenzucht","isPartOf":{"@id":"https:\/\/animalslove.pl\/de\/#website"},"primaryImageOfPage":{"@id":"https:\/\/animalslove.pl\/de\/produkt\/shampoo\/#primaryimage"},"image":{"@id":"https:\/\/animalslove.pl\/de\/produkt\/shampoo\/#primaryimage"},"thumbnailUrl":"https:\/\/animalslove.pl\/wp-content\/uploads\/2022\/01\/received_297679772188918.jpeg","datePublished":"2022-01-24T20:18:54+00:00","breadcrumb":{"@id":"https:\/\/animalslove.pl\/de\/produkt\/shampoo\/#breadcrumb"},"inLanguage":"de","potentialAction":[{"@type":"ReadAction","target":["https:\/\/animalslove.pl\/de\/produkt\/shampoo\/"]}]},{"@type":"ImageObject","inLanguage":"de","@id":"https:\/\/animalslove.pl\/de\/produkt\/shampoo\/#primaryimage","url":"https:\/\/animalslove.pl\/wp-content\/uploads\/2022\/01\/received_297679772188918.jpeg","contentUrl":"https:\/\/animalslove.pl\/wp-content\/uploads\/2022\/01\/received_297679772188918.jpeg","width":2048,"height":2048},{"@type":"BreadcrumbList","@id":"https:\/\/animalslove.pl\/de\/produkt\/shampoo\/#breadcrumb","itemListElement":[{"@type":"ListItem","position":1,"name":"Home","item":"https:\/\/animalslove.pl\/de\/home-coffee\/"},{"@type":"ListItem","position":2,"name":"Gesch\u00e4ft","item":"https:\/\/animalslove.pl\/de\/geschaeft\/"},{"@type":"ListItem","position":3,"name":"Shampoo"}]},{"@type":"WebSite","@id":"https:\/\/animalslove.pl\/de\/#website","url":"https:\/\/animalslove.pl\/de\/","name":"AnimalsLove.pl - Shop - Zezowate Szcz\u0119\u015bcie - Franz\u00f6sische Bulldoggenzucht","description":"Franz\u00f6sische Bulldoggen. Shop mit Zubeh\u00f6r f\u00fcr Hunde und Katzen. Kosmetik f\u00fcr Tiere. Schielendes \"Zezowate Szcz\u0119\u015bcie\".","potentialAction":[{"@type":"SearchAction","target":{"@type":"EntryPoint","urlTemplate":"https:\/\/animalslove.pl\/de\/?s={search_term_string}"},"query-input":{"@type":"PropertyValueSpecification","valueRequired":true,"valueName":"search_term_string"}}],"inLanguage":"de"}]}},"_links":{"self":[{"href":"https:\/\/animalslove.pl\/de\/wp-json\/wp\/v2\/product\/13993","targetHints":{"allow":["GET"]}}],"collection":[{"href":"https:\/\/animalslove.pl\/de\/wp-json\/wp\/v2\/product"}],"about":[{"href":"https:\/\/animalslove.pl\/de\/wp-json\/wp\/v2\/types\/product"}],"wp:featuredmedia":[{"embeddable":true,"href":"https:\/\/animalslove.pl\/de\/wp-json\/wp\/v2\/media\/11889"}],"wp:attachment":[{"href":"https:\/\/animalslove.pl\/de\/wp-json\/wp\/v2\/media?parent=13993"}],"wp:term":[{"taxonomy":"product_brand","embeddable":true,"href":"https:\/\/animalslove.pl\/de\/wp-json\/wp\/v2\/product_brand?post=13993"},{"taxonomy":"product_cat","embeddable":true,"href":"https:\/\/animalslove.pl\/de\/wp-json\/wp\/v2\/product_cat?post=13993"},{"taxonomy":"product_tag","embeddable":true,"href":"https:\/\/animalslove.pl\/de\/wp-json\/wp\/v2\/product_tag?post=13993"}],"curies":[{"name":"wp","href":"https:\/\/api.w.org\/{rel}","templated":true}]}}