{"id":14725,"date":"2021-11-10T21:22:56","date_gmt":"2021-11-10T20:22:56","guid":{"rendered":"https:\/\/animalslove.pl\/produkt\/nasenpflege-nose-glo\/"},"modified":"2021-11-10T21:22:56","modified_gmt":"2021-11-10T20:22:56","slug":"nasenpflege-nasenglo","status":"publish","type":"product","link":"https:\/\/animalslove.pl\/de\/produkt\/nasenpflege-nasenglo\/","title":{"rendered":"NASENPFLEGE &#8211; NOSE GLO"},"content":{"rendered":"<div class=\"elementor-column elementor-col-50 elementor-inner-column elementor-element elementor-element-51b40c5\" data-id=\"51b40c5\" data-element_type=\"column\">\n<div class=\"elementor-column-wrap elementor-element-populated\">\n<div class=\"elementor-widget-wrap\">\n<div class=\"elementor-element elementor-element-b78bc2d elementor-widget elementor-widget-image\" data-id=\"b78bc2d\" data-element_type=\"widget\" data-widget_type=\"image.default\">\n<div class=\"elementor-widget-container\">\n<div class=\"elementor-image\" style=\"text-align: center;\"><\/div>\n<div><\/div>\n<div><\/div>\n<div>Wenn Sie bemerken, dass die Nase Ihres Haustieres schon seit l\u00e4ngerem trocken ist, m\u00fcssen Sie schnell handeln. Hunde haben \u00fcber 300 Millionen Riechzellen in ihrer Nase, die ihnen dabei helfen, sich auf der Welt zurechtzufinden. Wenn Ihr Geruchssinn nachl\u00e4sst, kann dies psychische und sogar k\u00f6rperliche Folgen haben.<\/div>\n<\/div>\n<\/div>\n<div><\/div>\n<div class=\"elementor-element elementor-element-b78bc2d elementor-widget elementor-widget-image\" data-id=\"b78bc2d\" data-element_type=\"widget\" data-widget_type=\"image.default\">\n<div class=\"elementor-widget-container\">\n<div>Wenn alles normal ist, ist die Nase des Hundes mit einer feuchten, kalten Schicht bedeckt. An dieser Oberfl\u00e4che haften Geruchsmolek\u00fcle leichter. Diese feuchte Schicht hilft ihm aber auch, seine Geruchswege sauber zu halten.<\/div>\n<\/div>\n<\/div>\n<\/div>\n<\/div>\n<\/div>\n<div class=\"elementor-column elementor-col-50 elementor-inner-column elementor-element elementor-element-cadd892\" data-id=\"cadd892\" data-element_type=\"column\">\n<div class=\"elementor-column-wrap elementor-element-populated\">\n<div class=\"elementor-widget-wrap\">\n<div class=\"elementor-element elementor-element-36d9455 elementor-widget elementor-widget-text-editor\" data-id=\"36d9455\" data-element_type=\"widget\" data-widget_type=\"text-editor.default\">\n<div class=\"elementor-widget-container\">\n<div class=\"elementor-element elementor-element-c3abb4d elementor-align-left elementor-widget__width-auto elementor-icon-list--layout-traditional elementor-list-item-link-full_width elementor-widget elementor-widget-icon-list\" data-id=\"c3abb4d\" data-element_type=\"widget\" data-widget_type=\"icon-list.default\">\n<section class=\"elementor-section elementor-top-section elementor-element elementor-element-216a4cc elementor-section-boxed elementor-section-height-default elementor-section-height-default\" data-id=\"216a4cc\" data-element_type=\"section\">\n<div class=\"elementor-container elementor-column-gap-default\">\n<div class=\"elementor-row\">\n<div class=\"elementor-column elementor-col-100 elementor-top-column elementor-element elementor-element-fd009c8\" data-id=\"fd009c8\" data-element_type=\"column\">\n<div class=\"elementor-column-wrap elementor-element-populated\">\n<div class=\"elementor-widget-wrap\">\n<div class=\"elementor-element elementor-element-47d1570 elementor-widget elementor-widget-text-editor\" data-id=\"47d1570\" data-element_type=\"widget\" data-widget_type=\"text-editor.default\">\n<div class=\"elementor-widget-container\">\n<div class=\"elementor-text-editor elementor-clearfix\">\n<p>Nachdem Sie den Balsam auf die Nase Ihres Haustiers aufgetragen haben, halten Sie diese besch\u00e4ftigt, damit die Creme aufgenommen werden kann.<\/p>\n<\/div>\n<\/div>\n<\/div>\n<\/div>\n<\/div>\n<div class=\"elementor-column-wrap elementor-element-populated\">\n<div class=\"elementor-widget-wrap\">\n<div class=\"elementor-element elementor-element-4879787 elementor-widget elementor-widget-text-editor\" data-id=\"4879787\" data-element_type=\"widget\" data-widget_type=\"text-editor.default\">\n<div class=\"elementor-widget-container\">\n<div class=\"elementor-text-editor elementor-clearfix\">\n<h3><\/h3>\n<h3 class=\"u-text u-text-default u-text-3\" style=\"text-align: center;\"><strong>Warum wird Ihr Hund Nose Glo Nasensp\u00fclung lieben?<\/strong><\/h3>\n<\/div>\n<\/div>\n<\/div>\n<section class=\"elementor-section elementor-inner-section elementor-element elementor-element-c4aa6cf elementor-section-boxed elementor-section-height-default elementor-section-height-default\" data-id=\"c4aa6cf\" data-element_type=\"section\">\n<div class=\"elementor-container elementor-column-gap-default\">\n<div class=\"elementor-row\">\n<div class=\"elementor-column elementor-col-50 elementor-inner-column elementor-element elementor-element-749ba01\" data-id=\"749ba01\" data-element_type=\"column\">\n<div class=\"elementor-column-wrap elementor-element-populated\">\n<div class=\"elementor-widget-wrap\">\n<div class=\"elementor-element elementor-element-e933ac4 elementor-widget elementor-widget-text-editor\" data-id=\"e933ac4\" data-element_type=\"widget\" data-widget_type=\"text-editor.default\">\n<div class=\"elementor-widget-container\">\n<div class=\"elementor-text-editor elementor-clearfix\">\n<p style=\"text-align: left;\">Alle Inhaltsstoffe des Balsams haben eine unglaubliche Kraft. Wenn es im richtigen Verh\u00e4ltnis gemischt wird, entsteht Magie &#8230;<\/p>\n<p style=\"text-align: left;\"><u><b>BIO-Hanfsamen\u00f6l<\/b><\/u> \u2013 liefert wichtige Fetts\u00e4uren, die die Gesundheit und Elastizit\u00e4t der Zellw\u00e4nde erhalten und zur wirksamen Behandlung chronischer Allergien und Entz\u00fcndungen beitragen.<\/p>\n<\/div>\n<\/div>\n<\/div>\n<\/div>\n<\/div>\n<\/div>\n<\/div>\n<\/div>\n<\/section>\n<div class=\"elementor-element elementor-element-7dbefff elementor-widget elementor-widget-text-editor\" style=\"text-align: left;\" data-id=\"7dbefff\" data-element_type=\"widget\" data-widget_type=\"text-editor.default\">\n<div class=\"elementor-widget-container\">\n<div class=\"elementor-text-editor elementor-clearfix\">\n<p><b><u>BIO-Aprikosenkern\u00f6l<\/u><\/b> \u2013 regeneriert, revitalisiert, spendet Feuchtigkeit und pflegt die Haut. Es verz\u00f6gert die Hautalterung und reduziert das Trockenheitsgef\u00fchl der Haut. Es sch\u00fctzt vor Austrocknung, lindert Entz\u00fcndungen, Juckreiz und R\u00f6tungen.<\/p>\n<p><b><u>BIO-Bienenwachs<\/u><\/b> \u2013 bietet eine hautfreundliche Konsistenz f\u00fcr die Nasenpflege, bildet eine \u201eunsichtbare\u201c antiallergische Schutzschicht auf der Nase des Welpen und sch\u00fctzt sie so vor weiteren sch\u00e4dlichen Einwirkungen und Verschmutzungen.<\/p>\n<p><b><u>BIO-Ringelblumen\u00f6l<\/u><\/b> \u2013 hat entz\u00fcndungshemmende und hautstimulierende Eigenschaften, empfohlen f\u00fcr die Pflege entz\u00fcndlicher Haut.<\/p>\n<p><b><u>BIO-SHEA-Butter<\/u><\/b> \u2013 hat n\u00e4hrende, sch\u00fctzende, feuchtigkeitsspendende und heilende Eigenschaften und dient der Pflege, Verbesserung und dem Schutz der Haut vor den sch\u00e4dlichen Auswirkungen von Sonne, Wind und anderen \u00e4u\u00dferen Faktoren.<\/p>\n<p><b><u>BIO-Avocado\u00f6l<\/u><\/b> \u2013 enth\u00e4lt Elemente mit au\u00dfergew\u00f6hnlichen ern\u00e4hrungsphysiologischen, weichmachenden und regenerierenden Eigenschaften, hilft bei der Regeneration und Beseitigung von Hautunreinheiten und Narben, spendet Feuchtigkeit und macht die Haut weich, sch\u00fctzt die Nase vor \u00e4u\u00dferen Einfl\u00fcssen.<\/p>\n<p><b><u>BIO-Kokos\u00f6l<\/u><\/b> \u2013 spendet Feuchtigkeit, n\u00e4hrt und macht die Haut geschmeidig, verlangsamt den Austrocknungsprozess und beruhigt gereizte oder exponierte Haut.<\/p>\n<p><b><u>Mango-Butter<\/u><\/b> &#8211; verleiht der Haut eine weiche Textur und wichtige Inhaltsstoffe, die sie straffen und geschmeidig machen.<\/p>\n<\/div>\n<\/div>\n<\/div>\n<\/div>\n<\/div>\n<\/div>\n<\/div>\n<\/div>\n<\/section>\n<section class=\"elementor-section elementor-top-section elementor-element elementor-element-ddc0338 elementor-section-boxed elementor-section-height-default elementor-section-height-default\" data-id=\"ddc0338\" data-element_type=\"section\">\n<div class=\"elementor-container elementor-column-gap-default\">\n<div class=\"elementor-row\">\n<div class=\"elementor-column elementor-col-100 elementor-top-column elementor-element elementor-element-0d92535\" data-id=\"0d92535\" data-element_type=\"column\">\n<div class=\"elementor-column-wrap elementor-element-populated\">\n<div class=\"elementor-widget-wrap\">\n<div class=\"elementor-element elementor-element-78e7180 elementor-align-left elementor-widget__width-auto elementor-icon-list--layout-traditional elementor-list-item-link-full_width elementor-widget elementor-widget-icon-list\" data-id=\"78e7180\" data-element_type=\"widget\" data-widget_type=\"icon-list.default\">\n<div class=\"elementor-widget-container\">\n<p style=\"text-align: left;\"><b><u>Reis\u00f6l<\/u><\/b> \u2013 hat antioxidative und regenerierende Eigenschaften und wirkt besonders gut bei reifer, alter und lebloser Haut.<\/p>\n<p style=\"text-align: left;\"><b><u>Vitamin E<\/u><\/b> \u2013 ist f\u00fcr die Gesundheit der Haut unerl\u00e4sslich, hat starke antioxidative, Anti-Aging- und elastische Eigenschaften. Es tr\u00e4gt zur Erhaltung der Schutzschicht der Haut bei und wirkt regenerierend.<\/p>\n<p style=\"text-align: left;\">\n<\/div>\n<\/div>\n<div class=\"elementor-element elementor-element-ba2cb85 elementor-widget elementor-widget-text-editor\" data-id=\"ba2cb85\" data-element_type=\"widget\" data-widget_type=\"text-editor.default\">\n<div class=\"elementor-widget-container\">\n<div class=\"elementor-text-editor elementor-clearfix\">\n<h3 style=\"text-align: center;\"><strong>Haben Sie bereits die wahre Kraft des Nose Glo Nasenbalsams gesehen?<\/strong><\/h3>\n<\/div>\n<\/div>\n<\/div>\n<\/div>\n<\/div>\n<\/div>\n<\/div>\n<\/div>\n<\/section>\n<section class=\"elementor-section elementor-top-section elementor-element elementor-element-d3447ad elementor-section-boxed elementor-section-height-default elementor-section-height-default\" data-id=\"d3447ad\" data-element_type=\"section\">\n<div class=\"elementor-container elementor-column-gap-default\">\n<div class=\"elementor-row\">\n<div class=\"elementor-column elementor-col-100 elementor-top-column elementor-element elementor-element-7ccdf42\" data-id=\"7ccdf42\" data-element_type=\"column\">\n<div class=\"elementor-column-wrap elementor-element-populated\">\n<div class=\"elementor-widget-wrap\">\n<div class=\"elementor-element elementor-element-77862b7 elementor-align-left elementor-widget__width-auto elementor-icon-list--layout-traditional elementor-list-item-link-full_width elementor-widget elementor-widget-icon-list\" data-id=\"77862b7\" data-element_type=\"widget\" data-widget_type=\"icon-list.default\">\n<div class=\"elementor-widget-container\">\n<p><i class=\"fas fa-paw\" aria-hidden=\"true\"><\/i><span class=\"elementor-icon-list-text\">Tief feuchtigkeitsspendender Balsam mit nat\u00fcrlichen Inhaltsstoffen, der die Nase Ihres Haustieres perfekt pflegt.<\/span><\/p>\n<p><i class=\"fas fa-paw\" aria-hidden=\"true\"><\/i><span class=\"elementor-icon-list-text\">Sch\u00fctzt vor extremen Winter- und Sommerbedingungen<\/span><\/p>\n<p><i class=\"fas fa-paw\" aria-hidden=\"true\"><\/i><span class=\"elementor-icon-list-text\">N\u00e4hrt, spendet Feuchtigkeit, regeneriert, macht die Nase weich und sch\u00fctzt sie vor trockener, rissiger Nase<\/span><\/p>\n<p><i class=\"fas fa-paw\" aria-hidden=\"true\"><\/i><span class=\"elementor-icon-list-text\">Helfen Sie dabei, Ihre Haut gesund zu halten und den Komfort wiederherzustellen.<\/span><\/p>\n<p><i class=\"fas fa-paw\" aria-hidden=\"true\"><\/i><span class=\"elementor-icon-list-text\">ES IST EIN BEW\u00c4HRTES HYPOALLERGENES PRODUKT, SO DASS ES KEINE HAUTREIZUNGEN VERURSACHT.<\/span><\/p>\n<\/div>\n<\/div>\n<\/div>\n<\/div>\n<\/div>\n<\/div>\n<\/div>\n<\/section>\n<\/div>\n<\/div>\n<\/div>\n<\/div>\n<\/div>\n<\/div>\n","protected":false},"excerpt":{"rendered":"<p>Nasenbalsam &#8211; NOSE GLO<\/p>\n<p>Nat\u00fcrlicher und hypoallergener Balsam. Spendet Feuchtigkeit, sch\u00fctzt vor extremen Wetterbedingungen und hilft, die Nase des Tieres gesund zu halten. 100 % nat\u00fcrlicher Nasenbalsam, spendet intensiv Feuchtigkeit und pflegt. Es ist entz\u00fcndungshemmend, antibakteriell und antimykotisch.<\/p>\n<div><\/div>\n","protected":false},"featured_media":11407,"template":"","meta":[],"product_brand":[],"product_cat":[142],"product_tag":[],"class_list":{"0":"post-14725","1":"product","2":"type-product","3":"status-publish","4":"has-post-thumbnail","6":"product_cat-whizzopet-de","7":"product_shipping_class-paczkomat-de","9":"first","10":"instock","11":"taxable","12":"shipping-taxable","13":"purchasable","14":"product-type-variable"},"yoast_head":"<!-- This site is optimized with the Yoast SEO plugin v27.4 - https:\/\/yoast.com\/product\/yoast-seo-wordpress\/ -->\n<title>NASENPFLEGE - NOSE GLO - AnimalsLove.pl - Shop - Zezowate Szcz\u0119\u015bcie - Franz\u00f6sische Bulldoggenzucht<\/title>\n<meta name=\"robots\" content=\"index, follow, max-snippet:-1, max-image-preview:large, max-video-preview:-1\" \/>\n<link rel=\"canonical\" href=\"https:\/\/animalslove.pl\/de\/produkt\/nasenpflege-nasenglo\/\" \/>\n<meta property=\"og:locale\" content=\"de_DE\" \/>\n<meta property=\"og:type\" content=\"article\" \/>\n<meta property=\"og:title\" content=\"NASENPFLEGE - NOSE GLO - AnimalsLove.pl - Shop - Zezowate Szcz\u0119\u015bcie - Franz\u00f6sische Bulldoggenzucht\" \/>\n<meta property=\"og:description\" content=\"Nasenbalsam - NOSE GLO Nat\u00fcrlicher und hypoallergener Balsam. Spendet Feuchtigkeit, sch\u00fctzt vor extremen Wetterbedingungen und hilft, die Nase des Tieres gesund zu halten. 100 % nat\u00fcrlicher Nasenbalsam, spendet intensiv Feuchtigkeit und pflegt. Es ist entz\u00fcndungshemmend, antibakteriell und antimykotisch.\" \/>\n<meta property=\"og:url\" content=\"https:\/\/animalslove.pl\/de\/produkt\/nasenpflege-nasenglo\/\" \/>\n<meta property=\"og:site_name\" content=\"AnimalsLove.pl - Shop - Zezowate Szcz\u0119\u015bcie - Franz\u00f6sische Bulldoggenzucht\" \/>\n<meta property=\"og:image\" content=\"https:\/\/animalslove.pl\/wp-content\/uploads\/2021\/11\/IMG_0140.jpg\" \/>\n\t<meta property=\"og:image:width\" content=\"995\" \/>\n\t<meta property=\"og:image:height\" content=\"1024\" \/>\n\t<meta property=\"og:image:type\" content=\"image\/jpeg\" \/>\n<meta name=\"twitter:card\" content=\"summary_large_image\" \/>\n<meta name=\"twitter:label1\" content=\"Gesch\u00e4tzte Lesezeit\" \/>\n\t<meta name=\"twitter:data1\" content=\"2\u00a0Minuten\" \/>\n<script type=\"application\/ld+json\" class=\"yoast-schema-graph\">{\"@context\":\"https:\\\/\\\/schema.org\",\"@graph\":[{\"@type\":\"WebPage\",\"@id\":\"https:\\\/\\\/animalslove.pl\\\/de\\\/produkt\\\/nasenpflege-nasenglo\\\/\",\"url\":\"https:\\\/\\\/animalslove.pl\\\/de\\\/produkt\\\/nasenpflege-nasenglo\\\/\",\"name\":\"NASENPFLEGE - NOSE GLO - AnimalsLove.pl - Shop - Zezowate Szcz\u0119\u015bcie - Franz\u00f6sische Bulldoggenzucht\",\"isPartOf\":{\"@id\":\"https:\\\/\\\/animalslove.pl\\\/de\\\/#website\"},\"primaryImageOfPage\":{\"@id\":\"https:\\\/\\\/animalslove.pl\\\/de\\\/produkt\\\/nasenpflege-nasenglo\\\/#primaryimage\"},\"image\":{\"@id\":\"https:\\\/\\\/animalslove.pl\\\/de\\\/produkt\\\/nasenpflege-nasenglo\\\/#primaryimage\"},\"thumbnailUrl\":\"https:\\\/\\\/animalslove.pl\\\/wp-content\\\/uploads\\\/2021\\\/11\\\/IMG_0140.jpg\",\"datePublished\":\"2021-11-10T20:22:56+00:00\",\"breadcrumb\":{\"@id\":\"https:\\\/\\\/animalslove.pl\\\/de\\\/produkt\\\/nasenpflege-nasenglo\\\/#breadcrumb\"},\"inLanguage\":\"de\",\"potentialAction\":[{\"@type\":\"ReadAction\",\"target\":[\"https:\\\/\\\/animalslove.pl\\\/de\\\/produkt\\\/nasenpflege-nasenglo\\\/\"]}]},{\"@type\":\"ImageObject\",\"inLanguage\":\"de\",\"@id\":\"https:\\\/\\\/animalslove.pl\\\/de\\\/produkt\\\/nasenpflege-nasenglo\\\/#primaryimage\",\"url\":\"https:\\\/\\\/animalslove.pl\\\/wp-content\\\/uploads\\\/2021\\\/11\\\/IMG_0140.jpg\",\"contentUrl\":\"https:\\\/\\\/animalslove.pl\\\/wp-content\\\/uploads\\\/2021\\\/11\\\/IMG_0140.jpg\",\"width\":995,\"height\":1024},{\"@type\":\"BreadcrumbList\",\"@id\":\"https:\\\/\\\/animalslove.pl\\\/de\\\/produkt\\\/nasenpflege-nasenglo\\\/#breadcrumb\",\"itemListElement\":[{\"@type\":\"ListItem\",\"position\":1,\"name\":\"Home\",\"item\":\"https:\\\/\\\/animalslove.pl\\\/de\\\/home-coffee\\\/\"},{\"@type\":\"ListItem\",\"position\":2,\"name\":\"Gesch\u00e4ft\",\"item\":\"https:\\\/\\\/animalslove.pl\\\/de\\\/geschaeft\\\/\"},{\"@type\":\"ListItem\",\"position\":3,\"name\":\"NASENPFLEGE &#8211; NOSE GLO\"}]},{\"@type\":\"WebSite\",\"@id\":\"https:\\\/\\\/animalslove.pl\\\/de\\\/#website\",\"url\":\"https:\\\/\\\/animalslove.pl\\\/de\\\/\",\"name\":\"AnimalsLove.pl - Shop - Zezowate Szcz\u0119\u015bcie - Franz\u00f6sische Bulldoggenzucht\",\"description\":\"Franz\u00f6sische Bulldoggen. Shop mit Zubeh\u00f6r f\u00fcr Hunde und Katzen. Kosmetik f\u00fcr Tiere. Schielendes \\\"Zezowate Szcz\u0119\u015bcie\\\".\",\"potentialAction\":[{\"@type\":\"SearchAction\",\"target\":{\"@type\":\"EntryPoint\",\"urlTemplate\":\"https:\\\/\\\/animalslove.pl\\\/de\\\/?s={search_term_string}\"},\"query-input\":{\"@type\":\"PropertyValueSpecification\",\"valueRequired\":true,\"valueName\":\"search_term_string\"}}],\"inLanguage\":\"de\"}]}<\/script>\n<!-- \/ Yoast SEO plugin. -->","yoast_head_json":{"title":"NASENPFLEGE - NOSE GLO - AnimalsLove.pl - Shop - Zezowate Szcz\u0119\u015bcie - Franz\u00f6sische Bulldoggenzucht","robots":{"index":"index","follow":"follow","max-snippet":"max-snippet:-1","max-image-preview":"max-image-preview:large","max-video-preview":"max-video-preview:-1"},"canonical":"https:\/\/animalslove.pl\/de\/produkt\/nasenpflege-nasenglo\/","og_locale":"de_DE","og_type":"article","og_title":"NASENPFLEGE - NOSE GLO - AnimalsLove.pl - Shop - Zezowate Szcz\u0119\u015bcie - Franz\u00f6sische Bulldoggenzucht","og_description":"Nasenbalsam - NOSE GLO Nat\u00fcrlicher und hypoallergener Balsam. Spendet Feuchtigkeit, sch\u00fctzt vor extremen Wetterbedingungen und hilft, die Nase des Tieres gesund zu halten. 100 % nat\u00fcrlicher Nasenbalsam, spendet intensiv Feuchtigkeit und pflegt. Es ist entz\u00fcndungshemmend, antibakteriell und antimykotisch.","og_url":"https:\/\/animalslove.pl\/de\/produkt\/nasenpflege-nasenglo\/","og_site_name":"AnimalsLove.pl - Shop - Zezowate Szcz\u0119\u015bcie - Franz\u00f6sische Bulldoggenzucht","og_image":[{"width":995,"height":1024,"url":"https:\/\/animalslove.pl\/wp-content\/uploads\/2021\/11\/IMG_0140.jpg","type":"image\/jpeg"}],"twitter_card":"summary_large_image","twitter_misc":{"Gesch\u00e4tzte Lesezeit":"2\u00a0Minuten"},"schema":{"@context":"https:\/\/schema.org","@graph":[{"@type":"WebPage","@id":"https:\/\/animalslove.pl\/de\/produkt\/nasenpflege-nasenglo\/","url":"https:\/\/animalslove.pl\/de\/produkt\/nasenpflege-nasenglo\/","name":"NASENPFLEGE - NOSE GLO - AnimalsLove.pl - Shop - Zezowate Szcz\u0119\u015bcie - Franz\u00f6sische Bulldoggenzucht","isPartOf":{"@id":"https:\/\/animalslove.pl\/de\/#website"},"primaryImageOfPage":{"@id":"https:\/\/animalslove.pl\/de\/produkt\/nasenpflege-nasenglo\/#primaryimage"},"image":{"@id":"https:\/\/animalslove.pl\/de\/produkt\/nasenpflege-nasenglo\/#primaryimage"},"thumbnailUrl":"https:\/\/animalslove.pl\/wp-content\/uploads\/2021\/11\/IMG_0140.jpg","datePublished":"2021-11-10T20:22:56+00:00","breadcrumb":{"@id":"https:\/\/animalslove.pl\/de\/produkt\/nasenpflege-nasenglo\/#breadcrumb"},"inLanguage":"de","potentialAction":[{"@type":"ReadAction","target":["https:\/\/animalslove.pl\/de\/produkt\/nasenpflege-nasenglo\/"]}]},{"@type":"ImageObject","inLanguage":"de","@id":"https:\/\/animalslove.pl\/de\/produkt\/nasenpflege-nasenglo\/#primaryimage","url":"https:\/\/animalslove.pl\/wp-content\/uploads\/2021\/11\/IMG_0140.jpg","contentUrl":"https:\/\/animalslove.pl\/wp-content\/uploads\/2021\/11\/IMG_0140.jpg","width":995,"height":1024},{"@type":"BreadcrumbList","@id":"https:\/\/animalslove.pl\/de\/produkt\/nasenpflege-nasenglo\/#breadcrumb","itemListElement":[{"@type":"ListItem","position":1,"name":"Home","item":"https:\/\/animalslove.pl\/de\/home-coffee\/"},{"@type":"ListItem","position":2,"name":"Gesch\u00e4ft","item":"https:\/\/animalslove.pl\/de\/geschaeft\/"},{"@type":"ListItem","position":3,"name":"NASENPFLEGE &#8211; NOSE GLO"}]},{"@type":"WebSite","@id":"https:\/\/animalslove.pl\/de\/#website","url":"https:\/\/animalslove.pl\/de\/","name":"AnimalsLove.pl - Shop - Zezowate Szcz\u0119\u015bcie - Franz\u00f6sische Bulldoggenzucht","description":"Franz\u00f6sische Bulldoggen. Shop mit Zubeh\u00f6r f\u00fcr Hunde und Katzen. Kosmetik f\u00fcr Tiere. Schielendes \"Zezowate Szcz\u0119\u015bcie\".","potentialAction":[{"@type":"SearchAction","target":{"@type":"EntryPoint","urlTemplate":"https:\/\/animalslove.pl\/de\/?s={search_term_string}"},"query-input":{"@type":"PropertyValueSpecification","valueRequired":true,"valueName":"search_term_string"}}],"inLanguage":"de"}]}},"_links":{"self":[{"href":"https:\/\/animalslove.pl\/de\/wp-json\/wp\/v2\/product\/14725","targetHints":{"allow":["GET"]}}],"collection":[{"href":"https:\/\/animalslove.pl\/de\/wp-json\/wp\/v2\/product"}],"about":[{"href":"https:\/\/animalslove.pl\/de\/wp-json\/wp\/v2\/types\/product"}],"wp:featuredmedia":[{"embeddable":true,"href":"https:\/\/animalslove.pl\/de\/wp-json\/wp\/v2\/media\/11407"}],"wp:attachment":[{"href":"https:\/\/animalslove.pl\/de\/wp-json\/wp\/v2\/media?parent=14725"}],"wp:term":[{"taxonomy":"product_brand","embeddable":true,"href":"https:\/\/animalslove.pl\/de\/wp-json\/wp\/v2\/product_brand?post=14725"},{"taxonomy":"product_cat","embeddable":true,"href":"https:\/\/animalslove.pl\/de\/wp-json\/wp\/v2\/product_cat?post=14725"},{"taxonomy":"product_tag","embeddable":true,"href":"https:\/\/animalslove.pl\/de\/wp-json\/wp\/v2\/product_tag?post=14725"}],"curies":[{"name":"wp","href":"https:\/\/api.w.org\/{rel}","templated":true}]}}